{"id":361,"date":"2024-05-26T13:14:13","date_gmt":"2024-05-26T10:14:13","guid":{"rendered":"https:\/\/waway.eu\/lietosanas-noteikumi\/"},"modified":"2024-06-03T16:04:36","modified_gmt":"2024-06-03T13:04:36","slug":"lietosanas-noteikumi","status":"publish","type":"page","link":"https:\/\/waway.eu\/et\/lietosanas-noteikumi\/","title":{"rendered":"Kasutustingimused"},"content":{"rendered":"<div data-elementor-type=\"wp-page\" data-elementor-id=\"361\" class=\"elementor elementor-361\" data-elementor-post-type=\"page\">\n\t\t\t\t<div class=\"elementor-element elementor-element-73cc755e e-flex e-con-boxed e-con e-parent\" data-id=\"73cc755e\" data-element_type=\"container\">\n\t\t\t\t\t<div class=\"e-con-inner\">\n\t\t\t\t<div class=\"elementor-element elementor-element-11b660a1 elementor-widget elementor-widget-heading\" data-id=\"11b660a1\" data-element_type=\"widget\" data-widget_type=\"heading.default\">\n\t\t\t\t\t<h1 class=\"elementor-heading-title elementor-size-default\">Kasutustingimused<\/h1>\t\t\t\t<\/div>\n\t\t\t\t<div class=\"elementor-element elementor-element-55607e8 elementor-widget elementor-widget-text-editor\" data-id=\"55607e8\" data-element_type=\"widget\" data-widget_type=\"text-editor.default\">\n\t\t\t\t\t\t\t\t\t<p><b>1. Kasutatud terminid<\/b><\/p><p>1.1. M\u00fc\u00fcja \u2013 Timessaving (SIA &quot;Timesaving&quot;, reg nr 40003948967);<\/p><p>1.2. Ostja - M\u00fc\u00fcjalt kaupa ostetav t\u00e4isealine f\u00fc\u00fcsiline isik, alaealine (14-18-aastane), kellel on vanema v\u00f5i eestkostja luba (v.a. kui ta maksab oma sissetulekust), juriidiline isik v\u00f5i isiku volitatud esindaja;<\/p><p>1.3. Kasutustingimused \u2013 lepingud ja regulatsioonid, mis m\u00e4\u00e4ravad Ostja ja M\u00fc\u00fcja suhted, \u00f5igused, kohustused ja vastutuse;<\/p><p>1.4. Ostu-m\u00fc\u00fcgileping \u2013 Ostja ja M\u00fc\u00fcja vahel m\u00fc\u00fcgi k\u00e4igus s\u00f5lmitud leping.<\/p><p>1.5. E-pood \u2013 M\u00fc\u00fcja koduleht\/pood (www.waway.eu), mis v\u00f5imaldab tuvastada Ostja, tema broneeringuid, kontaktandmeid, makse- ja tarneinfot;<\/p><p>1.6. Tellimus \u2013 Ostja poolt ostetud kaupade nimekiri.<\/p><p>1.7. T\u00f6\u00f6p\u00e4ev - mis tahes n\u00e4dalap\u00e4ev, v\u00e4lja arvatud laup\u00e4evad, p\u00fchap\u00e4evad ja p\u00fchad, mis on L\u00e4ti seadusandluse kohaselt p\u00fchad.<\/p><p><b>2. \u00dclds\u00e4tted<\/b>\u00a0<\/p><p>2.1. K\u00e4esolevad Tingimused on juriidiline dokument, mis on m\u00f5lemale poolele siduv ja milles on s\u00e4testatud Ostja ja M\u00fc\u00fcja \u00f5igused, kohustused, ostu- ja maksetingimused, tellimuse kohaletoimetamise ja tagastamise kord ning muud m\u00fc\u00fcgiga seotud m\u00fc\u00fcgi- ja ostutingimused. m\u00fc\u00fcja kaup.<\/p><p>2.2. Enne tellimuse vormistamist peab Ostja tutvuma k\u00e4esolevate tingimustega ning kinnitama, et ta on seda teinud, esitades vajalikud andmed, s\u00f5lmides lepingud ja tarnesoovid.<\/p><p>2.3. M\u00fc\u00fcjal on \u00f5igus tingimusi igal ajal vastavalt seaduse n\u00f5uetele muuta. E-poe reeglite muudatustest teavitatakse ostjat.<\/p><p><b>3. Lepingu s\u00f5lmimise hetk<\/b><\/p><p>3.1. Leping Ostja ja M\u00fc\u00fcja vahel s\u00f5lmitakse hetkel, mil Ostja koostab e-poes tellimuse, esitab lepingu s\u00f5lmimiseks ja kauba kohaletoimetamiseks k\u00f5ik vajalikud andmed ning vajutab &quot;Vormista tellimus&quot; nuppu.<\/p><p><b>4. Ostja \u00f5igused ja kohustused<\/b><\/p><p>4.1.<b>\u00a0Taganemis\u00f5igus<\/b><\/p><p>\u00a0 \u00a0 \u00a04.1.1. E-poes ostu sooritanud ostjal on \u00f5igus 14 p\u00e4eva jooksul lepingust taganeda p\u00f5hjust avaldamata. Taganemist\u00e4htaeg l\u00f5peb 14 p\u00e4eva m\u00f6\u00f6dumisel p\u00e4evast, mil Ostja v\u00f5i Ostja m\u00e4\u00e4ratud kolmas isik peale vedaja saab kauba f\u00fc\u00fcsiliselt oma valdusesse v\u00f5i kui \u00fches tellimuses on mitu kaupa, kuid tarnitakse eraldi - p\u00e4rast 14 p\u00e4eva m\u00f6\u00f6dumist alates kauba k\u00e4ttesaamisest. p\u00e4ev, mil Ostja v\u00f5i kolmas isik, kes ei ole vedaja ja Ostja poolt m\u00e4\u00e4ratud, saab viimase asja f\u00fc\u00fcsiliselt enda valdusesse.<\/p><p>\u00a0 \u00a0 \u00a04.1.2. Taganemis\u00f5iguse kasutamiseks saadab Ostja vabas vormis e-kirja M\u00fc\u00fcja e-posti aadressile: info@<span style=\"text-align: var(--text-align); font-size: 1rem;\">waway.eu<\/span><span style=\"text-align: var(--text-align); font-size: 1rem;\">\u00a0millega ta teatab soovist toote(de)st keelduda, m\u00e4rkides \u00e4ra oma nime, perekonnanime, tellimuse numbri, tagastatava toote nimetuse, samuti andmed toote tellimise, tasumise ja k\u00e4ttesaamise kuup\u00e4eva kohta.<\/span><\/p><p>\u00a0 \u00a0 \u00a04.1.3. Kui Ostja otsustab kasutada oma ostulepingust taganemise \u00f5igust, peab Ostja viivitamata, kuid mitte hiljem kui 14 p\u00e4eva jooksul arvates Ostja poolt tellimuse k\u00e4ttesaamise p\u00e4evast kauba tagasi saatma v\u00f5i tagastama Timessavingi kauplusesse - Zemit\u0101na iela 9 k-1, Riia, LV- 1012. Taganemise t\u00e4htajast kinnipidamiseks piisab Ostja teate saatmisest e-posti aadressile info@<span style=\"font-size: 1rem; text-align: var(--text-align);\">waway.eu<\/span>\u00a0Ostja taganemis\u00f5iguse kasutamise eest enne taganemist\u00e4htaja m\u00f6\u00f6dumist.<\/p><p>\u00a0 \u00a0 \u00a04.1.4. M\u00fc\u00fcja peab 14 kalendrip\u00e4eva jooksul peale Ostja poolt tellimuse t\u00fchistamisest teatamist tagastama Ostjale kogu kauba eest tasutud summa, v\u00e4lja arvatud kauba kohaletoimetamise tasu. M\u00fc\u00fcja peab raha tagasi kuni M\u00fc\u00fcja on kauba tagasi saanud.<\/p><p>\u00a0 \u00a0 \u00a04.1.5. Tagastamine toimub samal viisil, mida Ostja kasutas maksmisel. Raha tagastatakse Ostja pangakontole, millelt kauba eest tasuti. M\u00fc\u00fcja ei vastuta tagastatud kauba eest raha tagastamata j\u00e4tmise v\u00f5i tasumisega viivitamise eest, kui Ostja on esitanud raha tagastamiseks vajalikke eba\u00f5igeid andmeid.\u00a0<\/p><p>4.2.\u00a0<b>Kauba tagastamise tingimused.\u00a0<\/b><\/p><p>\u00a0 \u00a0 \u00a04.2.1. Ostja saab kasutada \u00fcle 4.1. l\u00f5ikes 1 nimetatud \u00f5igused, kui on t\u00e4idetud k\u00f5ik j\u00e4rgmised tingimused:\u00a0<\/p><p>\u00a0 \u00a0 \u00a0 \u00a0 \u00a0 4.2.1.1. toode ei ole kahjustatud v\u00f5i selle v\u00e4limus ei ole muutunud;<\/p><p>\u00a0 \u00a0 \u00a0 \u00a0 \u00a0 4.2.1.2. tootel puuduvad kasutusj\u00e4ljed ja see on s\u00e4ilitanud oma tarbijaomadused;<\/p><p>\u00a0 \u00a0 \u00a04.2.2. Ostja vastutab kauba kvaliteedi ja ohutuse s\u00e4ilitamise eest taganemis\u00f5iguse kasutamise ajal. Ostja vastutab kauba v\u00e4\u00e4rtuse mis tahes v\u00e4henemise eest, kui kaupa on kasutatud viisil, mis ei ole koosk\u00f5las hea usu p\u00f5him\u00f5ttega, sealhulgas muul eesm\u00e4rgil kui kauba omaduste kindlaksm\u00e4\u00e4ramiseks. Toode tuleb tagastada originaalpakendis, samas seisukorras, nagu see k\u00e4tte saadi. Kui toode ei ole t\u00e4ielikult komplekteeritud, on kahjustatud, sassis v\u00f5i mitte korralikult pakitud, on M\u00fc\u00fcjal \u00f5igus j\u00e4tta toode vastu v\u00f5tmata, samuti j\u00e4tta Ostjale tagastamata toote eest tasutud raha.<\/p><p>\u00a0 \u00a0 \u00a04.2.3. M\u00fc\u00fcjal on \u00f5igus tagastatud kaupa mitte vastu v\u00f5tta, kui Ostja ei j\u00e4rgi k\u00e4esolevas artiklis toodud kauba tagastamise korda.<\/p><p>4.3.<strong>\u00a0Tagastamismeetodid.<\/strong>\u00a0Ostja saab kauba tagastada:<\/p><p>\u00a0 \u00a0 \u00a04.3.1. Ajas\u00e4\u00e4stu kaupluses - Zemitana t\u00e4nav 9 k-1, Riia, LV-1012<\/p><p>\u00a0 \u00a0 \u00a04.3.2. saates need iseteenindusterminalide kaudu Riia OMNIVA T\/C Domina Parkomata, Ieri\u0137u iela 3, Riia, m\u00e4rkides saaja kontakttelefoni +37127791653.<\/p><p>4.4.\u00a0<b>Toote kvaliteedi garantii.<\/b>\u00a0<\/p><p>\u00a0 \u00a0 \u00a04.5.1. Vastavalt 2015. aasta tarbija\u00f5iguste kaitse seadusele on tarbijal \u00f5igus raha tagastamisele v\u00f5i kauba asendamisele, kui kaubal on puudus. Sel juhul peab Ostja tagastusprotsessi algatamiseks m\u00fc\u00fcjaga kirjalikult \u00fchendust v\u00f5tma e-posti teel: info@<span style=\"font-size: 1rem; text-align: var(--text-align);\">waway.eu<\/span>\u00a0ja peate esitama oma andmed - nimi, perekonnanimi, kauba tagastamise p\u00f5hjus, tellimuse number v\u00f5i kauba eest tasumist kinnitav arve number, kontaktandmed (telefoni number v\u00f5i e-posti aadress) ja pangarekvisiidid (konto number, panga nimi ja kood). ), kauba ( -em) korral tuleb tasutud summa (v\u00f5i osa sellest) tagastada Ostja pangakontole.\u00a0<\/p><p>\u00a0 \u00a0 \u00a04.4.2. P\u00e4rast tagastatava toote k\u00e4ttesaamist kontrollib M\u00fc\u00fcja seda hoolikalt ning teavitab m\u00f5istliku aja jooksul, kuid mitte hiljem kui 14 p\u00e4eva jooksul Ostjat e-posti v\u00f5i telefoni teel, kas toode vahetatakse v\u00f5i raha tagastatakse (kui eelnev kokkulepe).<\/p><p>\u00a0 \u00a0 \u00a04.4.3. Kui Ostja taotleb raha tagastamist ja selline soov on p\u00f5hjendatud, tagastatakse kogu toote eest tasutud summa, v\u00e4lja arvatud kohaletoimetamise tasu ja paki tagastamise kulu. Raha tagastamine toimub samal viisil, mille Ostja valis kauba ostmiseks.<\/p><p>\u00a0 \u00a0 \u00a04.4.4. M\u00fc\u00fcja ei vastuta e-poes oleva kauba v\u00e4rvi, kuju v\u00f5i muude omaduste mittevastavuse eest kauba tegelikule suurusele, v\u00e4rvile ja kujule, mis on tingitud Ostja poolt kasutatava seadme kuvamisomadustest.\u00a0<\/p><p>4.5.\u00a0<b>Vastutus<\/b><\/p><p>\u00a0 \u00a0 \u00a04.5.1. Ostja vastutab t\u00e4ielikult esitatud isikuandmete \u00f5igsuse eest. Kui Ostja ei esita teatud isikuandmeid, ei vastuta M\u00fc\u00fcja sellest tulenevate tagaj\u00e4rgede eest ning tal on \u00f5igus n\u00f5uda Ostjalt otseste kahjude h\u00fcvitamist.<\/p><p>\u00a0 \u00a0 \u00a04.5.2. Ostja vastutab k\u00f5igi e-poe kasutamisel tehtud toimingute eest.<\/p><p>\u00a0 \u00a0 \u00a04.5.3. Ostja peab kauba eest tasuma ja selle vastu v\u00f5tma k\u00e4esolevates tingimustes s\u00e4testatud korras. Kui Ostja keeldub m\u00f5juva p\u00f5hjuseta tarnitud kaupa vastu v\u00f5tmast, peab Ostja M\u00fc\u00fcja n\u00f5udmisel tasuma kauba tagastamise kulu.<\/p><p>\u00a0 \u00a0 \u00a04.5.4. M\u00fc\u00fcja vabaneb igasugusest vastutusest juhul, kui Ostja, vaatamata M\u00fc\u00fcja soovitustele, ei ole k\u00e4esolevate tingimustega tutvunud, kuigi Ostjale oli selline v\u00f5imalus antud.<\/p><p><b>5. M\u00fc\u00fcja \u00f5igused ja kohustused<\/b><\/p><p>5.1. M\u00fc\u00fcjal on \u00f5igus oma \u00e4ran\u00e4gemisel m\u00e4\u00e4rata tellimuse minimaalne summa, st minimaalne summa, mille eest kaubad tasuta kohale toimetatakse.<\/p><p>5.2. Kui Ostja p\u00fc\u00fcab ohustada e-poe t\u00f6\u00f6 stabiilsust ja turvalisust v\u00f5i rikub oma kohustusi, on M\u00fc\u00fcjal \u00f5igus viivitamata ja ilma eelneva hoiatuseta peatada v\u00f5i piirata Ostja juurdep\u00e4\u00e4s e-poele.<\/p><p>5.3. P\u00e4rast tellimuse vormistamist v\u00f5tab M\u00fc\u00fcja tellimuses toodud andmete osas segaduste korral Ostjaga \u00fchendust, kasutades selleks antud kontaktandmeid. Kui M\u00fc\u00fcja ei saa Ostjaga \u00fchendust kolme (3) t\u00f6\u00f6p\u00e4eva jooksul, on M\u00fc\u00fcjal \u00f5igus tellimus ilma Ostjat ette teatamata t\u00fchistada.<\/p><p>5.4. M\u00fc\u00fcja j\u00e4tab endale \u00f5iguse igal ajal kaup veebipoest eemaldada ja muuta veebipoes olevat infot.<\/p><p>5.5. M\u00fc\u00fcja n\u00f5ustub v\u00f5imaldama Ostjal kasutada e-poe teenuseid, l\u00e4htudes k\u00e4esolevatest e-poes toodud tingimustest.<\/p><p>5.6. M\u00fc\u00fcja kohustub austama Ostja privaatsust ja \u00f5igust isikuandmetele ning t\u00f6\u00f6tlema Ostja isikuandmeid \u00fcksnes L\u00e4ti \u00f5igusaktidega kehtestatud reeglite ja protseduuride kohaselt.<\/p><p>5.7. M\u00fc\u00fcja peab kauba tarnima vastavalt k\u00e4esolevatele tingimustele Ostja poolt valitud viisil.<\/p><p>5.8. Juhtudel, kui M\u00fc\u00fcjal ei ole v\u00f5imalik e-poest tellitud kaupa tarnida sellistel etten\u00e4gematutel p\u00f5hjustel v\u00f5i kauba puudumise t\u00f5ttu, on M\u00fc\u00fcjal \u00f5igus ostu-m\u00fc\u00fcgileping \u00fcles \u00f6elda, teatades sellest Ostjale. Sel juhul saab M\u00fc\u00fcja pakkuda Ostjale teist sama kvaliteedi ja v\u00e4\u00e4rtusega toodet, teavitades sellest Ostjat Ostja poolt antud kontaktandmetel. Kui Ostja keeldub samalaadse(te) toote(de) v\u00f5i muude sarnaste parameetritega toote(de) vastuv\u00f5tmisest, tagastab M\u00fc\u00fcja Ostjale tasutud raha kolme (3) t\u00f6\u00f6p\u00e4eva jooksul p\u00e4rast asjaolu tuvastamist, kui kauba eest on tasutud. toode(d) on juba valmistatud.<\/p><p><b>6. Tellimuse tasumise kord, kohaletoimetamine, kohaletoimetamise tasu ja t\u00e4htajad<\/b><\/p><p>6.1. Ostja tasub tellimuse eest e-poes (Paysera) integreeritud maksevahenditega v\u00f5i panga\u00fclekandega, tasudes e-postiga saadetud tellimusele vastava arve. Arve koostatakse elektrooniliselt ja kehtib ilma allkirjata. Arvega tasumisel tuleb panga maksekorraldusele m\u00e4rkida tellimuse number. Kui arvet ei ole tasutud \u00fche (1) t\u00f6\u00f6p\u00e4eva jooksul, tellimus t\u00fchistatakse. Ostja e-poe tellimuse eest panga\u00fclekandega tasumisel v\u00f5ib rakenduda panga poolt m\u00e4\u00e4ratud lisatasu. Need panga\u00fclekandega seotud lisakulud kannab Ostja.<\/p><p>6.2.\u00a0<strong>Tellimuse kohaletoimetamine<\/strong>:<\/p><p>\u00a0 \u00a0 \u00a06.2.1. Ostes e-poest kaupa, tuleb Ostjal enne tellimuse eest tasumist valida kohaletoimetamise viis (pakki kohaletoimetamine v\u00f5i kulleriga kohaletoimetamine) ning m\u00e4\u00e4rata t\u00e4pne kohaletoimetamise aadress.<\/p><p>\u00a0 \u00a0 \u00a06.2.3. . M\u00fc\u00fcja vabaneb vastutusest tarnet\u00e4htajast mitte kinnipidamise eest, kui kauba kohaletoimetamine eba\u00f5nnestub v\u00f5i viibib Ostja s\u00fc\u00fcl v\u00f5i M\u00fc\u00fcjast mitteolenevatel p\u00f5hjustel.<\/p><p>\u00a0 \u00a0 \u00a06.2.4. E-poest saab tooteid Omnivaga L\u00e4tis, Eestis ja Leedus pakidesse.<\/p><p>\u00a0 \u00a0 \u00a06.2.5. Valides kohaletoimetamise viisiks Omniva paki, j\u00f5uab tellimus Ostja poolt valitud pakis 5 t\u00f6\u00f6p\u00e4eva jooksul (Leedus ja Eestis 7 t\u00f6\u00f6p\u00e4eva jooksul) peale tellimuse eest tasumist. Tellimuse vormistamisest pakis (saatmine) teavitatakse Ostjat e-posti teel. Tellimuse saabumisest pakis teavitatakse Ostjat Omniva tekstis\u00f5numiga, mis sisaldab uksekoodi, paki asukohta ja hoiut\u00e4htaega. Tellimust s\u00e4ilitatakse pakendis 7 kalendrip\u00e4eva. Peale nimetatud t\u00e4htaja m\u00f6\u00f6dumist saadetakse tellimus M\u00fc\u00fcjale tagasi. Juhul, kui Ostja ei tule tellimusele eelnimetatud t\u00e4htaja jooksul j\u00e4rgi, on Ostja kohustatud h\u00fcvitama tellimuse uuesti saatmisega seotud kulud.<\/p><p>\u00a0 \u00a0 \u00a06.2.6. Ostja kohustub tellimuse vastu v\u00f5tma v\u00f5i tellimise ajal m\u00e4\u00e4rama isiku, kes tellimuse vastu v\u00f5tab. Kui ostja (v\u00f5i tema m\u00e4\u00e4ratud isik) ei saa tellimust vastu v\u00f5tta v\u00f5i kui tellimus toimetatakse ostja m\u00e4rgitud aadressile v\u00f5i paki Omniva jaama, kuid see on m\u00e4rgitud valesti, ei ole ostjal \u00f5igust tellimust vastu v\u00f5tta. n\u00f5uded m\u00fc\u00fcja vastu tellimuse kohaletoimetamise osas.<\/p><p>6.2.7. Tellimus t\u00f6\u00f6deldakse 2 t\u00f6\u00f6p\u00e4eva jooksul. Kaup saadetakse ostja poolt m\u00e4\u00e4ratud aadressile 2-6 p\u00e4eva jooksul peale arve tasumist.<\/p><p>6.3.\u00a0<strong>Kohaletoimetamise tasu<\/strong>:<\/p><p>\u00a0 \u00a0 \u00a06.3.1. Kohaletoimetamise tasu L\u00e4ti territooriumil Omniva pakiga on 4 EUR (neli eurot) ja Omniva kulleriga 10,3 EUR (k\u00fcmme eurot ja kolmk\u00fcmmend senti).<\/p><p>\u00a0 \u00a0 \u00a06.3.3. Leedu v\u00f5i Eesti Omniva pakile saatmise tasu on 7,26 EUR (seitse eurot ja kaksk\u00fcmmend kuus senti) ja Omniva kulleriga 18,15 EUR (kaheksateist eurot ja viisteist senti).<\/p><p>\u00a0 \u00a0 \u00a06.3.4. T\u00e4pne kohaletoimetamise tasu t\u00e4psustatakse e-poes enne tellimuse kinnitamist. P\u00e4rast tellimuse kinnitamist saatmistasu ei muudeta.\u00a0<\/p><p>\u00a0 \u00a0 \u00a06.3.5. M\u00fc\u00fcja ei vastuta kunagi kauba kohaletoimetamise tingimuste rikkumise eest, kui kaupa ei tarnita Ostja s\u00fc\u00fcl v\u00f5i Ostjast tingitud asjaolude t\u00f5ttu.<\/p><p>\u00a0 \u00a0 \u00a06.3.6. Kui saadetise pakend on kahjustatud (kortsus, m\u00e4rg v\u00f5i muul viisil v\u00e4liselt kahjustatud), ese(d) on kahjustatud ja\/v\u00f5i n\u00f5uetele mittevastav, peab Ostja sellest koheselt kirjalikult M\u00fc\u00fcjat teavitama.<\/p><p><b>7. Isikuandmed\u00a0<\/b><\/p><p>7.1. Ostja peab tellimuse vormistamisel esitama isikuandmed, mis v\u00f5imaldavad M\u00fc\u00fcjal tellimuse kohaletoimetamiseks Ostja isikut tuvastada ja Ostjaga vajadusel lisateabe saamiseks \u00fchendust v\u00f5tta v\u00f5i kasutada Ostja andmeid otseturunduse eesm\u00e4rgil. (Ostja loal).<\/p><p>7.2. Ostja n\u00f5ustub tellimust vormistades, et kauba kohaletoimetamiseks vajalik suhtlus toimub Ostja poolt m\u00e4\u00e4ratud e-posti aadressi ja telefoninumbri kaudu.<\/p><p>7.3. Kui Ostja soovib, et tema e-posti aadressi v\u00f5i telefoninumbrit enam otseturunduse eesm\u00e4rgil ei kasutata, peab ta sellest M\u00fc\u00fcjat teavitama, saates vastava summa M\u00fc\u00fcja e-posti aadressile.\u00a0<span style=\"text-align: var(--text-align); font-size: 1rem;\">info@<\/span><span style=\"text-align: var(--text-align); font-size: 1rem;\">waway.eu<\/span><\/p><p>7.4. M\u00fc\u00fcja kinnitab, et Ostja isikuandmeid t\u00f6\u00f6deldakse ainult kaupade ostmise eesm\u00e4rgil, samuti kasutatakse neid otseturunduse eesm\u00e4rgil (v\u00e4lja arvatud juhul, kui Ostja teatab, et ta ei soovi oma isikuandmete kasutamist otseturunduse eesm\u00e4rgil, kuna nimetatud k\u00e4esolevate eeskirjade artiklis 7.3). M\u00fc\u00fcja n\u00f5ustub mitte avaldama Ostja isikuandmeid kolmandatele isikutele, v\u00e4lja arvatud M\u00fc\u00fcja partneritele, kes osutavad kauba kohaletoimetamist v\u00f5i muid Ostja tellimusega seotud teenuseid. K\u00f5igil muudel juhtudel v\u00f5ib M\u00fc\u00fcja avaldada Ostja isikuandmeid kolmandatele isikutele ainult koosk\u00f5las L\u00e4ti \u00f5igusaktide s\u00e4tetega.<\/p><p>7.5. M\u00fc\u00fcja ei t\u00f6\u00f6tle ega s\u00e4ilita Ostja tundlikke andmeid (maksekaardi andmeid). Maksed tehakse Montonio, Stripe&#039;i v\u00f5i PayPali kaudu.<\/p><p>7.6. Ostjal kui andmesubjektil on \u00f5igus saada teavet selle kohta, kuidas tema isikuandmeid t\u00f6\u00f6deldakse, et tal oleks v\u00f5imalik oma andmete t\u00f6\u00f6tlemist reguleerida, t\u00fchistada v\u00f5i sellele vastu seista.<\/p><p>7.7. Ostjale e-kataloogi t\u00e4ieliku funktsionaalsuse tagamiseks salvestab M\u00fc\u00fcja Ostja arvutisse (seadmesse) teatud informatsiooni, mida nimetatakse k\u00fcpsisteks. M\u00fc\u00fcja kasutab salvestatud teavet Ostja kui varasema e-poe k\u00fclastaja tuvastamiseks, tal on juurdep\u00e4\u00e4s sooritatud ostude kohta k\u00e4ivale teabele ning see teave tagab ka veebilehe k\u00fclastusstatistika s\u00e4ilimise. Ostjal on v\u00f5imalus tutvuda M\u00fc\u00fcja poolt salvestatud teabega (k\u00fcpsistega) ning Ostjal on v\u00f5imalik kustutada osa v\u00f5i k\u00f5ik salvestatud k\u00fcpsised. Samuti on Ostjal \u00f5igus vaidlustada teabe (k\u00fcpsiste) salvestamine ja kasutamine tema arvutis (seadmes), kuid sel juhul ei pruugi m\u00f5ned e-poe funktsioonid olla Ostjale k\u00e4ttesaadavad. K\u00fcpsiste kasutustingimustega n\u00f5ustudes n\u00f5ustub Ostja, et teave salvestatakse Ostja arvutisse (seadmesse). Ostja saab oma n\u00f5usoleku igal ajal tagasi v\u00f5tta, muutes oma brauseri seadeid v\u00f5i saates M\u00fc\u00fcjale p\u00e4ringu.<\/p><p>7.8. K\u00f5ik isikuandmete t\u00f6\u00f6tlemisega seotud taotlused v\u00f5i tellimused tuleb Ostjal esitada M\u00fc\u00fcjale kirjalikult. Sellise p\u00e4ringu v\u00f5i tellimuse saamisel peab M\u00fc\u00fcja vastama Ostjale kirjalikult hiljemalt kolmek\u00fcmne (30) kalendrip\u00e4eva jooksul.<\/p><p>7.9. Ostja ei v\u00f5i e-poe teenuseid kasutada, kui ta ei n\u00f5ustu k\u00e4esolevas punktis isikuandmete kaitse kohta s\u00e4testatuga.<\/p><p><b>8. L\u00f5pps\u00e4tted<\/b><\/p><p>8.1. M\u00fc\u00fcja j\u00e4tab endale \u00f5iguse k\u00e4esolevaid Tingimusi ja muid seonduvaid dokumente muuta ja t\u00e4iendada. K\u00f5ik Tingimuste muudatused ja t\u00e4iendused j\u00f5ustuvad nende e-poes avaldamise p\u00e4eval. Kui Ostja Tingimuste uue redaktsiooniga ei n\u00f5ustu, on Ostjal \u00f5igus muudatustest ja t\u00e4iendustest keelduda, kuid sellisel juhul kaotab Ostja \u00f5iguse e-poodi kasutada.\u00a0<\/p><p>8.2. Need eeskirjad on v\u00e4lja t\u00f6\u00f6tatud koosk\u00f5las L\u00e4ti seadusandlusega.<\/p><p>8.3. L\u00e4ti \u00f5igusaktid kehtivad k\u00f5ikidele selles dokumendis nimetatud s\u00e4tetest tulenevatele \u00f5igussuhetele.<\/p><p>8.4. K\u00f5ik k\u00e4esolevate m\u00e4\u00e4ruste t\u00e4itmisest tulenevad erimeelsused tuleb lahendada l\u00e4bir\u00e4\u00e4kimiste teel. Kui l\u00e4bir\u00e4\u00e4kimiste teel kokkulepet ei \u00f5nnestu saavutada, lahendatakse vaidlused vastavalt L\u00e4ti seadusandlusele.<\/p><p><b>SIA &quot;Timesaving&quot;<br \/><\/b>A\/S &quot;Swedbank&quot;, kood HABALV22<br \/>LV34HABA0551017840809<br \/>Zemitana t\u00e4nav 9 k-1, Riia, LV-1012<br \/>Reg. Ei. 40003948967<br \/>info@<span style=\"font-size: 1rem; text-align: var(--text-align);\">waway.eu<\/span><br \/>+371 67790178<\/p>\t\t\t\t\t\t\t\t<\/div>\n\t\t\t\t\t<\/div>\n\t\t\t\t<\/div>\n\t\t\t\t<\/div>","protected":false},"excerpt":{"rendered":"<p>Lieto\u0161anas noteikumi 1.Lietotie termini 1.1. P\u0101rdev\u0113js \u2013 Timesaving (SIA \u201cTimesaving\u201d, Re\u0123. Nr. 40003948967); 1.2. Pirc\u0113js \u2013 fiziska pilngad\u012bga persona, kas ieg\u0101d\u0101jas preces no P\u0101rdev\u0113ja, nepilngad\u012bga persona (no 14 l\u012bdz 18 gadiem), kam ir vec\u0101ku vai aizbild\u0146a at\u013cauja (iz\u0146emot gad\u012bjumus, kad vi\u0146\u0161\/vi\u0146a nor\u0113\u0137in\u0101s no saviem ien\u0101kumiem), juridiska persona vai personas pilnvarotais p\u0101rst\u0101vis; 1.3. Lieto\u0161anas noteikumi \u2013 [&hellip;]<\/p>","protected":false},"author":1,"featured_media":0,"parent":0,"menu_order":0,"comment_status":"closed","ping_status":"closed","template":"","meta":{"_acf_changed":false,"footnotes":""},"class_list":["post-361","page","type-page","status-publish","hentry"],"acf":[],"_links":{"self":[{"href":"https:\/\/waway.eu\/et\/wp-json\/wp\/v2\/pages\/361","targetHints":{"allow":["GET"]}}],"collection":[{"href":"https:\/\/waway.eu\/et\/wp-json\/wp\/v2\/pages"}],"about":[{"href":"https:\/\/waway.eu\/et\/wp-json\/wp\/v2\/types\/page"}],"author":[{"embeddable":true,"href":"https:\/\/waway.eu\/et\/wp-json\/wp\/v2\/users\/1"}],"replies":[{"embeddable":true,"href":"https:\/\/waway.eu\/et\/wp-json\/wp\/v2\/comments?post=361"}],"version-history":[{"count":0,"href":"https:\/\/waway.eu\/et\/wp-json\/wp\/v2\/pages\/361\/revisions"}],"wp:attachment":[{"href":"https:\/\/waway.eu\/et\/wp-json\/wp\/v2\/media?parent=361"}],"curies":[{"name":"t\u00f6\u00f6leht","href":"https:\/\/api.w.org\/{rel}","templated":true}]}}