{"id":378,"date":"2024-05-26T13:14:30","date_gmt":"2024-05-26T10:14:30","guid":{"rendered":"https:\/\/waway.eu\/privatuma-politika-2\/"},"modified":"2024-05-26T13:14:41","modified_gmt":"2024-05-26T10:14:41","slug":"privatuma-politika-2","status":"publish","type":"page","link":"https:\/\/waway.eu\/et\/privatuma-politika-2\/","title":{"rendered":"Privaatsuspoliitika"},"content":{"rendered":"<div data-elementor-type=\"wp-page\" data-elementor-id=\"378\" class=\"elementor elementor-378\" data-elementor-post-type=\"page\">\n\t\t\t\t<div class=\"elementor-element elementor-element-6672e92e e-flex e-con-boxed e-con e-parent\" data-id=\"6672e92e\" data-element_type=\"container\">\n\t\t\t\t\t<div class=\"e-con-inner\">\n\t\t\t\t<div class=\"elementor-element elementor-element-f48be75 elementor-widget elementor-widget-heading\" data-id=\"f48be75\" data-element_type=\"widget\" data-widget_type=\"heading.default\">\n\t\t\t\t\t<h1 class=\"elementor-heading-title elementor-size-default\">Privaatsuspoliitika<\/h1>\t\t\t\t<\/div>\n\t\t\t\t<div class=\"elementor-element elementor-element-6f2f428d elementor-widget elementor-widget-text-editor\" data-id=\"6f2f428d\" data-element_type=\"widget\" data-widget_type=\"text-editor.default\">\n\t\t\t\t\t\t\t\t\t<p>Meie veebisaidi aadress on:\u00a0<a href=\"https:\/\/waway.eu\/et\/\" target=\"_blank\" rel=\"noreferrer noopener\">https:\/\/www.waway.eu\/<\/a><\/p>\n<p><strong>Kohustused<\/strong>\u00a0<br \/>See privaatsuspoliitika selgitab, kuidas &quot;<a href=\"https:\/\/waway.eu\/et\/\">https:\/\/www.waway.eu\/<\/a>\u201d kogub teie kohta isikuandmeid, kuidas neid s\u00e4ilitatakse, kasutatakse ja millal neid andmeid avaldatakse, edaspidi \u201ewaway.eu\u201c tekstis \u201esait\u201c.\u00a0<\/p>\n<p>\u201eVeebisait\u201c kohustub kaitsma teie isikuandmete, mis on saadud teilt, sealhulgas nende andmete privaatsust, kui te k\u00fclastate \u201eVeebilehte\u201c. Hindame teie privaatsust ja seet\u00f5ttu on k\u00e4esolev poliitika meie veebisaidil h\u00f5lpsasti k\u00e4ttesaadav, et aidata teil m\u00f5ista, kuidas veebisaidi kasutamise ajal saadud teavet kasutatakse. Privaatsuspoliitika kirjeldab isikuandmete t\u00f6\u00f6tlemise p\u00f5hiprintsiipe.\u00a0<\/p>\n<p><strong>Teave, mida kogume<\/strong>\u00a0<br \/>&quot;Sait&quot; v\u00f5ib teie kohta koguda kahte t\u00fc\u00fcpi teavet: &quot;Anon\u00fc\u00fcmsed andmed&quot; ja &quot;Isikuandmed&quot;.\u00a0<\/p>\n<p><strong>Anon\u00fc\u00fcmsed andmed<\/strong>\u00a0<br \/>Anon\u00fc\u00fcmsed andmed koosnevad registrifailidest ja k\u00fcpsistest \u2013 need andmed ei ole isikut tuvastavad, n\u00e4iteks teie Interneti-protokolli (&quot;IP&quot;) aadress, domeen v\u00f5i teave &quot;Saidi&quot; kodulehe kasutamise kohta, mida kasutatakse ainult administratiivsetel eesm\u00e4rkidel. See veebisait kasutab t\u00f6\u00f6stusharu standardseid anal\u00fc\u00fctikapakette, mis koguvad automaatselt veebisaidi k\u00fclastajate kohta piiratud teavet ja salvestavad selle teabe serverilogide arhiivi. See teave v\u00f5ib sisaldada IP-aadressi, brauseri t\u00fc\u00fcpi, p\u00f5hilist IP-teavet, viitelehti, kasutatavat operatsioonis\u00fcsteemi ja kuup\u00e4eva\/kellaaja koode. See teave ei tuvasta \u00fcksikuid k\u00fclastajaid, seda kasutatakse lehe administreerimiseks, samuti lehe kasutuse ja trendide anal\u00fc\u00fcsimiseks.\u00a0<\/p>\n<p>K\u00fcpsiseid v\u00f5idakse kasutada veebisaidi funktsioonidele, nagu autoriseerimine ja\/v\u00f5i uuesti k\u00fclastamine, juurdep\u00e4\u00e4su h\u00f5lbustamiseks ja kiirendamiseks.  K\u00fcpsised on v\u00e4ga v\u00e4ikesed tekstifailid, mis salvestatakse personaalarvuti sirvimise eesm\u00e4rgil. Me ei seosta k\u00fcpsistesse salvestatud teavet \u00fchegi isikut tuvastava teabega, mille olete meie saidil esitanud.\u00a0<\/p>\n<p><strong>Google Analytics<\/strong>\u00a0<\/p>\n<p>See veebisait kasutab Google Analyticsit, mis aitab anal\u00fc\u00fcsida, kuidas k\u00fclastajad veebisaiti kasutavad. See t\u00f6\u00f6riist kasutab &quot;k\u00fcpsiseid&quot; ehk tekstifaile, mis paigutatakse teie arvutisse, et koguda anon\u00fc\u00fcmselt standardset Interneti-registreerimise ja k\u00fclastaja k\u00e4itumise teavet. K\u00fcpsise kogutud teave selle kohta, kuidas te veebisaiti kasutate, sealhulgas teie IP-aadress, saadetakse Google&#039;ile. Seda teavet kasutatakse selleks, et hinnata, kuidas k\u00fclastajad veebisaiti kasutavad, ja statistiliste aruannete koostamiseks lehetegevuse kohta &quot;Saidil&quot;.\u00a0<\/p>\n<p>Me ei kasuta kunagi ega luba \u00fchelgi kolmandal osapoolel seda statistilise anal\u00fc\u00fcsi t\u00f6\u00f6riista kasutada meie veebisaidi k\u00fclastajate privaatse teabe j\u00e4lgimiseks ja hankimiseks. Google ei seosta teie IP-aadressi muude Google&#039;ile k\u00e4ttesaadavate andmetega. Me ei seosta sellel veebisaidil saadud andmeid isikut tuvastava teabega, v\u00e4lja arvatud juhtudel, kui esitate teabe meie veebisaidi t\u00e4idetaval vormil.\u00a0<\/p>\n<p><strong>Isikuandmed<\/strong>\u00a0<\/p>\n<p>Isikuandmed on mis tahes andmed, mis teid isiklikult tuvastavad, nagu teie nimi, aadress, e-posti aadress v\u00f5i telefoninumber. Kogume sellist teavet, kui kasutate funktsiooni meiega \u00fchenduse v\u00f5tmiseks, t\u00e4ites \u00fche kontaktivormidest.<\/p>\n<p>Kui olete &quot;Saidi&quot; kodulehel esitanud isikut tuvastavat teavet, on teil v\u00f5imalus seda parandada, muuta v\u00f5i kustutada, kui see ei vasta t\u00f5ele.\u00a0<\/p>\n<p>Sellele veebisaidile juurdep\u00e4\u00e4suks ega selle kasutamiseks ei ole registreerimine vajalik. See veebisait v\u00f5ib aga luua foorumeid, ajaveebe, teadetetahvleid ja muid asju, mis on veebisaidi kasutajatele k\u00e4ttesaadavad. Nende funktsioonide kasutamiseks peate v\u00f5ib-olla registreeruma, eriti kui soovite kommentaare j\u00e4tta v\u00f5i artikleid lisada.\u00a0<\/p>\n<p>Kui registreerute ja esitate selle protsessi k\u00e4igus isikut tuvastavat teavet, olete kindel, et seda teavet ei jagata \u00fchegi kolmanda osapoolega ilma teie loata.\u00a0<\/p>\n<p>Kui esitate meilt uudiste saamiseks oma e-posti aadressi ja\/v\u00f5i nime, ei jagata seda teavet ilma teie loata kolmandate isikutega.\u00a0<\/p>\n<p><strong>Juurdep\u00e4\u00e4s isikut tuvastavale teabele<\/strong>\u00a0<br \/>Kui teie isikuandmed muutuvad v\u00f5i kui soovite, et meil pole enam juurdep\u00e4\u00e4su teie isikut tuvastavale teabele, v\u00f5ite taotleda selle parandamist, v\u00e4rskendamist v\u00f5i kustutamist, saates meile e-kirja, mis asub jaotises Kontakt.\u00a0<\/p>\n<p><strong>Isikuandmete t\u00f6\u00f6tlemise eesm\u00e4rgid (eesm\u00e4rgid)<\/strong>\u00a0<\/p>\n<p>&quot;Sait&quot; t\u00f6\u00f6tleb isikuandmeid j\u00e4rgmistel eesm\u00e4rkidel:\u00a0<\/p>\n<p><strong>Teenused \u00e4ritegevuse tagamiseks:\u00a0<\/strong><\/p>\n<p>\u2013 kliendi tuvastamiseks ja teenindamiseks;\u00a0<br \/>\u2013 \u00e4rilistel eesm\u00e4rkidel \u2013 reklaam ja teenuste levitamine;\u00a0<br \/>\u2013 klientide kaebuste l\u00e4bivaatamiseks ja t\u00f6\u00f6tlemiseks;\u00a0<br \/>- klientide hoidmiseks\u00a0<br \/>\u2013 veebilehe ja mobiilirakenduste t\u00f6\u00f6 hoidmiseks ja t\u00e4iustamiseks;\u00a0<br \/>\u2013 \u00e4ri anal\u00fc\u00fcsiks ja planeerimiseks;\u00a0<br \/>\u2013 statistika tegemiseks, veebilehe ja teenuste kvaliteedi t\u00f5stmiseks;\u00a0<br \/>\u2013 klientidele kohandatud sisu loomine reklaami abil.\u00a0<\/p>\n<p><strong>Riigi- v\u00f5i munitsipaalasutustele teabe edastamiseks v\u00e4listes normatiivaktides s\u00e4testatud juhtudel ja ulatuses.\u00a0<\/strong><\/p>\n<p><strong>Isikuandmete t\u00f6\u00f6tlemise \u00f5iguslik alus<\/strong>\u00a0<br \/>Kliendi isikuandmete t\u00f6\u00f6tlemise seaduslikud (seaduslikud) alused &quot;Veebisaidil&quot; on j\u00e4rgmised:\u00a0<\/p>\n<p>- normatiivaktide (seaduste) t\u00e4itmiseks - &quot;Veebi&quot; siduvates normatiivaktides (seadustes) s\u00e4testatud kohustuste t\u00e4itmiseks;\u00a0<br \/>\u2013 Kliendi n\u00f5usolek;\u00a0<br \/>\u2013 \u00f5igustatud huvid \u2013 teostada \u00f5igustloovatest aktidest (seadustest) v\u00f5i \u00abVeebilehe\u00bb ja Kliendi vahel olemasolevatest kohustustest tulenevaid \u00f5igustatud huve.\u00a0<\/p>\n<p>&quot;Saidi&quot; \u00f5igustatud huvid on:\u00a0<\/p>\n<p>\u2013 teostada \u00e4ritegevust;\u00a0<br \/>\u2013 tagada lepinguliste kohustuste t\u00e4itmine;\u00a0\u00a0<br \/>\u2013 anal\u00fc\u00fcsida kodulehe ja veebilehtede toimimist, t\u00f6\u00f6tada v\u00e4lja ja rakendada nende t\u00e4iustusi;\u00a0<br \/>\u2013 teha toiminguid klientide hoidmiseks;\u00a0<br \/>\u2013 saata muid teateid tellimuse v\u00f5i kohustuse t\u00e4itmise edenemise ja t\u00e4itmiseks oluliste tingimuste kohta;\u00a0<br \/>\u2013 p\u00f6\u00f6rduda oma \u00f5igushuvide kaitseks, samuti \u00f5igusabi saamiseks riigi- v\u00f5i kohaliku omavalitsuse institutsioonidesse ja kohtutesse;\u00a0<\/p>\n<p><strong>Kolmandad osapooled ja kolmandate isikute veebisaidid<\/strong>\u00a0<\/p>\n<p>Austame teie privaatsust ja seet\u00f5ttu hoitakse kogu sellel veebisaidil kogutud teavet konfidentsiaalsena. Seda ei m\u00fc\u00fcda ega kasutata mingil viisil, mis v\u00f5ib teid kahjustada.\u00a0<\/p>\n<p>See veebisait v\u00f5ib sisaldada linke teistele veebisaitidele, mille \u00fcle meil puudub igasugune kontroll. Palun pidage seda meeles, kui kl\u00f5psate linkidel; me ei vastuta teiste veebisaitide privaatsustavade ja poliitikate eest. Seet\u00f5ttu soovitame teil \u00fcle vaadata iga veebisaidi privaatsuspoliitika, olenemata sellest, kas meie veebisait viitab neile v\u00f5i mitte.\u00a0<\/p>\n<p><strong>N\u00f5usolek ja parandused<\/strong>\u00a0<\/p>\n<p>Kasutades &quot;Veebilehte&quot; ja\/v\u00f5i osaledes &quot;Veebilehe&quot; tegevuses, kinnitate, et n\u00f5ustute privaatsuspoliitika tingimustega. Kui te ei n\u00f5ustu selle privaatsuspoliitikaga, \u00e4rge esitage sellel veebisaidil privaatset teavet.\u00a0<\/p>\n<p>J\u00e4rgime valdkonna standardeid, et kaitsta kogu teavet, mille olete meile esitanud. Siiski tuleb m\u00e4rkida, et \u00fckski elektrooniline salvestusmeetod ei ole kunagi 100% turvaline. Seet\u00f5ttu ei saa me nagu \u00fckski teine organisatsioon garanteerida teie teabe absoluutset turvalisust.\u00a0<\/p>\n<p>&quot;Sait&quot; v\u00f5ib teha privaatsuspoliitikas muudatusi igal ajal ja oma \u00e4ran\u00e4gemise j\u00e4rgi. Muudatused j\u00f5ustuvad p\u00e4rast nende avaldamist kodulehel. Teie kohustus on see privaatsuspoliitika perioodiliselt \u00fcle vaadata, et olla kursis k\u00f5igi muudatustega.\u00a0<\/p>\n<p><strong>Jurisdiktsioon<\/strong>\u00a0<\/p>\n<p>J\u00e4tame endale \u00f5iguse avalikustada teie isikut tuvastavat teavet vastavalt seadusele ja kui usume, et avaldamine on vajalik meie \u00f5iguste kaitsmiseks ja\/v\u00f5i \u00f5igustoimingute, kohtukutse v\u00f5i kohtuprotsessi j\u00e4rgimiseks.\u00a0<\/p>\n<p><strong>Kontaktid<\/strong>\u00a0<\/p>\n<p>SIA &quot;Timesaving&quot;<br \/>Zemitana t\u00e4nav 9 k-1, Riia, LV-1012<br \/>Reg nr: 40003948967<br \/>info@waway.eu<\/p>\n<p><strong>Seda privaatsuspoliitikat uuendati viimati 24<\/strong><strong>.05.2024.<\/strong>\u00a0<\/p>\t\t\t\t\t\t\t\t<\/div>\n\t\t\t\t\t<\/div>\n\t\t\t\t<\/div>\n\t\t\t\t<\/div>","protected":false},"excerpt":{"rendered":"<p>Priv\u0101tuma politika M\u016bsu vietnes adrese ir:\u00a0https:\/\/www.waway.eu\/ Saist\u012bbas\u00a0\u0160\u012b Priv\u0101tuma politika paskaidro to, k\u0101 \u201chttps:\/\/www.waway.eu\/\u201d iev\u0101c par Jums person\u012bgos datus, k\u0101 tos glab\u0101, izmanto un kad izpau\u017e \u0161os datus, turpm\u0101k \u201cwaway.eu\u201d tekst\u0101 apz\u012bm\u0113ta ar \u201cVietne\u201d.\u00a0 \u201cVietne\u201d ap\u0146emas aizsarg\u0101t J\u016bsu person\u012bgo datu priv\u0101tumu, kuri tiek ieg\u016bti no Jums, taj\u0101 skait\u0101 datus, kas tiek ieg\u016bti, kad J\u016bs apmekl\u0113jat \u201cVietne\u201d. [&hellip;]<\/p>","protected":false},"author":1,"featured_media":0,"parent":0,"menu_order":0,"comment_status":"closed","ping_status":"closed","template":"","meta":{"_acf_changed":false,"footnotes":""},"class_list":["post-378","page","type-page","status-publish","hentry"],"acf":[],"_links":{"self":[{"href":"https:\/\/waway.eu\/et\/wp-json\/wp\/v2\/pages\/378","targetHints":{"allow":["GET"]}}],"collection":[{"href":"https:\/\/waway.eu\/et\/wp-json\/wp\/v2\/pages"}],"about":[{"href":"https:\/\/waway.eu\/et\/wp-json\/wp\/v2\/types\/page"}],"author":[{"embeddable":true,"href":"https:\/\/waway.eu\/et\/wp-json\/wp\/v2\/users\/1"}],"replies":[{"embeddable":true,"href":"https:\/\/waway.eu\/et\/wp-json\/wp\/v2\/comments?post=378"}],"version-history":[{"count":0,"href":"https:\/\/waway.eu\/et\/wp-json\/wp\/v2\/pages\/378\/revisions"}],"wp:attachment":[{"href":"https:\/\/waway.eu\/et\/wp-json\/wp\/v2\/media?parent=378"}],"curies":[{"name":"t\u00f6\u00f6leht","href":"https:\/\/api.w.org\/{rel}","templated":true}]}}