{"id":1039,"date":"2024-09-11T16:34:22","date_gmt":"2024-09-11T13:34:22","guid":{"rendered":"https:\/\/waway.eu\/?post_type=product&#038;p=1039"},"modified":"2025-09-15T10:03:23","modified_gmt":"2025-09-15T07:03:23","slug":"beeline-velo-2-adapteris","status":"publish","type":"product","link":"https:\/\/waway.eu\/et\/produkti\/beeline-velo-2-adapteris\/","title":{"rendered":"Beeline Velo 2 adapter"},"content":{"rendered":"","protected":false},"excerpt":{"rendered":"<p>Adapterisisend Velo 2 jaoks kasutamiseks paljude teiste jalgrattanavigatsioonikinnitustega*<br \/>\n<strong><br \/>\nMida sisaldab:<\/strong><br \/>\nVelo 2 adapteri sisestus<br \/>\nadapteri kruvid x 2<\/p>\n<p>*Velo 2 kinnitusadapteri sisestus on m\u00f5eldud kasutamiseks kolmanda osapoole rattakompuutri alustega, millel on 32 mm l\u00e4bim\u00f5\u00f5duga kinnituspesa s\u00fcvend, mille keermed on kinnitusesse integreeritud. Adapter ei \u00fchildu kinnitusdetailidega, mille sisek\u00fcljel on keermed. Lisateabe saamiseks vaadake <a href=\"https:\/\/youtu.be\/18sHHv7kVjU?list=TLGGfoIDby7qt40xMTA5MjAyNA\" target=\"_blank\" rel=\"noopener\">paigaldusvideo.<\/a><\/p>","protected":false},"featured_media":1265,"template":"","meta":{"_acf_changed":false},"product_brand":[40],"product_cat":[34],"product_tag":[],"class_list":{"0":"post-1039","1":"product","2":"type-product","3":"status-publish","4":"has-post-thumbnail","6":"product_brand-beeline","7":"product_cat-navigacija-ritenbrauksanai","9":"first","10":"instock","11":"taxable","12":"shipping-taxable","13":"purchasable","14":"product-type-simple"},"acf":[],"_links":{"self":[{"href":"https:\/\/waway.eu\/et\/wp-json\/wp\/v2\/product\/1039","targetHints":{"allow":["GET"]}}],"collection":[{"href":"https:\/\/waway.eu\/et\/wp-json\/wp\/v2\/product"}],"about":[{"href":"https:\/\/waway.eu\/et\/wp-json\/wp\/v2\/types\/product"}],"wp:featuredmedia":[{"embeddable":true,"href":"https:\/\/waway.eu\/et\/wp-json\/wp\/v2\/media\/1265"}],"wp:attachment":[{"href":"https:\/\/waway.eu\/et\/wp-json\/wp\/v2\/media?parent=1039"}],"wp:term":[{"taxonomy":"product_brand","embeddable":true,"href":"https:\/\/waway.eu\/et\/wp-json\/wp\/v2\/product_brand?post=1039"},{"taxonomy":"product_cat","embeddable":true,"href":"https:\/\/waway.eu\/et\/wp-json\/wp\/v2\/product_cat?post=1039"},{"taxonomy":"product_tag","embeddable":true,"href":"https:\/\/waway.eu\/et\/wp-json\/wp\/v2\/product_tag?post=1039"}],"curies":[{"name":"t\u00f6\u00f6leht","href":"https:\/\/api.w.org\/{rel}","templated":true}]}}