{"id":1045,"date":"2024-09-11T16:44:11","date_gmt":"2024-09-11T13:44:11","guid":{"rendered":"https:\/\/waway.eu\/?post_type=product&#038;p=1045"},"modified":"2026-05-11T16:20:49","modified_gmt":"2026-05-11T13:20:49","slug":"beeline-moto-2-macins","status":"publish","type":"product","link":"https:\/\/waway.eu\/et\/produkti\/beeline-moto-2-macins\/","title":{"rendered":"Beeline Moto 2 rahakott"},"content":{"rendered":"","protected":false},"excerpt":{"rendered":"<p>Sellel lukuga EVA k\u00f5val \u00fcmbrisel on pehme polsterdatud sisemus, kus on ruumi Beeline Moto II ja laadimiskaabli jaoks.<\/p>\n<p>Komplekti kuulub mugav karabiiniklamber, mis hoiab Beeline\u2019i mugavalt koti v\u00f5i v\u00f6\u00f6 k\u00fcljes.<\/p>\n<p><strong>Omadused:<\/strong><br \/>\nPeakott avaneb pooleldi korpuse \u00fchel k\u00fcljel, et tarvikud p\u00fcsiksid paigal<br \/>\nElastne rihm korpuse teisel k\u00fcljel, et seadet paigal hoida<\/p>","protected":false},"featured_media":397,"template":"","meta":{"_acf_changed":false},"product_brand":[40],"product_cat":[33],"product_tag":[37],"class_list":{"0":"post-1045","1":"product","2":"type-product","3":"status-publish","4":"has-post-thumbnail","6":"product_brand-beeline","7":"product_cat-motociklu-navigacija","8":"product_tag-moto-2","10":"first","11":"instock","12":"taxable","13":"shipping-taxable","14":"purchasable","15":"product-type-simple"},"acf":[],"_links":{"self":[{"href":"https:\/\/waway.eu\/et\/wp-json\/wp\/v2\/product\/1045","targetHints":{"allow":["GET"]}}],"collection":[{"href":"https:\/\/waway.eu\/et\/wp-json\/wp\/v2\/product"}],"about":[{"href":"https:\/\/waway.eu\/et\/wp-json\/wp\/v2\/types\/product"}],"wp:featuredmedia":[{"embeddable":true,"href":"https:\/\/waway.eu\/et\/wp-json\/wp\/v2\/media\/397"}],"wp:attachment":[{"href":"https:\/\/waway.eu\/et\/wp-json\/wp\/v2\/media?parent=1045"}],"wp:term":[{"taxonomy":"product_brand","embeddable":true,"href":"https:\/\/waway.eu\/et\/wp-json\/wp\/v2\/product_brand?post=1045"},{"taxonomy":"product_cat","embeddable":true,"href":"https:\/\/waway.eu\/et\/wp-json\/wp\/v2\/product_cat?post=1045"},{"taxonomy":"product_tag","embeddable":true,"href":"https:\/\/waway.eu\/et\/wp-json\/wp\/v2\/product_tag?post=1045"}],"curies":[{"name":"t\u00f6\u00f6leht","href":"https:\/\/api.w.org\/{rel}","templated":true}]}}