{"id":1051,"date":"2024-09-11T16:47:15","date_gmt":"2024-09-11T13:47:15","guid":{"rendered":"https:\/\/waway.eu\/?post_type=product&#038;p=1051"},"modified":"2026-05-11T16:18:21","modified_gmt":"2026-05-11T13:18:21","slug":"beeline-moto-2-universalais-stiprinajums","status":"publish","type":"product","link":"https:\/\/waway.eu\/et\/produkti\/beeline-moto-2-universalais-stiprinajums\/","title":{"rendered":"Beeline Moto 2 universaalne kinnitus"},"content":{"rendered":"","protected":false},"excerpt":{"rendered":"<p>Selle lihtsa, madala profiiliga ja kerge kinnituse saab kinnitada peaaegu igale vardale, olenemata kujust v\u00f5i suurusest, et teie Moto II kindlalt kinni hoida.<\/p>\n<p>Kaasasolevad elastsed ribad sobivad enamiku kangide jaoks, kuid kui teil on eriti suured v\u00f5i v\u00e4ikesed stanged, v\u00f5ite kasutada ka teiste suurustega ribasid, mis on laialt saadaval.<\/p>\n<p>Komplektiga on kaasas hall silikoonkummist kaitsealus, mis aitab vardadest tihedalt kinni hoida ja hoiab neid ideaalses seisukorras.<\/p>","protected":false},"featured_media":1052,"template":"","meta":{"_acf_changed":false},"product_brand":[40],"product_cat":[33],"product_tag":[37],"class_list":{"0":"post-1051","1":"product","2":"type-product","3":"status-publish","4":"has-post-thumbnail","6":"product_brand-beeline","7":"product_cat-motociklu-navigacija","8":"product_tag-moto-2","10":"first","11":"instock","12":"taxable","13":"shipping-taxable","14":"purchasable","15":"product-type-simple"},"acf":[],"_links":{"self":[{"href":"https:\/\/waway.eu\/et\/wp-json\/wp\/v2\/product\/1051","targetHints":{"allow":["GET"]}}],"collection":[{"href":"https:\/\/waway.eu\/et\/wp-json\/wp\/v2\/product"}],"about":[{"href":"https:\/\/waway.eu\/et\/wp-json\/wp\/v2\/types\/product"}],"wp:featuredmedia":[{"embeddable":true,"href":"https:\/\/waway.eu\/et\/wp-json\/wp\/v2\/media\/1052"}],"wp:attachment":[{"href":"https:\/\/waway.eu\/et\/wp-json\/wp\/v2\/media?parent=1051"}],"wp:term":[{"taxonomy":"product_brand","embeddable":true,"href":"https:\/\/waway.eu\/et\/wp-json\/wp\/v2\/product_brand?post=1051"},{"taxonomy":"product_cat","embeddable":true,"href":"https:\/\/waway.eu\/et\/wp-json\/wp\/v2\/product_cat?post=1051"},{"taxonomy":"product_tag","embeddable":true,"href":"https:\/\/waway.eu\/et\/wp-json\/wp\/v2\/product_tag?post=1051"}],"curies":[{"name":"t\u00f6\u00f6leht","href":"https:\/\/api.w.org\/{rel}","templated":true}]}}