{"id":1169,"date":"2025-06-18T10:00:33","date_gmt":"2025-06-18T07:00:33","guid":{"rendered":"https:\/\/waway.eu\/?post_type=product&#038;p=1169"},"modified":"2026-05-11T16:12:09","modified_gmt":"2026-05-11T13:12:09","slug":"moto-ii-daksas-stumbra-stiprinajums","status":"publish","type":"product","link":"https:\/\/waway.eu\/et\/produkti\/moto-ii-daksas-stumbra-stiprinajums\/","title":{"rendered":"Moto II kahvli varre kinnitus"},"content":{"rendered":"","protected":false},"excerpt":{"rendered":"<p data-start=\"58\" data-end=\"337\">See kinnitus sobib ideaalselt klambriga lenkstangi jaoks m\u00f5eldud mootorratastele. Alus sobib kahvli varre keskmisesse auku. Asetage oma Moto II lenkstangi vastu v\u00f5i kasutage seadme nurga ja asendi reguleerimiseks kaasasolevaid mooduldetaile.<\/p>\n<p data-start=\"339\" data-end=\"362\"><strong data-start=\"339\" data-end=\"362\">Pakett sisaldab:<\/strong><\/p>\n<ul data-start=\"364\" data-end=\"605\">\n<li data-start=\"364\" data-end=\"395\">\n<p data-start=\"366\" data-end=\"395\">Kahvli varre kinnitus<\/p>\n<\/li>\n<li data-start=\"396\" data-end=\"460\">\n<p data-start=\"398\" data-end=\"460\">V\u00e4ike vaher\u00f5ngas (l\u00e4bim\u00f5\u00f5t 12 mm kuni 18,5 mm)<\/p>\n<\/li>\n<li data-start=\"461\" data-end=\"528\">\n<p data-start=\"463\" data-end=\"528\">Suur vaher\u00f5ngas (l\u00e4bim\u00f5\u00f5t 18,5 mm kuni 25,4 mm)<\/p>\n<\/li>\n<li data-start=\"529\" data-end=\"577\">\n<p data-start=\"531\" data-end=\"577\">Modulaarne paigalduspikenduskomplekt<\/p>\n<\/li>\n<li data-start=\"578\" data-end=\"605\">\n<p data-start=\"580\" data-end=\"605\">Kiirjuhend<strong data-start=\"57\" data-end=\"146\">Paigaldamiseks on vaja 2,5 mm ja 4 mm kuuskantv\u00f5tmeid (ei kuulu komplekti).<\/strong><br data-start=\"146\" data-end=\"149\" \/>\u00dchildub Moto II seadmetega ja ka originaalsete Moto seadmetega, kasutades originaalset Moto-Moto II kinnitusadapterit.<\/p>\n<\/li>\n<\/ul>","protected":false},"featured_media":1176,"template":"","meta":{"_acf_changed":false},"product_brand":[40],"product_cat":[33],"product_tag":[36,37],"class_list":{"0":"post-1169","1":"product","2":"type-product","3":"status-publish","4":"has-post-thumbnail","6":"product_brand-beeline","7":"product_cat-motociklu-navigacija","8":"product_tag-moto","9":"product_tag-moto-2","11":"first","12":"instock","13":"taxable","14":"shipping-taxable","15":"purchasable","16":"product-type-simple"},"acf":[],"_links":{"self":[{"href":"https:\/\/waway.eu\/et\/wp-json\/wp\/v2\/product\/1169","targetHints":{"allow":["GET"]}}],"collection":[{"href":"https:\/\/waway.eu\/et\/wp-json\/wp\/v2\/product"}],"about":[{"href":"https:\/\/waway.eu\/et\/wp-json\/wp\/v2\/types\/product"}],"wp:featuredmedia":[{"embeddable":true,"href":"https:\/\/waway.eu\/et\/wp-json\/wp\/v2\/media\/1176"}],"wp:attachment":[{"href":"https:\/\/waway.eu\/et\/wp-json\/wp\/v2\/media?parent=1169"}],"wp:term":[{"taxonomy":"product_brand","embeddable":true,"href":"https:\/\/waway.eu\/et\/wp-json\/wp\/v2\/product_brand?post=1169"},{"taxonomy":"product_cat","embeddable":true,"href":"https:\/\/waway.eu\/et\/wp-json\/wp\/v2\/product_cat?post=1169"},{"taxonomy":"product_tag","embeddable":true,"href":"https:\/\/waway.eu\/et\/wp-json\/wp\/v2\/product_tag?post=1169"}],"curies":[{"name":"t\u00f6\u00f6leht","href":"https:\/\/api.w.org\/{rel}","templated":true}]}}