{"id":1177,"date":"2025-06-18T10:06:24","date_gmt":"2025-06-18T07:06:24","guid":{"rendered":"https:\/\/waway.eu\/?post_type=product&#038;p=1177"},"modified":"2026-05-11T16:11:18","modified_gmt":"2026-05-11T13:11:18","slug":"moto-ii-1-collas-lodveida-stiprinajuma-adapteris","status":"publish","type":"product","link":"https:\/\/waway.eu\/et\/produkti\/moto-ii-1-collas-lodveida-stiprinajuma-adapteris\/","title":{"rendered":"Moto II 1-tollise kuulkinnituse adapter"},"content":{"rendered":"","protected":false},"excerpt":{"rendered":"<p data-start=\"50\" data-end=\"188\">See adapter \u00fchildub paljude 1-tolliste kuulkinnituste ja klambritega, v\u00f5imaldades teil oma Moto II h\u00f5lpsalt ja enneolematu paindlikkusega paigaldada.<\/p>\n<p data-start=\"190\" data-end=\"213\"><strong data-start=\"190\" data-end=\"213\">Pakett sisaldab:<\/strong><\/p>\n<ul data-start=\"215\" data-end=\"285\">\n<li data-start=\"215\" data-end=\"259\">\n<p data-start=\"217\" data-end=\"259\">1-tolline kuulkinnitusadapter<\/p>\n<\/li>\n<li data-start=\"260\" data-end=\"285\">\n<p data-start=\"262\" data-end=\"285\">Kiirjuhend<\/p>\n<\/li>\n<\/ul>\n<p><strong data-start=\"51\" data-end=\"141\">Paigaldamiseks on vaja 2,5 mm ja 4 mm kuuskantv\u00f5tmeid (ei kuulu komplekti).<\/strong><br data-start=\"141\" data-end=\"144\" \/>\u00dchildub Moto II seadmetega ja ka originaalsete Moto seadmetega, kasutades originaalset Moto-Moto II kinnitusadapterit.<\/p>","protected":false},"featured_media":1180,"template":"","meta":{"_acf_changed":false},"product_brand":[40],"product_cat":[33],"product_tag":[36,37],"class_list":{"0":"post-1177","1":"product","2":"type-product","3":"status-publish","4":"has-post-thumbnail","6":"product_brand-beeline","7":"product_cat-motociklu-navigacija","8":"product_tag-moto","9":"product_tag-moto-2","11":"first","12":"instock","13":"taxable","14":"shipping-taxable","15":"purchasable","16":"product-type-simple"},"acf":[],"_links":{"self":[{"href":"https:\/\/waway.eu\/et\/wp-json\/wp\/v2\/product\/1177","targetHints":{"allow":["GET"]}}],"collection":[{"href":"https:\/\/waway.eu\/et\/wp-json\/wp\/v2\/product"}],"about":[{"href":"https:\/\/waway.eu\/et\/wp-json\/wp\/v2\/types\/product"}],"wp:featuredmedia":[{"embeddable":true,"href":"https:\/\/waway.eu\/et\/wp-json\/wp\/v2\/media\/1180"}],"wp:attachment":[{"href":"https:\/\/waway.eu\/et\/wp-json\/wp\/v2\/media?parent=1177"}],"wp:term":[{"taxonomy":"product_brand","embeddable":true,"href":"https:\/\/waway.eu\/et\/wp-json\/wp\/v2\/product_brand?post=1177"},{"taxonomy":"product_cat","embeddable":true,"href":"https:\/\/waway.eu\/et\/wp-json\/wp\/v2\/product_cat?post=1177"},{"taxonomy":"product_tag","embeddable":true,"href":"https:\/\/waway.eu\/et\/wp-json\/wp\/v2\/product_tag?post=1177"}],"curies":[{"name":"t\u00f6\u00f6leht","href":"https:\/\/api.w.org\/{rel}","templated":true}]}}