{"id":1404,"date":"2026-03-05T13:41:43","date_gmt":"2026-03-05T11:41:43","guid":{"rendered":"https:\/\/waway.eu\/?post_type=product&#038;p=1404"},"modified":"2026-05-13T19:36:47","modified_gmt":"2026-05-13T16:36:47","slug":"moto-2-classic-stures-stiena-stiprinajums","status":"publish","type":"product","link":"https:\/\/waway.eu\/et\/produkti\/moto-2-classic-stures-stiena-stiprinajums\/","title":{"rendered":"Moto 2 klassikaline lenkstangi kinnitus"},"content":{"rendered":"","protected":false},"excerpt":{"rendered":"<p data-start=\"0\" data-end=\"218\">Lihtne ja stiilne must anodeeritud lenkstangi kinnitus sobib ideaalselt standardse lenkstangi jaoks. Kinnitusdetaili saab lenkstangi kumerate osade jaoks erinevatesse asenditesse p\u00f6\u00f6rata.<\/p>\n<p data-start=\"220\" data-end=\"243\"><strong data-start=\"220\" data-end=\"243\">Pakett sisaldab:<\/strong><\/p>\n<ul data-start=\"244\" data-end=\"376\" data-is-last-node=\"\" data-is-only-node=\"\">\n<li data-start=\"244\" data-end=\"281\">\n<p data-start=\"246\" data-end=\"281\">Metallist lenkstangklambri kinnitus<\/p>\n<\/li>\n<li data-start=\"282\" data-end=\"376\" data-is-last-node=\"\">\n<p data-start=\"284\" data-end=\"322\">Vaher\u00f5ngad j\u00e4rgmiste lenkstangi l\u00e4bim\u00f5\u00f5tude jaoks:<\/p>\n<ul data-start=\"325\" data-end=\"376\" data-is-last-node=\"\">\n<li data-start=\"325\" data-end=\"336\">\n<p data-start=\"327\" data-end=\"336\">22,2 mm<\/p>\n<\/li>\n<li data-start=\"339\" data-end=\"350\">\n<p data-start=\"341\" data-end=\"350\">25,4 mm<\/p>\n<\/li>\n<li data-start=\"353\" data-end=\"364\">\n<p data-start=\"355\" data-end=\"364\">28,6 mm<\/p>\n<\/li>\n<li data-start=\"367\" data-end=\"376\" data-is-last-node=\"\">\n<p data-start=\"369\" data-end=\"376\" data-is-last-node=\"\">31,8 mm<\/p>\n<\/li>\n<\/ul>\n<\/li>\n<\/ul>\n<p><strong>M\u00e4rkused:<\/strong><\/p>\n<p data-start=\"0\" data-end=\"202\">Originaal <strong data-start=\"12\" data-end=\"28\">Beeline&#039;i moto<\/strong> Lenkstangi kinnitusklamber on meie enimm\u00fc\u00fcdud kinnitus. Kasutajatele meeldib selle v\u00e4limus ja vastupidavus, kuid selles uues versioonis oleme disaini j\u00e4rgmistel viisidel t\u00e4iustanud:<\/p>\n<ul data-start=\"204\" data-end=\"521\">\n<li data-start=\"204\" data-end=\"315\">\n<p data-start=\"206\" data-end=\"315\">Hingedega klamber ja \u00fches t\u00fckis m\u00e4rgistatud vahet\u00fckk muudavad paigaldamise lihtsamaks ja v\u00e4hendavad osade arvu.<\/p>\n<\/li>\n<li data-start=\"316\" data-end=\"414\">\n<p data-start=\"318\" data-end=\"414\">Peamine kinnituskruvi on peidetud kinnitusdetaili alla, luues puhtama ja elegantsema v\u00e4limuse.<\/p>\n<\/li>\n<li data-start=\"415\" data-end=\"521\">\n<p data-start=\"417\" data-end=\"521\">Suuremad ja pikemad kruvikeermed aitavad v\u00e4ltida kinnitusdetailide l\u00f5dvenemist ja kruvipeade kulumist.<\/p>\n<\/li>\n<\/ul>\n<p data-start=\"523\" data-end=\"676\" data-is-last-node=\"\" data-is-only-node=\"\">Kinnitus on m\u00f5eldud paigaldamiseks mootorratta lenkstangile ja kaasasolevad vahet\u00fckid v\u00f5imaldavad seda reguleerida vastavalt k\u00f5ige levinumatele lenkstangide l\u00e4bim\u00f5\u00f5tudele.<\/p>","protected":false},"featured_media":1405,"template":"","meta":{"_acf_changed":false},"product_brand":[40],"product_cat":[33],"product_tag":[37],"class_list":{"0":"post-1404","1":"product","2":"type-product","3":"status-publish","4":"has-post-thumbnail","6":"product_brand-beeline","7":"product_cat-motociklu-navigacija","8":"product_tag-moto-2","10":"first","11":"instock","12":"taxable","13":"shipping-taxable","14":"purchasable","15":"product-type-simple"},"acf":[],"_links":{"self":[{"href":"https:\/\/waway.eu\/et\/wp-json\/wp\/v2\/product\/1404","targetHints":{"allow":["GET"]}}],"collection":[{"href":"https:\/\/waway.eu\/et\/wp-json\/wp\/v2\/product"}],"about":[{"href":"https:\/\/waway.eu\/et\/wp-json\/wp\/v2\/types\/product"}],"wp:featuredmedia":[{"embeddable":true,"href":"https:\/\/waway.eu\/et\/wp-json\/wp\/v2\/media\/1405"}],"wp:attachment":[{"href":"https:\/\/waway.eu\/et\/wp-json\/wp\/v2\/media?parent=1404"}],"wp:term":[{"taxonomy":"product_brand","embeddable":true,"href":"https:\/\/waway.eu\/et\/wp-json\/wp\/v2\/product_brand?post=1404"},{"taxonomy":"product_cat","embeddable":true,"href":"https:\/\/waway.eu\/et\/wp-json\/wp\/v2\/product_cat?post=1404"},{"taxonomy":"product_tag","embeddable":true,"href":"https:\/\/waway.eu\/et\/wp-json\/wp\/v2\/product_tag?post=1404"}],"curies":[{"name":"t\u00f6\u00f6leht","href":"https:\/\/api.w.org\/{rel}","templated":true}]}}