{"id":386,"date":"2024-05-26T13:14:31","date_gmt":"2024-05-26T10:14:31","guid":{"rendered":"http:\/\/beeadmin"},"modified":"2026-05-11T15:53:46","modified_gmt":"2026-05-11T12:53:46","slug":"beeline-velo-2-navigacija","status":"publish","type":"product","link":"https:\/\/waway.eu\/et\/produkti\/beeline-velo-2-navigacija\/","title":{"rendered":"Beeline Velo 2 navigatsioon"},"content":{"rendered":"","protected":false},"excerpt":{"rendered":"<p><strong>J\u00e4rgmise p\u00f5lvkonna navigatsiooniseade jalgratastele.<\/strong><\/p>\n<p>Navigatsiooniseade Beeline Velo 2 on teie lihtne ja elegantne liitlane paremaks rattas\u00f5iduks. Kompaktne disain n\u00e4eb hea v\u00e4lja igal jalgrattal ja selge liides annab kogu vajaliku teabe \u00fche pilguga.<\/p>\n<p>Marsruudi planeerimine rakenduses Beeline on lihtne ja lihtne. Lisaks saate Beeline Smart Routingu patenteeritud teede hindamise s\u00fcsteemi kasutades kasu tuhandetest juhtidest, kes on valitud distantsil olnud enne teid.<\/p>\n<p><strong>T\u00e4ielik komplekt:<\/strong><\/p>\n<ul>\n<li>Velo 2 navigatsiooniseade<\/li>\n<li>USB-C laadimiskaabel<\/li>\n<li>Universaalne juhtraua kinnitus<\/li>\n<li>Kasutusjuhend<\/li>\n<\/ul>\n<p><strong>NB!<\/strong>\u00a0Beeline Velo 2 vajab t\u00f6\u00f6tamiseks nutitelefoni ja Bluetooth-\u00fchendust. Beeline Velo 2 on m\u00f5eldud jalgrattas\u00f5iduks ja ei \u00fchildu mootorrattamarsruutidega.<\/p>","protected":false},"featured_media":1340,"template":"","meta":{"_acf_changed":false},"product_brand":[40],"product_cat":[34],"product_tag":[35],"class_list":{"0":"post-386","1":"product","2":"type-product","3":"status-publish","4":"has-post-thumbnail","6":"product_brand-beeline","7":"product_cat-navigacija-ritenbrauksanai","8":"product_tag-navigacija","10":"first","11":"instock","12":"taxable","13":"shipping-taxable","14":"purchasable","15":"product-type-simple"},"acf":[],"_links":{"self":[{"href":"https:\/\/waway.eu\/et\/wp-json\/wp\/v2\/product\/386","targetHints":{"allow":["GET"]}}],"collection":[{"href":"https:\/\/waway.eu\/et\/wp-json\/wp\/v2\/product"}],"about":[{"href":"https:\/\/waway.eu\/et\/wp-json\/wp\/v2\/types\/product"}],"wp:featuredmedia":[{"embeddable":true,"href":"https:\/\/waway.eu\/et\/wp-json\/wp\/v2\/media\/1340"}],"wp:attachment":[{"href":"https:\/\/waway.eu\/et\/wp-json\/wp\/v2\/media?parent=386"}],"wp:term":[{"taxonomy":"product_brand","embeddable":true,"href":"https:\/\/waway.eu\/et\/wp-json\/wp\/v2\/product_brand?post=386"},{"taxonomy":"product_cat","embeddable":true,"href":"https:\/\/waway.eu\/et\/wp-json\/wp\/v2\/product_cat?post=386"},{"taxonomy":"product_tag","embeddable":true,"href":"https:\/\/waway.eu\/et\/wp-json\/wp\/v2\/product_tag?post=386"}],"curies":[{"name":"t\u00f6\u00f6leht","href":"https:\/\/api.w.org\/{rel}","templated":true}]}}