{"id":390,"date":"2024-05-26T13:14:33","date_gmt":"2024-05-26T10:14:33","guid":{"rendered":"http:\/\/beeadmin"},"modified":"2026-05-11T16:23:57","modified_gmt":"2026-05-11T13:23:57","slug":"beeline-velo-2-universals-stiprinajums","status":"publish","type":"product","link":"https:\/\/waway.eu\/et\/produkti\/beeline-velo-2-universals-stiprinajums\/","title":{"rendered":"Beeline Velo 2 universaalne kinnitus"},"content":{"rendered":"","protected":false},"excerpt":{"rendered":"<p>Selle lihtsa, madala profiiliga ja kerge kinnituse saab kinnitada peaaegu iga juhtraua k\u00fclge, olenemata kujust v\u00f5i suurusest.<\/p>\n<p>Kaasasolevad kummipaelad sobivad k\u00f5ige rohkem, kuid kui sul on eriti suur v\u00f5i v\u00e4ike lenks, v\u00f5ib kasutada ka teistes suurustes rihmasid, mis on laialt saadaval.<\/p>\n<p>Sisaldab silikoonkummist kaitsep\u00f5hja, mis aitab hoida vardaid ideaalses seisukorras.<\/p>","protected":false},"featured_media":391,"template":"","meta":{"_acf_changed":false},"product_brand":[40],"product_cat":[34],"product_tag":[],"class_list":{"0":"post-390","1":"product","2":"type-product","3":"status-publish","4":"has-post-thumbnail","6":"product_brand-beeline","7":"product_cat-navigacija-ritenbrauksanai","9":"first","10":"instock","11":"taxable","12":"shipping-taxable","13":"purchasable","14":"product-type-simple"},"acf":[],"_links":{"self":[{"href":"https:\/\/waway.eu\/et\/wp-json\/wp\/v2\/product\/390","targetHints":{"allow":["GET"]}}],"collection":[{"href":"https:\/\/waway.eu\/et\/wp-json\/wp\/v2\/product"}],"about":[{"href":"https:\/\/waway.eu\/et\/wp-json\/wp\/v2\/types\/product"}],"wp:featuredmedia":[{"embeddable":true,"href":"https:\/\/waway.eu\/et\/wp-json\/wp\/v2\/media\/391"}],"wp:attachment":[{"href":"https:\/\/waway.eu\/et\/wp-json\/wp\/v2\/media?parent=390"}],"wp:term":[{"taxonomy":"product_brand","embeddable":true,"href":"https:\/\/waway.eu\/et\/wp-json\/wp\/v2\/product_brand?post=390"},{"taxonomy":"product_cat","embeddable":true,"href":"https:\/\/waway.eu\/et\/wp-json\/wp\/v2\/product_cat?post=390"},{"taxonomy":"product_tag","embeddable":true,"href":"https:\/\/waway.eu\/et\/wp-json\/wp\/v2\/product_tag?post=390"}],"curies":[{"name":"t\u00f6\u00f6leht","href":"https:\/\/api.w.org\/{rel}","templated":true}]}}