{"id":394,"date":"2024-05-26T13:14:35","date_gmt":"2024-05-26T10:14:35","guid":{"rendered":"http:\/\/beeadmin"},"modified":"2026-05-11T16:23:08","modified_gmt":"2026-05-11T13:23:08","slug":"beeline-velo-2-kata-stiprinajums","status":"publish","type":"product","link":"https:\/\/waway.eu\/et\/produkti\/beeline-velo-2-kata-stiprinajums\/","title":{"rendered":"Beeline Velo 2 varrekinnitus"},"content":{"rendered":"","protected":false},"excerpt":{"rendered":"<p>Integreerige oma Velo 2 sujuvalt oma rattaga. Vahetage lihtsalt varre kate selle adapteriga ja minge.<\/p>\n<p>\u00dchildub k\u00f5igi standardsete 1- ja 1\/8-tolliste k\u00f5rvaklappide kattega, mis on m\u00f5eldud asendama t\u00fc\u00fcpiliste keermeta k\u00f5rvaklappide varrekorki*<\/p>\n<p>Mida sisaldab:<br \/>\n\u2022 Varrekorgi alus<br \/>\n\u2022 Varrekorgi kruvi<br \/>\n\u2022 Navigatsioonikinnitus<\/p>","protected":false},"featured_media":1359,"template":"","meta":{"_acf_changed":false},"product_brand":[40],"product_cat":[34],"product_tag":[],"class_list":{"0":"post-394","1":"product","2":"type-product","3":"status-publish","4":"has-post-thumbnail","6":"product_brand-beeline","7":"product_cat-navigacija-ritenbrauksanai","9":"first","10":"instock","11":"taxable","12":"shipping-taxable","13":"purchasable","14":"product-type-simple"},"acf":[],"_links":{"self":[{"href":"https:\/\/waway.eu\/et\/wp-json\/wp\/v2\/product\/394","targetHints":{"allow":["GET"]}}],"collection":[{"href":"https:\/\/waway.eu\/et\/wp-json\/wp\/v2\/product"}],"about":[{"href":"https:\/\/waway.eu\/et\/wp-json\/wp\/v2\/types\/product"}],"wp:featuredmedia":[{"embeddable":true,"href":"https:\/\/waway.eu\/et\/wp-json\/wp\/v2\/media\/1359"}],"wp:attachment":[{"href":"https:\/\/waway.eu\/et\/wp-json\/wp\/v2\/media?parent=394"}],"wp:term":[{"taxonomy":"product_brand","embeddable":true,"href":"https:\/\/waway.eu\/et\/wp-json\/wp\/v2\/product_brand?post=394"},{"taxonomy":"product_cat","embeddable":true,"href":"https:\/\/waway.eu\/et\/wp-json\/wp\/v2\/product_cat?post=394"},{"taxonomy":"product_tag","embeddable":true,"href":"https:\/\/waway.eu\/et\/wp-json\/wp\/v2\/product_tag?post=394"}],"curies":[{"name":"t\u00f6\u00f6leht","href":"https:\/\/api.w.org\/{rel}","templated":true}]}}