{"id":396,"date":"2024-05-26T13:14:36","date_gmt":"2024-05-26T10:14:36","guid":{"rendered":"http:\/\/beeadmin"},"modified":"2026-05-11T16:22:29","modified_gmt":"2026-05-11T13:22:29","slug":"beeline-velo-2-macins","status":"publish","type":"product","link":"https:\/\/waway.eu\/et\/produkti\/beeline-velo-2-macins\/","title":{"rendered":"Beeline Velo 2 rahakott"},"content":{"rendered":"","protected":false},"excerpt":{"rendered":"<p>Sellel lukuga EVA k\u00f5val \u00fcmbrisel on pehme polsterdatud sisemus, kus on ruumi Velo 2 ja laadimiskaabli jaoks.<\/p>\n<p>Kaasas k\u00e4ep\u00e4rane karabiiniklamber, mis hoiab Velo 2 mugavalt koti v\u00f5i v\u00f6\u00f6 k\u00fclge kinnitatud.<\/p>","protected":false},"featured_media":397,"template":"","meta":{"_acf_changed":false},"product_brand":[40],"product_cat":[34],"product_tag":[],"class_list":{"0":"post-396","1":"product","2":"type-product","3":"status-publish","4":"has-post-thumbnail","6":"product_brand-beeline","7":"product_cat-navigacija-ritenbrauksanai","9":"first","10":"instock","11":"taxable","12":"shipping-taxable","13":"purchasable","14":"product-type-simple"},"acf":[],"_links":{"self":[{"href":"https:\/\/waway.eu\/et\/wp-json\/wp\/v2\/product\/396","targetHints":{"allow":["GET"]}}],"collection":[{"href":"https:\/\/waway.eu\/et\/wp-json\/wp\/v2\/product"}],"about":[{"href":"https:\/\/waway.eu\/et\/wp-json\/wp\/v2\/types\/product"}],"wp:featuredmedia":[{"embeddable":true,"href":"https:\/\/waway.eu\/et\/wp-json\/wp\/v2\/media\/397"}],"wp:attachment":[{"href":"https:\/\/waway.eu\/et\/wp-json\/wp\/v2\/media?parent=396"}],"wp:term":[{"taxonomy":"product_brand","embeddable":true,"href":"https:\/\/waway.eu\/et\/wp-json\/wp\/v2\/product_brand?post=396"},{"taxonomy":"product_cat","embeddable":true,"href":"https:\/\/waway.eu\/et\/wp-json\/wp\/v2\/product_cat?post=396"},{"taxonomy":"product_tag","embeddable":true,"href":"https:\/\/waway.eu\/et\/wp-json\/wp\/v2\/product_tag?post=396"}],"curies":[{"name":"t\u00f6\u00f6leht","href":"https:\/\/api.w.org\/{rel}","templated":true}]}}