{"id":611,"date":"2024-05-30T09:39:08","date_gmt":"2024-05-30T06:39:08","guid":{"rendered":"https:\/\/waway.eu\/?post_type=product&#038;p=611"},"modified":"2026-05-11T22:20:52","modified_gmt":"2026-05-11T19:20:52","slug":"beeline-moto-2-navigacija","status":"publish","type":"product","link":"https:\/\/waway.eu\/et\/produkti\/beeline-moto-2-navigacija\/","title":{"rendered":"Beeline Moto 2 navigatsioon"},"content":{"rendered":"","protected":false},"excerpt":{"rendered":"<p><strong>J\u00e4rgmise p\u00f5lvkonna navigatsiooniseade mootorratastele.<\/strong><\/p>\n<p>Usaldusv\u00e4\u00e4rne partner teel, et edukalt valitud sihtkohta j\u00f5uda, n\u00e4idates t\u00e4pset reisikiirust koos \u00fcksikasjaliku navigeerimise ja p\u00f5hjaliku reisistatistikaga.<\/p>\n<p>14-tunnise aku kasutusajaga vee- ja p\u00f5rutuskindel Moto 2 ei ole mitte ainult oma tehniliste omaduste t\u00f5ttu ideaalne kaaslane igaks s\u00f5iduks, vaid sobib ka esteetiliselt h\u00f5lpsasti igat t\u00fc\u00fcpi mootorratastega.<\/p>\n<p><strong>T\u00e4ielik komplekt:<\/strong><\/p>\n<ul>\n<li>Navigatsiooniseade Beeline Moto 2<\/li>\n<li>USB-C laadimiskaabel<\/li>\n<li>Universaalne, paindlik rihmakinnitus<\/li>\n<li>Kasutusjuhend<\/li>\n<\/ul>\n<p><strong><br \/>\nLisavalikud:<\/strong><\/p>\n<ul>\n<li>Hoiatused kiiruspiirangute kohta (kui need on saadaval)<\/li>\n<li>Reisi j\u00e4lgimise ja jagamise valikud<\/li>\n<li>GPX marsruudi import\/eksport<\/li>\n<li>Toetab maailma s\u00f5itjatele 8 keelt<\/li>\n<li>L\u00f5busad ja kiired marsruudi planeerimise v\u00f5imalused<\/li>\n<li>P\u00f6\u00f6ramishoiatused \u2013 LED ja seadme k\u00f5lar<\/li>\n<\/ul>\n<p><strong>NB!<\/strong> Beeline Moto 2\/Moto 2 Metal vajab t\u00f6\u00f6tamiseks nutitelefoni ja Bluetooth-\u00fchendust.<\/p>","protected":false},"featured_media":615,"template":"","meta":{"_acf_changed":false},"product_brand":[40],"product_cat":[33],"product_tag":[37,43,35],"class_list":{"0":"post-611","1":"product","2":"type-product","3":"status-publish","4":"has-post-thumbnail","6":"product_brand-beeline","7":"product_cat-motociklu-navigacija","8":"product_tag-moto-2","9":"product_tag-nav-new","10":"product_tag-navigacija","12":"first","13":"instock","14":"taxable","15":"shipping-taxable","16":"purchasable","17":"product-type-variable","18":"has-default-attributes"},"acf":[],"_links":{"self":[{"href":"https:\/\/waway.eu\/et\/wp-json\/wp\/v2\/product\/611","targetHints":{"allow":["GET"]}}],"collection":[{"href":"https:\/\/waway.eu\/et\/wp-json\/wp\/v2\/product"}],"about":[{"href":"https:\/\/waway.eu\/et\/wp-json\/wp\/v2\/types\/product"}],"wp:featuredmedia":[{"embeddable":true,"href":"https:\/\/waway.eu\/et\/wp-json\/wp\/v2\/media\/615"}],"wp:attachment":[{"href":"https:\/\/waway.eu\/et\/wp-json\/wp\/v2\/media?parent=611"}],"wp:term":[{"taxonomy":"product_brand","embeddable":true,"href":"https:\/\/waway.eu\/et\/wp-json\/wp\/v2\/product_brand?post=611"},{"taxonomy":"product_cat","embeddable":true,"href":"https:\/\/waway.eu\/et\/wp-json\/wp\/v2\/product_cat?post=611"},{"taxonomy":"product_tag","embeddable":true,"href":"https:\/\/waway.eu\/et\/wp-json\/wp\/v2\/product_tag?post=611"}],"curies":[{"name":"t\u00f6\u00f6leht","href":"https:\/\/api.w.org\/{rel}","templated":true}]}}