{"id":656,"date":"2024-05-30T10:36:03","date_gmt":"2024-05-30T07:36:03","guid":{"rendered":"https:\/\/waway.eu\/?post_type=product&#038;p=656"},"modified":"2026-05-12T13:10:29","modified_gmt":"2026-05-12T10:10:29","slug":"moto-2-spogula-un-skersstiena-stiprinajums","status":"publish","type":"product","link":"https:\/\/waway.eu\/et\/produkti\/moto-2-spogula-un-skersstiena-stiprinajums\/","title":{"rendered":"Moto 2 peegli ja risttala kinnitus"},"content":{"rendered":"","protected":false},"excerpt":{"rendered":"<p>See must anodeeritud metallist kinnitus sobib suurep\u00e4raselt peegli vartele v\u00f5i risttaladele. Moto 2 jaoks sobivaima asendi leidmiseks saate klambri, kinnituspea ja kinnitusdetailide asendeid p\u00f6\u00f6rata.<\/p>\n<p><strong>Mida sisaldab:<\/strong><\/p>\n<p>Metallist peegli ja p\u00f5iktala kinnitus<br \/>\nVahet\u00fckid j\u00e4rgmiste varraste l\u00e4bim\u00f5\u00f5tude jaoks:<br \/>\n10 mm<br \/>\n12 mm<br \/>\n14 mm<br \/>\n16 mm<\/p>\n<p><strong>M\u00e4rkused:<\/strong><\/p>\n<p>See uus peeglikinnituse disain on meie algse disainiga v\u00f5rreldes lihtsam ja kergem lahendus, kasutades uue vardaklambri kinnitusega p\u00f6\u00f6rdeklambri konstruktsiooni.<\/p>\n<p>Hingeklamber ja \u00fches t\u00fckis vahet\u00fckk muudab paigaldamise lihtsamaks ja v\u00e4hendab osade arvu.<br \/>\nPeamine klambrikruvi on peidetud kinnitusdetailide alla, luues puhtama ja saledama v\u00e4limuse.<br \/>\nSuuremad ja pikemad kruvikeermed, mis aitavad v\u00e4ltida kinnitusdetailide l\u00f5dvenemist ja kruvide \u00fcmardamist.<br \/>\nKlambri eemaldamine kinnituspoldi k\u00fcljest h\u00f5lbustab kasutajatel osade lahtiv\u00f5tmist ja vahetamist. Seal on silikoonosa, mis hoiab lahtiv\u00f5tmise ajal uut libisevat lukustusmutrit.<br \/>\nLihtsam reguleerida, mitme asendiga (toimib n\u00fc\u00fcd \u00f5igesti vasakpoolsete peeglite vartel).<br \/>\nKinnitus on ette n\u00e4htud paigaldamiseks \u00fcmmarguse profiiliga tahavaatepeeglitele ja kaasasolevad vahet\u00fckid v\u00f5imaldavad seda paigaldada enamlevinud diameetritele. Seda saab paigaldada ka \u00f5hukestele lisavarrastele ja ristlattidele, mida tavaliselt leidub seiklus- ja krossiratastel.<\/p>","protected":false},"featured_media":657,"template":"","meta":{"_acf_changed":false},"product_brand":[40],"product_cat":[33],"product_tag":[37],"class_list":{"0":"post-656","1":"product","2":"type-product","3":"status-publish","4":"has-post-thumbnail","6":"product_brand-beeline","7":"product_cat-motociklu-navigacija","8":"product_tag-moto-2","10":"first","11":"instock","12":"taxable","13":"shipping-taxable","14":"purchasable","15":"product-type-simple"},"acf":[],"_links":{"self":[{"href":"https:\/\/waway.eu\/et\/wp-json\/wp\/v2\/product\/656","targetHints":{"allow":["GET"]}}],"collection":[{"href":"https:\/\/waway.eu\/et\/wp-json\/wp\/v2\/product"}],"about":[{"href":"https:\/\/waway.eu\/et\/wp-json\/wp\/v2\/types\/product"}],"wp:featuredmedia":[{"embeddable":true,"href":"https:\/\/waway.eu\/et\/wp-json\/wp\/v2\/media\/657"}],"wp:attachment":[{"href":"https:\/\/waway.eu\/et\/wp-json\/wp\/v2\/media?parent=656"}],"wp:term":[{"taxonomy":"product_brand","embeddable":true,"href":"https:\/\/waway.eu\/et\/wp-json\/wp\/v2\/product_brand?post=656"},{"taxonomy":"product_cat","embeddable":true,"href":"https:\/\/waway.eu\/et\/wp-json\/wp\/v2\/product_cat?post=656"},{"taxonomy":"product_tag","embeddable":true,"href":"https:\/\/waway.eu\/et\/wp-json\/wp\/v2\/product_tag?post=656"}],"curies":[{"name":"t\u00f6\u00f6leht","href":"https:\/\/api.w.org\/{rel}","templated":true}]}}