{"id":666,"date":"2024-05-30T10:46:48","date_gmt":"2024-05-30T07:46:48","guid":{"rendered":"https:\/\/waway.eu\/?post_type=product&#038;p=666"},"modified":"2026-05-11T15:52:13","modified_gmt":"2026-05-11T12:52:13","slug":"moto-2-stures-stiena-stiprinajums","status":"publish","type":"product","link":"https:\/\/waway.eu\/et\/produkti\/moto-2-stures-stiena-stiprinajums\/","title":{"rendered":"Moto 2 juhtraua kinnitus"},"content":{"rendered":"","protected":false},"excerpt":{"rendered":"<p>Lihtne ja stiilne must anodeeritud juhtraua kinnitus sobib suurep\u00e4raselt standardse juhtraua l\u00e4bim\u00f5\u00f5duga mootorratastele. Kinnitusosa saab p\u00f6\u00f6rata erinevatesse asenditesse.<\/p>\n<p><strong>Mida sisaldab:<\/strong><\/p>\n<ul>\n<li>Metallist varda klambri kinnitus<\/li>\n<li>Vahet\u00fckid j\u00e4rgmiste varraste l\u00e4bim\u00f5\u00f5tude jaoks:\n<ul>\n<li>22,2 mm<\/li>\n<li>25,4 mm<\/li>\n<li>28,6 mm<\/li>\n<li>31,8 mm<\/li>\n<\/ul>\n<\/li>\n<\/ul>\n<p><strong>M\u00e4rkused:<\/strong><\/p>\n<p>Algne Beeline Moto juhtraua kinnitus on meie enimm\u00fc\u00fcdud kinnitus. Kasutajad armastavad selle v\u00e4limust ja vastupidavust, kuid selle uue versiooni puhul oleme disaini t\u00e4iustanud j\u00e4rgmiselt.<\/p>\n<ul>\n<li>Hingedega klamber ja \u00fches t\u00fckis kaubam\u00e4rgiga vahet\u00fckk muudab paigaldamise lihtsamaks ja v\u00e4hendab osade arvu.<\/li>\n<li>Peamine klambrikruvi on peidetud kinnitusdetailide alla, luues puhtama ja saledama v\u00e4limuse.<\/li>\n<li>Suuremad ja pikemad kruvikeermed, mis aitavad v\u00e4ltida kinnitusdetailide l\u00f5dvenemist ja kruvide \u00fcmardamist.<\/li>\n<li>Kinnitus on m\u00f5eldud paigaldamiseks mootorratta juhtraua k\u00fclge ja kaasasolevad vahet\u00fckid v\u00f5imaldavad seda paigaldada enamlevinud l\u00e4bim\u00f5\u00f5tudele.<\/li>\n<\/ul>","protected":false},"featured_media":676,"template":"","meta":{"_acf_changed":false},"product_brand":[40],"product_cat":[33],"product_tag":[37],"class_list":{"0":"post-666","1":"product","2":"type-product","3":"status-publish","4":"has-post-thumbnail","6":"product_brand-beeline","7":"product_cat-motociklu-navigacija","8":"product_tag-moto-2","10":"first","11":"outofstock","12":"taxable","13":"shipping-taxable","14":"purchasable","15":"product-type-simple"},"acf":[],"_links":{"self":[{"href":"https:\/\/waway.eu\/et\/wp-json\/wp\/v2\/product\/666","targetHints":{"allow":["GET"]}}],"collection":[{"href":"https:\/\/waway.eu\/et\/wp-json\/wp\/v2\/product"}],"about":[{"href":"https:\/\/waway.eu\/et\/wp-json\/wp\/v2\/types\/product"}],"wp:featuredmedia":[{"embeddable":true,"href":"https:\/\/waway.eu\/et\/wp-json\/wp\/v2\/media\/676"}],"wp:attachment":[{"href":"https:\/\/waway.eu\/et\/wp-json\/wp\/v2\/media?parent=666"}],"wp:term":[{"taxonomy":"product_brand","embeddable":true,"href":"https:\/\/waway.eu\/et\/wp-json\/wp\/v2\/product_brand?post=666"},{"taxonomy":"product_cat","embeddable":true,"href":"https:\/\/waway.eu\/et\/wp-json\/wp\/v2\/product_cat?post=666"},{"taxonomy":"product_tag","embeddable":true,"href":"https:\/\/waway.eu\/et\/wp-json\/wp\/v2\/product_tag?post=666"}],"curies":[{"name":"t\u00f6\u00f6leht","href":"https:\/\/api.w.org\/{rel}","templated":true}]}}