{"id":685,"date":"2024-05-30T10:58:55","date_gmt":"2024-05-30T07:58:55","guid":{"rendered":"https:\/\/waway.eu\/?post_type=product&#038;p=685"},"modified":"2026-05-11T16:19:11","modified_gmt":"2026-05-11T13:19:11","slug":"moto-2-ladetaja-stiprinajuma-ieliktnis","status":"publish","type":"product","link":"https:\/\/waway.eu\/et\/produkti\/moto-2-ladetaja-stiprinajuma-ieliktnis\/","title":{"rendered":"Moto 2 laadija kinnituse sisestus"},"content":{"rendered":"","protected":false},"excerpt":{"rendered":"<p>\u00c4rge kunagi muretsege, et teie Moto 2 toide saab t\u00fchjaks. See laadijakinnituse sisestus v\u00f5imaldab mis tahes \u00fchilduvat alust* muuta nii, et teie Moto II oleks s\u00f5idu ajal vaevata laadida.<\/p>\n<ul>\n<li>Lihtne paigaldus<\/li>\n<li>\u00dchendab otse 12V jalgrattaaku klemmidega<\/li>\n<li>Reguleeritav suund \u00fclemise v\u00f5i alumise kaabli v\u00e4ljap\u00e4\u00e4suga<\/li>\n<li>Ilmastikukindel, tihendatud disain vahetatava tihvtiga<\/li>\n<li>Automaatne toitel\u00fclitus aku t\u00fchjenemise v\u00e4ltimiseks<\/li>\n<\/ul>\n<p><strong>NB! <\/strong>Ei \u00fchildu <strong>universaalne kinnitus.<\/strong><\/p>\n<p><strong>Mida sisaldab:<\/strong><\/p>\n<ul>\n<li>Laadija kinnitussisestus<\/li>\n<li>Pikendatud kinnitusdetailide kruvid<\/li>\n<li>2-meetrine 12V akukaabel koos klemmidega<\/li>\n<li>2 x plastikust p\u00f6\u00f6rdklambrid<\/li>\n<\/ul>\n<p>&nbsp;<\/p>\n<p><strong>M\u00e4rkused:<\/strong><\/p>\n<p>See laadija kinnitusdetailid on m\u00f5eldud teie Moto 2 laadimiseks s\u00f5idu ajal. See on m\u00f5eldud \u00fchendamiseks mootorratta akuga r\u00f5ngasklemmide kaudu, nagu on tavaline ka muude tarvikute, n\u00e4iteks mootorrataste k\u00fclge kinnitatavate soojendusk\u00e4epidemete puhul.<\/p>\n<p>Disain v\u00f5imaldab k\u00f5iki kinnitusi (v.a universaalne) seadmele kohandada. Paigaldamiseks tuleb algne kinnitussiseosa alusest eemaldada ja seej\u00e4rel sisestada toiteallika vahet\u00fckk. Laadija kinnitusdetailidel on kolm erinevat kruvi, nii et selle saab kinnitada k\u00f5igi erinevate kinnitusv\u00f5imaluste k\u00fclge.<\/p>\n<p>See kasutab seadme laadimiseks Pogo kontakte, kasutades seadme p\u00f5hjas asuvaid kontakte. Korrosiooniprobleemide v\u00e4ltimiseks on mitmeid disainifunktsioone, mis v\u00f5ivad seda t\u00fc\u00fcpi laadimiskinnitust tavaliselt m\u00f5jutada teiste navigatsioonitoodete puhul. Korrosioon v\u00f5ib tekkida, kuna kinnitusdetail j\u00e4etakse halva ilma korral t\u00f5en\u00e4oliselt pikaks ajaks v\u00e4lja.<\/p>\n<p>Toitekinnituse sisendi saab paigaldada nii, et kaabli v\u00e4ljalaskeava on \u00fcleval v\u00f5i all. Seadmes olev alaldi kiip tagab selle, v\u00f5imaldades kontaktil saada positiivse v\u00f5i negatiivse laengu.<\/p>","protected":false},"featured_media":686,"template":"","meta":{"_acf_changed":false},"product_brand":[40],"product_cat":[33],"product_tag":[37],"class_list":{"0":"post-685","1":"product","2":"type-product","3":"status-publish","4":"has-post-thumbnail","6":"product_brand-beeline","7":"product_cat-motociklu-navigacija","8":"product_tag-moto-2","10":"first","11":"instock","12":"taxable","13":"shipping-taxable","14":"purchasable","15":"product-type-simple"},"acf":[],"_links":{"self":[{"href":"https:\/\/waway.eu\/et\/wp-json\/wp\/v2\/product\/685","targetHints":{"allow":["GET"]}}],"collection":[{"href":"https:\/\/waway.eu\/et\/wp-json\/wp\/v2\/product"}],"about":[{"href":"https:\/\/waway.eu\/et\/wp-json\/wp\/v2\/types\/product"}],"wp:featuredmedia":[{"embeddable":true,"href":"https:\/\/waway.eu\/et\/wp-json\/wp\/v2\/media\/686"}],"wp:attachment":[{"href":"https:\/\/waway.eu\/et\/wp-json\/wp\/v2\/media?parent=685"}],"wp:term":[{"taxonomy":"product_brand","embeddable":true,"href":"https:\/\/waway.eu\/et\/wp-json\/wp\/v2\/product_brand?post=685"},{"taxonomy":"product_cat","embeddable":true,"href":"https:\/\/waway.eu\/et\/wp-json\/wp\/v2\/product_cat?post=685"},{"taxonomy":"product_tag","embeddable":true,"href":"https:\/\/waway.eu\/et\/wp-json\/wp\/v2\/product_tag?post=685"}],"curies":[{"name":"t\u00f6\u00f6leht","href":"https:\/\/api.w.org\/{rel}","templated":true}]}}