{"id":700,"date":"2024-05-30T11:09:12","date_gmt":"2024-05-30T08:09:12","guid":{"rendered":"https:\/\/waway.eu\/?post_type=product&#038;p=700"},"modified":"2026-04-13T13:36:01","modified_gmt":"2026-04-13T10:36:01","slug":"moto-2-ieliktnis-moto-stiprinajumiem","status":"publish","type":"product","link":"https:\/\/waway.eu\/et\/produkti\/moto-2-ieliktnis-moto-stiprinajumiem\/","title":{"rendered":"Moto 2 sisestus Moto kinnitustele"},"content":{"rendered":"","protected":false},"excerpt":{"rendered":"<p>Teisendage Beeline Moto originaalseadmetele m\u00f5eldud esmaklassilised alused t\u00f6\u00f6tama koos Moto II seadmetega. Pange t\u00e4hele, et sellel on neli kinnituse &quot;tiiva&quot; sisenemis\u00f5\u00f5nsust kahe vanema kinnituse konstruktsiooni asemel.<\/p>\n<p><strong>Mida sisaldab:<\/strong><\/p>\n<p>Moto II originaal Beeline Moto Mount Adapteri sisestusega<\/p>\n<p><strong>M\u00e4rkused:<\/strong><\/p>\n<p>See kinnitussisestus v\u00f5imaldab Moto II-d (ja Velo 2-t) kasutada originaalsete Beeline Moto kinnitustega (pange t\u00e4hele, et sisestuse k\u00fcljel on v\u00e4ike ringikujuline lokaator, mida Moto II stiilis kinnitusdetailidel ei ole). Uue siset\u00fckiga tuleks kasutada sama kruvi, mis oli kinnitusega kaasas.<\/p>","protected":false},"featured_media":701,"template":"","meta":{"_acf_changed":false},"product_brand":[40],"product_cat":[33],"product_tag":[37],"class_list":{"0":"post-700","1":"product","2":"type-product","3":"status-publish","4":"has-post-thumbnail","6":"product_brand-beeline","7":"product_cat-motociklu-navigacija","8":"product_tag-moto-2","10":"first","11":"instock","12":"taxable","13":"shipping-taxable","14":"purchasable","15":"product-type-simple"},"acf":[],"_links":{"self":[{"href":"https:\/\/waway.eu\/et\/wp-json\/wp\/v2\/product\/700","targetHints":{"allow":["GET"]}}],"collection":[{"href":"https:\/\/waway.eu\/et\/wp-json\/wp\/v2\/product"}],"about":[{"href":"https:\/\/waway.eu\/et\/wp-json\/wp\/v2\/types\/product"}],"wp:featuredmedia":[{"embeddable":true,"href":"https:\/\/waway.eu\/et\/wp-json\/wp\/v2\/media\/701"}],"wp:attachment":[{"href":"https:\/\/waway.eu\/et\/wp-json\/wp\/v2\/media?parent=700"}],"wp:term":[{"taxonomy":"product_brand","embeddable":true,"href":"https:\/\/waway.eu\/et\/wp-json\/wp\/v2\/product_brand?post=700"},{"taxonomy":"product_cat","embeddable":true,"href":"https:\/\/waway.eu\/et\/wp-json\/wp\/v2\/product_cat?post=700"},{"taxonomy":"product_tag","embeddable":true,"href":"https:\/\/waway.eu\/et\/wp-json\/wp\/v2\/product_tag?post=700"}],"curies":[{"name":"t\u00f6\u00f6leht","href":"https:\/\/api.w.org\/{rel}","templated":true}]}}