{"id":703,"date":"2024-05-30T11:13:54","date_gmt":"2024-05-30T08:13:54","guid":{"rendered":"https:\/\/waway.eu\/?post_type=product&#038;p=703"},"modified":"2026-04-13T13:36:38","modified_gmt":"2026-04-13T10:36:38","slug":"moto-ieliktnis-moto-2-stiprinajumiem","status":"publish","type":"product","link":"https:\/\/waway.eu\/et\/produkti\/moto-ieliktnis-moto-2-stiprinajumiem\/","title":{"rendered":"Moto sisestus Moto 2 kinnitustele"},"content":{"rendered":"","protected":false},"excerpt":{"rendered":"<p>Teisendage Moto II esmaklassilised alused t\u00f6\u00f6tama originaalsete Beeline Moto seadmetega. Pange t\u00e4hele, et sellel on uuendatud kinnituse nelja asemel ainult kaks kinnituse &quot;tiiva&quot; sisend\u00f5\u00f5nsust.<\/p>\n<p><strong>Mida sisaldab:<\/strong><\/p>\n<ul>\n<li>Originaal Beeline Moto to Moto II kinnitusadapteri sisestus<\/li>\n<\/ul>\n<p><strong>M\u00e4rkused:<\/strong><\/p>\n<p>See kinnitusdetail v\u00f5imaldab kasutada originaalseid Beeline Moto seadmeid koos uute Moto 2 alustega.<\/p>","protected":false},"featured_media":704,"template":"","meta":{"_acf_changed":false},"product_brand":[40],"product_cat":[33],"product_tag":[36,37],"class_list":{"0":"post-703","1":"product","2":"type-product","3":"status-publish","4":"has-post-thumbnail","6":"product_brand-beeline","7":"product_cat-motociklu-navigacija","8":"product_tag-moto","9":"product_tag-moto-2","11":"first","12":"instock","13":"taxable","14":"shipping-taxable","15":"purchasable","16":"product-type-simple"},"acf":[],"_links":{"self":[{"href":"https:\/\/waway.eu\/et\/wp-json\/wp\/v2\/product\/703","targetHints":{"allow":["GET"]}}],"collection":[{"href":"https:\/\/waway.eu\/et\/wp-json\/wp\/v2\/product"}],"about":[{"href":"https:\/\/waway.eu\/et\/wp-json\/wp\/v2\/types\/product"}],"wp:featuredmedia":[{"embeddable":true,"href":"https:\/\/waway.eu\/et\/wp-json\/wp\/v2\/media\/704"}],"wp:attachment":[{"href":"https:\/\/waway.eu\/et\/wp-json\/wp\/v2\/media?parent=703"}],"wp:term":[{"taxonomy":"product_brand","embeddable":true,"href":"https:\/\/waway.eu\/et\/wp-json\/wp\/v2\/product_brand?post=703"},{"taxonomy":"product_cat","embeddable":true,"href":"https:\/\/waway.eu\/et\/wp-json\/wp\/v2\/product_cat?post=703"},{"taxonomy":"product_tag","embeddable":true,"href":"https:\/\/waway.eu\/et\/wp-json\/wp\/v2\/product_tag?post=703"}],"curies":[{"name":"t\u00f6\u00f6leht","href":"https:\/\/api.w.org\/{rel}","templated":true}]}}