{"id":361,"date":"2024-05-26T13:14:13","date_gmt":"2024-05-26T10:14:13","guid":{"rendered":"https:\/\/waway.eu\/lietosanas-noteikumi\/"},"modified":"2024-06-03T16:04:36","modified_gmt":"2024-06-03T13:04:36","slug":"lietosanas-noteikumi","status":"publish","type":"page","link":"https:\/\/waway.eu\/lt\/lietosanas-noteikumi\/","title":{"rendered":"Naudojimo s\u0105lygos"},"content":{"rendered":"<div data-elementor-type=\"wp-page\" data-elementor-id=\"361\" class=\"elementor elementor-361\" data-elementor-post-type=\"page\">\n\t\t\t\t<div class=\"elementor-element elementor-element-73cc755e e-flex e-con-boxed e-con e-parent\" data-id=\"73cc755e\" data-element_type=\"container\">\n\t\t\t\t\t<div class=\"e-con-inner\">\n\t\t\t\t<div class=\"elementor-element elementor-element-11b660a1 elementor-widget elementor-widget-heading\" data-id=\"11b660a1\" data-element_type=\"widget\" data-widget_type=\"heading.default\">\n\t\t\t\t\t<h1 class=\"elementor-heading-title elementor-size-default\">Naudojimo s\u0105lygos<\/h1>\t\t\t\t<\/div>\n\t\t\t\t<div class=\"elementor-element elementor-element-55607e8 elementor-widget elementor-widget-text-editor\" data-id=\"55607e8\" data-element_type=\"widget\" data-widget_type=\"text-editor.default\">\n\t\t\t\t\t\t\t\t\t<p><b>1. Vartojami terminai<\/b><\/p><p>1.1. Pardav\u0117jas \u2013 Timessaving (SIA \u201eTimesaving\u201c, reg. Nr. 40003948967);<\/p><p>1.2. Pirk\u0117jas \u2013 pilnametis fizinis asmuo, perkantis prekes i\u0161 Pardav\u0117jo, nepilnametis (nuo 14 iki 18 met\u0173), turintis t\u0117v\u0173 ar glob\u0117j\u0173 leidim\u0105 (i\u0161skyrus kai atsiskaito i\u0161 savo pajam\u0173), juridinis asmuo arba asmens \u012fgaliotas atstovas;<\/p><p>1.3. Naudojimosi s\u0105lygos \u2013 sutartys ir nuostatai, nustatantys Pirk\u0117jo ir Pardav\u0117jo santykius, teises, pareigas ir atsakomyb\u0119;<\/p><p>1.4. Pirkimo-pardavimo sutartis \u2013 Pirk\u0117jo ir Pardav\u0117jo pardavimo metu sudaryta sutartis.<\/p><p>1.5. Elektronin\u0117 parduotuv\u0117 \u2013 Pardav\u0117jo pagrindinis puslapis\/parduotuv\u0117 (www.waway.eu), leid\u017eiantis identifikuoti Pirk\u0117j\u0105, jo rezervacijas, kontaktin\u0119 informacij\u0105, mok\u0117jimo ir pristatymo informacij\u0105;<\/p><p>1.6. U\u017esakymas \u2013 Pirk\u0117jo \u012fsigyt\u0173 preki\u0173 s\u0105ra\u0161as.<\/p><p>1.7. Darbo diena \u2013 bet kuri savait\u0117s diena, i\u0161skyrus \u0161e\u0161tadienius, sekmadienius ir \u0161ven\u010di\u0173 dienas, kurios pagal Latvijos \u012fstatymus yra \u0161ven\u010di\u0173 dienos.<\/p><p><b>2. Bendrosios nuostatos<\/b>\u00a0<\/p><p>2.1. \u0160ios s\u0105lygos yra abiem \u0161alims privalomas teisinis dokumentas, kuriame nustatomos Pirk\u0117jo ir Pardav\u0117jo teis\u0117s, pareigos, pirkimo ir apmok\u0117jimo s\u0105lygos, u\u017esakymo pristatymo ir gr\u0105\u017einimo tvarka bei kitos su preki\u0173 pardavimu susijusios pardavimo ir pirkimo s\u0105lygos. Pardav\u0117jo prekes.<\/p><p>2.2. Prie\u0161 pateikdamas u\u017esakym\u0105 Pirk\u0117jas turi susipa\u017einti su \u0161iomis s\u0105lygomis ir patvirtinti, kad tai padar\u0117, pateikdamas reikiam\u0105 informacij\u0105, sudarydamas sutartis ir pristatymo pra\u0161ymus.<\/p><p>2.3. Pardav\u0117jas turi teis\u0119 bet kada pakeisti s\u0105lygas pagal \u012fstatym\u0173 reikalavimus. Pirk\u0117jas bus informuotas apie elektronin\u0117s parduotuv\u0117s taisykli\u0173 pakeitimus.<\/p><p><b>3. Sutarties sudarymo momentas<\/b><\/p><p>3.1. Sutartis tarp Pirk\u0117jo ir Pardav\u0117jo sudaroma tuo momentu, kai Pirk\u0117jas e-parduotuv\u0117je sukuria u\u017esakym\u0105, pateikia vis\u0105 sutar\u010diai sudaryti ir prek\u0117ms pristatyti reikaling\u0105 informacij\u0105 bei paspaud\u017eia mygtuk\u0105 &quot;Padaryti u\u017esakym\u0105&quot; mygtuk\u0105.<\/p><p><b>4. Pirk\u0117jo teis\u0117s ir pareigos<\/b><\/p><p>4.1.<b>\u00a0Teis\u0117 atsisakyti sutarties<\/b><\/p><p>\u00a0 \u00a0 \u00a04.1.1. Pirk\u0117jas, apsipirk\u0119s e-parduotuv\u0117je, turi teis\u0119 nenurodydamas prie\u017easties per 14 dien\u0173 atsisakyti sutarties. Atsisakymo terminas baigiasi pra\u0117jus 14 dien\u0173 nuo tos dienos, kai Pirk\u0117jas arba Pirk\u0117jo paskirtas tre\u010diasis asmuo, i\u0161skyrus ve\u017e\u0117j\u0105, fizi\u0161kai gauna prek\u0119 arba, jei viename u\u017esakyme yra kelios prek\u0117s, bet pristatomos atskirai - po 14 dien\u0173 nuo diena, kai Pirk\u0117jas arba jo nurodytas tre\u010diasis asmuo, kuris n\u0117ra ve\u017e\u0117jas, fizi\u0161kai \u012fgyja paskutin\u0119 prek\u0119.<\/p><p>\u00a0 \u00a0 \u00a04.1.2. Pirk\u0117jas, nor\u0117damas pasinaudoti sutarties atsisakymo teise, Pardav\u0117jo elektroninio pa\u0161to adresu siun\u010dia laisvos formos el. lai\u0161k\u0105: info@<span style=\"text-align: var(--text-align); font-size: 1rem;\">waway.eu<\/span><span style=\"text-align: var(--text-align); font-size: 1rem;\">\u00a0kuriuo parei\u0161kia nor\u0105 atsisakyti prek\u0117s (-i\u0173), nurodydamas savo vard\u0105, pavard\u0119, u\u017esakymo numer\u012f, norimos gr\u0105\u017einti prek\u0117s pavadinim\u0105, taip pat informacij\u0105 apie prek\u0117s u\u017esakymo, apmok\u0117jimo ir prek\u0117s gavimo dat\u0105.<\/span><\/p><p>\u00a0 \u00a0 \u00a04.1.3. Pirk\u0117jui nusprendus pasinaudoti teise atsisakyti pirkimo sutarties, Pirk\u0117jas privalo nedelsdamas, bet ne v\u0117liau kaip per 14 dien\u0173 nuo tos dienos, kai Pirk\u0117jas gavo u\u017esakym\u0105, i\u0161si\u0173sti prekes atgal arba gr\u0105\u017einti \u012f Timessaving parduotuv\u0119 - Zemit\u0101na iela 9 k-1, Ryga, LV- 1012. Norint laikytis sutarties atsisakymo termino, prie\u0161 siun\u010diant prekes atgal, pakanka i\u0161si\u0173sti Pirk\u0117jo prane\u0161im\u0105 el.pa\u0161tu info@.<span style=\"font-size: 1rem; text-align: var(--text-align);\">waway.eu<\/span>\u00a0u\u017e naudojim\u0105si Pirk\u0117jo teise atsisakyti sutarties nepasibaigus sutarties atsisakymo terminui.<\/p><p>\u00a0 \u00a0 \u00a04.1.4. Per 14 kalendorini\u0173 dien\u0173 nuo Pirk\u0117jo prane\u0161imo apie u\u017esakymo at\u0161aukim\u0105 Pardav\u0117jas privalo gr\u0105\u017einti Pirk\u0117jui vis\u0105 u\u017e prekes sumok\u0117t\u0105 sum\u0105, i\u0161skyrus mokest\u012f u\u017e preki\u0173 pristatym\u0105. Pardav\u0117jas sulaiko pinig\u0173 gr\u0105\u017einim\u0105 tol, kol Pardav\u0117jas negr\u0105\u017eins prek\u0117s.<\/p><p>\u00a0 \u00a0 \u00a04.1.5. Pinigai gr\u0105\u017einami naudojant t\u0105 pat\u012f b\u016bd\u0105, kur\u012f Pirk\u0117jas naudojo mok\u0117damas. Pinigai gr\u0105\u017einami \u012f Pirk\u0117jo banko s\u0105skait\u0105, i\u0161 kurios buvo atsiskaityta u\u017e prekes. Pardav\u0117jas neatsako u\u017e pinig\u0173 negr\u0105\u017einim\u0105 ar u\u017edelsim\u0105 atsiskaityti u\u017e gr\u0105\u017eintas prekes, jeigu Pirk\u0117jas pateik\u0117 neteising\u0105 pinig\u0173 gr\u0105\u017einimui reikaling\u0105 informacij\u0105.\u00a0<\/p><p>4.2.\u00a0<b>Preki\u0173 gr\u0105\u017einimo s\u0105lygos.\u00a0<\/b><\/p><p>\u00a0 \u00a0 \u00a04.2.1. Pirk\u0117jas gali naudoti auk\u0161\u010diau 4.1. 1 dalyje nurodytas teises, jei tenkinamos visos \u0161ios s\u0105lygos:\u00a0<\/p><p>\u00a0 \u00a0 \u00a0 \u00a0 \u00a0 4.2.1.1. prek\u0117 nesugadinta ar nepasikeitusi jos i\u0161vaizda;<\/p><p>\u00a0 \u00a0 \u00a0 \u00a0 \u00a0 4.2.1.2. prek\u0117 neturi naudojimo \u017eymi\u0173 ir i\u0161laik\u0117 vartotoji\u0161kas savybes;<\/p><p>\u00a0 \u00a0 \u00a04.2.2. Pirk\u0117jas atsako u\u017e prek\u0117s kokyb\u0117s ir saugumo palaikym\u0105 sutarties atsisakymo teis\u0117s \u012fgyvendinimo laikotarpiu. Pirk\u0117jas atsako u\u017e bet kok\u012f prek\u0117s vert\u0117s suma\u017e\u0117jim\u0105, jeigu prek\u0117 buvo panaudota nesuderinamu su s\u0105\u017einingumo principu, \u012fskaitant panaudojim\u0105 ne prek\u0117s savyb\u0117ms nustatyti. Prek\u0117 turi b\u016bti gr\u0105\u017einama originalioje pakuot\u0117je, tokios pat b\u016bkl\u0117s, kokios buvo gauta. Jeigu prek\u0117 nevisi\u0161kai surinkta, sugadinta, netvarkinga ar netinkamai supakuota, Pardav\u0117jas turi teis\u0119 nepriimti prek\u0117s, taip pat negr\u0105\u017einti Pirk\u0117jui u\u017e prek\u0119 sumok\u0117t\u0173 pinig\u0173.<\/p><p>\u00a0 \u00a0 \u00a04.2.3. Pardav\u0117jas turi teis\u0119 nepriimti gr\u0105\u017einam\u0173 preki\u0173, jeigu Pirk\u0117jas nesilaiko \u0161iame straipsnyje nurodytos preki\u0173 gr\u0105\u017einimo tvarkos.<\/p><p>4.3.<strong>\u00a0Gr\u0105\u017einimo b\u016bdai.<\/strong>\u00a0Pirk\u0117jas gali gr\u0105\u017einti prekes:<\/p><p>\u00a0 \u00a0 \u00a04.3.1. Timesaving parduotuv\u0117je - \u017demitana g. 9 k-1, Ryga, LV-1012<\/p><p>\u00a0 \u00a0 \u00a04.3.2. siun\u010diant juos savitarnos terminalais \u012f Rygos OMNIVA T\/C Domina Parkomata, Ieri\u0137u iela 3, Ryga, nurodant gav\u0117jo kontaktin\u012f telefono numer\u012f +37127791653.<\/p><p>4.4.\u00a0<b>Prek\u0117s kokyb\u0117s garantija.<\/b>\u00a0<\/p><p>\u00a0 \u00a0 \u00a04.5.1. Pagal 2015 m. Vartotoj\u0173 teisi\u0173 apsaugos \u012fstatym\u0105 vartotojai turi teis\u0119 susigr\u0105\u017einti pinigus arba pakeisti prek\u0119, jei prek\u0117s turi tr\u016bkum\u0173. Tokiu atveju Pirk\u0117jas turi kreiptis \u012f Pardav\u0117j\u0105 ra\u0161tu, kad b\u016bt\u0173 prad\u0117tas gr\u0105\u017einimo procesas, el. pa\u0161tu: info@<span style=\"font-size: 1rem; text-align: var(--text-align);\">waway.eu<\/span>\u00a0ir J\u016bs privalote pateikti savo duomenis \u2013 vard\u0105, pavard\u0119, preki\u0173 gr\u0105\u017einimo prie\u017east\u012f, u\u017esakymo numer\u012f arba apmok\u0117jim\u0105 u\u017e prekes patvirtinan\u010dios s\u0105skaitos numer\u012f, kontaktin\u0119 informacij\u0105 (telefono numer\u012f arba el. pa\u0161to adres\u0105) ir banko rekvizitus (s\u0105skaitos numer\u012f, banko pavadinim\u0105 ir kod\u0105). ), jei prek\u0117 ( -em) sumok\u0117ta suma (ar jos dalis) turi b\u016bti gr\u0105\u017einta \u012f Pirk\u0117jo banko s\u0105skait\u0105.\u00a0<\/p><p>\u00a0 \u00a0 \u00a04.4.2. Pardav\u0117jas, gav\u0119s gr\u0105\u017einam\u0105 prek\u0119, atid\u017eiai j\u0105 patikrins ir per proting\u0105 termin\u0105, bet ne v\u0117liau kaip per 14 dien\u0173, prane\u0161 Pirk\u0117jui elektroniniu pa\u0161tu arba telefonu, ar prek\u0117 bus kei\u010diama, ar gr\u0105\u017einami pinigai (nuo i\u0161ankstinis susitarimas).<\/p><p>\u00a0 \u00a0 \u00a04.4.3. Jei Pirk\u0117jas pra\u0161o gr\u0105\u017einti pinigus ir toks pra\u0161ymas yra pagr\u012fstas, gr\u0105\u017einama visa u\u017e prek\u0119 sumok\u0117ta suma, ne\u012fskaitant pristatymo mokes\u010dio ir pakuot\u0117s gr\u0105\u017einimo i\u0161laid\u0173. Pinigai gr\u0105\u017einami naudojant t\u0105 pat\u012f b\u016bd\u0105, kur\u012f Pirk\u0117jas pasirinko pirkdamas prekes.<\/p><p>\u00a0 \u00a0 \u00a04.4.4. Pardav\u0117jas neatsako u\u017e e-parduotuv\u0117je esan\u010di\u0173 preki\u0173 spalvos, formos ar kit\u0173 savybi\u0173 neatitikim\u0105 faktiniam preki\u0173 dyd\u017eiui, spalvai ir formai d\u0117l Pirk\u0117jo naudojamo \u012frenginio atvaizdavimo ypatybi\u0173.\u00a0<\/p><p>4.5.\u00a0<b>Atsakomyb\u0117<\/b><\/p><p>\u00a0 \u00a0 \u00a04.5.1. Pirk\u0117jas yra visi\u0161kai atsakingas u\u017e pateikt\u0173 asmens duomen\u0173 teisingum\u0105. Pirk\u0117jui nepateikus tam tikr\u0173 asmens duomen\u0173, Pardav\u0117jas neatsako u\u017e atsiradusias pasekmes ir turi teis\u0119 reikalauti i\u0161 Pirk\u0117jo tiesiogin\u0117s \u017ealos atlyginimo.<\/p><p>\u00a0 \u00a0 \u00a04.5.2. Pirk\u0117jas atsako u\u017e visus veiksmus, atliktus naudojantis e-parduotuve.<\/p><p>\u00a0 \u00a0 \u00a04.5.3. Pirk\u0117jas privalo sumok\u0117ti u\u017e prekes ir jas priimti \u0161iose s\u0105lygose nustatyta tvarka. Jeigu Pirk\u0117jas be pateisinamos prie\u017easties atsisako priimti pristatytas prekes, Pardav\u0117jo pra\u0161ymu Pirk\u0117jas privalo apmok\u0117ti preki\u0173 gr\u0105\u017einimo i\u0161laidas.<\/p><p>\u00a0 \u00a0 \u00a04.5.4. Pardav\u0117jas atleid\u017eiamas nuo bet kokios atsakomyb\u0117s tuo atveju, jei Pirk\u0117jas, nepaisant Pardav\u0117jo rekomendacij\u0173, nesusipa\u017eino su \u0161iomis s\u0105lygomis, nors Pirk\u0117jui tokia galimyb\u0117 buvo suteikta.<\/p><p><b>5. Pardav\u0117jo teis\u0117s ir pareigos<\/b><\/p><p>5.1. Pardav\u0117jas turi teis\u0119 savo nuo\u017ei\u016bra nustatyti minimali\u0105 u\u017esakymo sum\u0105, tai yra minimali\u0105 sum\u0105, u\u017e kuri\u0105 bus pristatomas nemokamas preki\u0173 pristatymas.<\/p><p>5.2. Jeigu Pirk\u0117jas bando kelti gr\u0117sm\u0119 e-parduotuv\u0117s darbo stabilumui ir saugumui ar pa\u017eeid\u017eia savo \u012fsipareigojimus, Pardav\u0117jas turi teis\u0119 nedelsiant ir be i\u0161ankstinio \u012fsp\u0117jimo sustabdyti arba apriboti Pirk\u0117jo galimyb\u0119 naudotis elektronine parduotuve.<\/p><p>5.3. Pateikus u\u017esakym\u0105, kilus neai\u0161kumams d\u0117l u\u017esakyme pateiktos informacijos, Pardav\u0117jas susisiekia su Pirk\u0117ju nurodyta kontaktine informacija. Jei Pardav\u0117jui nepavyksta susisiekti su Pirk\u0117ju per tris (3) darbo dienas, Pardav\u0117jas turi teis\u0119 anuliuoti u\u017esakym\u0105 i\u0161 anksto neprane\u0161\u0119s Pirk\u0117jui.<\/p><p>5.4. Pardav\u0117jas pasilieka teis\u0119 bet kuriuo metu atsiimti prekes i\u0161 internetin\u0117s parduotuv\u0117s ir keisti internetin\u0117je parduotuv\u0117je esan\u010di\u0105 informacij\u0105.<\/p><p>5.5. Pardav\u0117jas sutinka leisti Pirk\u0117jui naudotis e-parduotuv\u0117s paslaugomis vadovaudamasis \u0161iomis elektronin\u0117je parduotuv\u0117je nustatytomis s\u0105lygomis.<\/p><p>5.6. Pardav\u0117jas \u012fsipareigoja gerbti Pirk\u0117jo privatum\u0105 ir teis\u0119 \u012f asmenin\u0119 informacij\u0105 bei tvarkyti Pirk\u0117jo asmens duomenis tik pagal Latvijos teis\u0117s akt\u0173 nustatytas taisykles ir proced\u016bras.<\/p><p>5.7. Pardav\u0117jas privalo pristatyti prekes pagal \u0161ias s\u0105lygas Pirk\u0117jo pasirinktu b\u016bdu.<\/p><p>5.8. Tais atvejais, kai Pardav\u0117jas negali pristatyti e-parduotuv\u0117s u\u017esakyt\u0173 preki\u0173 d\u0117l toki\u0173 nenumatyt\u0173 prie\u017eas\u010di\u0173 arba d\u0117l to, kad prek\u0117s n\u0117ra sand\u0117lyje, Pardav\u0117jas turi teis\u0119 nutraukti pirkimo-pardavimo sutart\u012f apie tai prane\u0161damas Pirk\u0117jui. Tokiu atveju Pardav\u0117jas gali pasi\u016blyti Pirk\u0117jui kit\u0105 tokios pat kokyb\u0117s ir vert\u0117s prek\u0119, apie tai informuodamas Pirk\u0117j\u0105 Pirk\u0117jo nurodyta kontaktine informacija. Pirk\u0117jui atsisakius priimti analogi\u0161k\u0105 (-es) prek\u0119 (-es) ar kit\u0105 (-es) pana\u0161i\u0173 parametr\u0173 prek\u0119 (-es), Pardav\u0117jas gr\u0105\u017eina Pirk\u0117jui sumok\u0117tus pinigus per tris (3) darbo dienas nuo to fakto nustatymo, jeigu buvo atliktas apmok\u0117jimas u\u017e prek\u0119. (s) jau padaryta.<\/p><p><b>6. U\u017esakymo apmok\u0117jimo tvarka, pristatymas, pristatymo mokestis ir terminai<\/b><\/p><p>6.1. Pirk\u0117jas u\u017e u\u017esakym\u0105 atsiskaito naudodamasis elektronin\u0117je parduotuv\u0117je (Paysera) \u012ftaisytomis mok\u0117jimo priemon\u0117mis arba banko pavedimu, apmok\u0117damas el. pa\u0161tu atsi\u0173st\u0105 u\u017esakym\u0105 atitinkan\u010di\u0105 s\u0105skait\u0105. S\u0105skaita parengiama elektroniniu b\u016bdu ir galioja be para\u0161o. Atsiskaitant s\u0105skaita fakt\u016bra, banko mok\u0117jimo pavedime turi b\u016bti nurodytas u\u017esakymo numeris. Jei s\u0105skaita neapmokama per vien\u0105 (1) darbo dien\u0105, u\u017esakymas anuliuojamas. Pirk\u0117jui atsiskaitant u\u017e elektronin\u0117s parduotuv\u0117s u\u017esakym\u0105 banko pavedimu, gali b\u016bti taikomas papildomas banko nustatytas mokestis. \u0160ias papildomas i\u0161laidas, susijusias su banko pavedimu, apmoka Pirk\u0117jas.<\/p><p>6.2.\u00a0<strong>U\u017esakymo pristatymas<\/strong>:<\/p><p>\u00a0 \u00a0 \u00a06.2.1. Pirk\u0117jas, pirkdamas prekes e-parduotuv\u0117je, prie\u0161 apmok\u0117damas u\u017esakym\u0105, turi pasirinkti pristatymo b\u016bd\u0105 (pristatymas \u012f siuntin\u012f arba pristatymas kurjeriu) ir nurodyti tiksl\u0173 pristatymo adres\u0105.<\/p><p>\u00a0 \u00a0 \u00a06.2.3. . Pardav\u0117jas atleid\u017eiamas nuo atsakomyb\u0117s u\u017e pristatymo termino nesilaikym\u0105, jeigu preki\u0173 pristatymas nepavyksta arba v\u0117luoja d\u0117l Pirk\u0117jo kalt\u0117s arba d\u0117l nuo Pardav\u0117jo nepriklausan\u010di\u0173 prie\u017eas\u010di\u0173.<\/p><p>\u00a0 \u00a0 \u00a06.2.4. Prek\u0117s i\u0161 elektronin\u0117s parduotuv\u0117s su Omniva gali b\u016bti pristatomos \u012f siuntas Latvijoje, Estijoje ir Lietuvoje.<\/p><p>\u00a0 \u00a0 \u00a06.2.5. Pasirinkus Omniva siunt\u0105 kaip pristatymo b\u016bd\u0105, u\u017esakymas \u012f Pirk\u0117jo pasirinkt\u0105 siunt\u0105 atvyksta per 5 darbo dienas (Lietuvoje ir Estijoje per 7 darbo dienas) nuo apmok\u0117jimo u\u017e u\u017esakym\u0105 gavimo. Apie u\u017esakymo pateikim\u0105 pakuot\u0117je (siuntim\u0105) Pirk\u0117jas informuojamas el. Apie u\u017esakymo patekim\u0105 \u012f siunt\u0105 Pirk\u0117jas informuojamas SMS \u017einute i\u0161 Omniva, kurioje nurodomas dur\u0173 kodas, siuntos vieta ir saugojimo terminas. U\u017esakymas pakuot\u0117je saugomas 7 kalendorines dienas. Pasibaigus nurodytam terminui, u\u017esakymas gr\u0105\u017einamas Pardav\u0117jui. Tuo atveju, jei Pirk\u0117jas neatsiima u\u017esakymo per min\u0117t\u0105 termin\u0105, Pirk\u0117jas privalo atlyginti i\u0161laidas, susijusias su u\u017esakymo pakartotiniu i\u0161siuntimu.<\/p><p>\u00a0 \u00a0 \u00a06.2.6. Pirk\u0117jas \u012fsipareigoja priimti u\u017esakym\u0105 arba u\u017esakymo metu paskirti asmen\u012f, kuris priimt\u0173 u\u017esakym\u0105. Jeigu pirk\u0117jas (ar jo paskirtas asmuo) negali priimti u\u017esakymo arba u\u017esakymas pristatomas pirk\u0117jo nurodytu adresu arba \u012f siuntos Omniva stot\u012f, ta\u010diau nurodyta neteisingai, pirk\u0117jas neturi teis\u0117s atlikti pretenzijos pardav\u0117jui d\u0117l u\u017esakymo pristatymo.<\/p><p>6.2.7. U\u017esakymas apdorojamas per 2 darbo dienas. Prek\u0117s i\u0161siun\u010diamos pirk\u0117jo nurodytu adresu per 2-6 dienas po s\u0105skaitos apmok\u0117jimo.<\/p><p>6.3.\u00a0<strong>Pristatymo mokestis<\/strong>:<\/p><p>\u00a0 \u00a0 \u00a06.3.1. Pristatymo mokestis Latvijos teritorijoje su Omniva paketu \u2013 4 EUR (keturi eurai) ir 10,3 EUR (de\u0161imt eur\u0173 ir trisde\u0161imt cent\u0173) su Omniva kurjeriu.<\/p><p>\u00a0 \u00a0 \u00a06.3.3. Pristatymo mokestis \u012f Lietuvos ar Estijos Omniva siunt\u0105 7,26 EUR (septyni eurai ir dvide\u0161imt \u0161e\u0161i centai) ir 18,15 EUR (a\u0161tuoniolika eur\u0173 ir penkiolika cent\u0173) su Omniva kurjeriu.<\/p><p>\u00a0 \u00a0 \u00a06.3.4. Tikslus pristatymo mokestis nurodomas elektronin\u0117je parduotuv\u0117je prie\u0161 patvirtinant u\u017esakym\u0105. Siuntimo mokestis po u\u017esakymo patvirtinimo nesikei\u010dia.\u00a0<\/p><p>\u00a0 \u00a0 \u00a06.3.5. Pardav\u0117jas niekada neatsako u\u017e preki\u0173 pristatymo termin\u0173 pa\u017eeidimus, jeigu prek\u0117s nepristatomos d\u0117l Pirk\u0117jo kalt\u0117s arba d\u0117l Pirk\u0117jo kalt\u0117s aplinkybi\u0173.<\/p><p>\u00a0 \u00a0 \u00a06.3.6. Jeigu siuntos pakuot\u0117 pa\u017eeista (suglam\u017eyta, \u0161lapia ar kitaip pa\u017eeista i\u0161ori\u0161kai), prek\u0117 (-\u0117s) pa\u017eeista ir\/ar neatitinka reikalavim\u0173, Pirk\u0117jas privalo nedelsdamas ra\u0161tu informuoti Pardav\u0117j\u0105.<\/p><p><b>7. Asmenin\u0117 informacija\u00a0<\/b><\/p><p>7.1. Pirk\u0117jas, pateikdamas u\u017esakym\u0105, privalo pateikti asmenin\u0119 informacij\u0105, kuri leist\u0173 Pardav\u0117jui identifikuoti Pirk\u0117jo tapatyb\u0119, kad gal\u0117t\u0173 pristatyti u\u017esakym\u0105 ir, esant reikalui, gal\u0117t\u0173 susisiekti su Pirk\u0117ju d\u0117l papildomos informacijos arba panaudoti Pirk\u0117jo informacij\u0105 tiesiogin\u0117s rinkodaros tikslais. (Pirk\u0117jo leidimu).<\/p><p>7.2. Pirk\u0117jas, pateikdamas u\u017esakym\u0105, sutinka, kad prek\u0117s pristatymui reikalinga komunikacija b\u016bt\u0173 vykdoma Pirk\u0117jo nurodytu elektroninio pa\u0161to adresu ir telefono numeriu.<\/p><p>7.3. Jeigu Pirk\u0117jas pageidauja, kad jo elektroninio pa\u0161to adresas ar telefono numeris daugiau neb\u016bt\u0173 naudojami tiesiogin\u0117s rinkodaros tikslais, jis privalo apie tai informuoti Pardav\u0117j\u0105, i\u0161si\u0173sdamas atitinkam\u0105 sum\u0105 Pardav\u0117jo el.\u00a0<span style=\"text-align: var(--text-align); font-size: 1rem;\">info@<\/span><span style=\"text-align: var(--text-align); font-size: 1rem;\">waway.eu<\/span><\/p><p>7.4. Pardav\u0117jas patvirtina, kad Pirk\u0117jo asmens duomenys bus tvarkomi tik preki\u0173 \u012fsigijimo tikslais, taip pat bus naudojami tiesiogin\u0117s rinkodaros tikslais (nebent Pirk\u0117jas parei\u0161kia, kad nepageidauja, kad jo asmens duomenys b\u016bt\u0173 naudojami tiesiogin\u0117s rinkodaros tikslais, kaip nurodytas \u0161i\u0173 taisykli\u0173 7.3 punkte) . Pardav\u0117jas sutinka neatskleisti Pirk\u0117jo asmens duomen\u0173 tretiesiems asmenims, i\u0161skyrus Pardav\u0117jo partnerius, teikian\u010dius preki\u0173 pristatymo ar kitas su Pirk\u0117jo u\u017esakymu susijusias paslaugas. Visais kitais atvejais Pardav\u0117jas gali atskleisti Pirk\u0117jo asmens duomenis tretiesiems asmenims tik vadovaudamasis Latvijos teis\u0117s akt\u0173 nuostatomis.<\/p><p>7.5. Pardav\u0117jas netvarko ir nesaugo Pirk\u0117jo jautri\u0173 duomen\u0173 (mok\u0117jimo kortel\u0117s informacijos). Mok\u0117jimai atliekami per Montonio, Stripe arba PayPal.<\/p><p>7.6. Pirk\u0117jas, kaip duomen\u0173 subjektas, turi teis\u0119 gauti informacij\u0105 apie tai, kaip yra tvarkomi jo asmens duomenys, kad gal\u0117t\u0173 reguliuoti, panaikinti arba prie\u0161tarauti savo duomen\u0173 tvarkymui.<\/p><p>7.7. Siekdamas suteikti Pirk\u0117jui vis\u0105 elektroninio katalogo funkcionalum\u0105, Pardav\u0117jas Pirk\u0117jo kompiuteryje (\u012frenginyje) i\u0161saugo tam tikr\u0105 informacij\u0105, vadinam\u0105 slapukais. Pardav\u0117jas naudoja saugom\u0105 informacij\u0105 Pirk\u0117jo, kaip ankstesnio e-parduotuv\u0117s lankytojo, atpa\u017einimui, jis turi prieig\u0105 prie informacijos apie \u012fsigytus pirkinius, o \u0161i informacija taip pat u\u017etikrina svetain\u0117s lankomumo statistikos i\u0161saugojim\u0105. Pirk\u0117jas turi galimyb\u0119 per\u017ei\u016br\u0117ti Pardav\u0117jo saugom\u0105 informacij\u0105 (slapukus), o Pirk\u0117jas gali i\u0161trinti dal\u012f ar visus saugomus slapukus. Taip pat Pirk\u0117jas turi teis\u0119 nesutikti, kad jo kompiuteryje (\u012frenginyje) b\u016bt\u0173 \u012fra\u0161oma ir naudojama informacija (slapukai), ta\u010diau tokiu atveju kai kurios e-parduotuv\u0117s funkcijos Pirk\u0117jui gali b\u016bti neprieinamos. Pirk\u0117jas, sutikdamas su slapuk\u0173 naudojimo s\u0105lygomis, sutinka, kad informacija b\u016bt\u0173 saugoma Pirk\u0117jo kompiuteryje (\u012frenginyje). Pirk\u0117jas gali bet kada at\u0161aukti savo sutikim\u0105, pakeisdamas savo nar\u0161ykl\u0117s nustatymus arba i\u0161si\u0173sdamas pra\u0161ym\u0105 Pardav\u0117jui.<\/p><p>7.8. Bet kok\u012f pra\u0161ym\u0105 ar u\u017esakym\u0105, susijus\u012f su asmens duomen\u0173 tvarkymu, Pirk\u0117jas Pardav\u0117jui turi pateikti ra\u0161tu. Pardav\u0117jas, gav\u0119s tok\u012f pra\u0161ym\u0105 ar u\u017esakym\u0105, ne v\u0117liau kaip per trisde\u0161imt (30) kalendorini\u0173 dien\u0173 privalo atsakyti Pirk\u0117jui ra\u0161tu.<\/p><p>7.9. Pirk\u0117jas negali naudotis e-parduotuv\u0117s paslaugomis, jeigu nesutinka su \u0161io skyriaus nuostatomis d\u0117l asmens duomen\u0173 apsaugos.<\/p><p><b>8. Baigiamosios nuostatos<\/b><\/p><p>8.1. Pardav\u0117jas pasilieka teis\u0119 keisti ir papildyti \u0161ias S\u0105lygas ir kitus susijusius dokumentus. Visi S\u0105lyg\u0173 pakeitimai ir papildymai \u012fsigalioja j\u0173 paskelbimo elektronin\u0117je parduotuv\u0117je dien\u0105. Jeigu Pirk\u0117jas nesutinka su nauja Taisykli\u0173 redakcija, Pirk\u0117jas turi teis\u0119 atsisakyti pakeitim\u0173 ir papildym\u0173, ta\u010diau tokiu atveju Pirk\u0117jas netenka teis\u0117s naudotis elektronine parduotuve.\u00a0<\/p><p>8.2. \u0160ios taisykl\u0117s parengtos pagal Latvijos teis\u0117s aktus.<\/p><p>8.3. Latvijos teis\u0117s aktai taikomi visiems teisiniams santykiams, kylantiems i\u0161 \u0161iame dokumente nurodyt\u0173 nuostat\u0173.<\/p><p>8.4. Visi nesutarimai, kylantys d\u0117l \u0161i\u0173 nuostat\u0173 \u012fgyvendinimo, turi b\u016bti sprend\u017eiami deryb\u0173 keliu. Jei nepavyksta susitarti deryb\u0173 keliu, gin\u010dai sprend\u017eiami vadovaujantis Latvijos teis\u0117s aktais.<\/p><p><b>SIA &quot;Timesaving&quot;<br \/><\/b>A\/S \u201eSwedbank\u201c, kodas HABALV22<br \/>LV34HABA0551017840809<br \/>\u017demitana gatv\u0117 9 k-1, Ryga, LV-1012<br \/>Reg. Nr. 40003948967<br \/>info@<span style=\"font-size: 1rem; text-align: var(--text-align);\">waway.eu<\/span><br \/>+371 67790178<\/p>\t\t\t\t\t\t\t\t<\/div>\n\t\t\t\t\t<\/div>\n\t\t\t\t<\/div>\n\t\t\t\t<\/div>","protected":false},"excerpt":{"rendered":"<p>Lieto\u0161anas noteikumi 1.Lietotie termini 1.1. P\u0101rdev\u0113js \u2013 Timesaving (SIA \u201cTimesaving\u201d, Re\u0123. Nr. 40003948967); 1.2. Pirc\u0113js \u2013 fiziska pilngad\u012bga persona, kas ieg\u0101d\u0101jas preces no P\u0101rdev\u0113ja, nepilngad\u012bga persona (no 14 l\u012bdz 18 gadiem), kam ir vec\u0101ku vai aizbild\u0146a at\u013cauja (iz\u0146emot gad\u012bjumus, kad vi\u0146\u0161\/vi\u0146a nor\u0113\u0137in\u0101s no saviem ien\u0101kumiem), juridiska persona vai personas pilnvarotais p\u0101rst\u0101vis; 1.3. Lieto\u0161anas noteikumi \u2013 [&hellip;]<\/p>","protected":false},"author":1,"featured_media":0,"parent":0,"menu_order":0,"comment_status":"closed","ping_status":"closed","template":"","meta":{"_acf_changed":false,"footnotes":""},"class_list":["post-361","page","type-page","status-publish","hentry"],"acf":[],"_links":{"self":[{"href":"https:\/\/waway.eu\/lt\/wp-json\/wp\/v2\/pages\/361","targetHints":{"allow":["GET"]}}],"collection":[{"href":"https:\/\/waway.eu\/lt\/wp-json\/wp\/v2\/pages"}],"about":[{"href":"https:\/\/waway.eu\/lt\/wp-json\/wp\/v2\/types\/page"}],"author":[{"embeddable":true,"href":"https:\/\/waway.eu\/lt\/wp-json\/wp\/v2\/users\/1"}],"replies":[{"embeddable":true,"href":"https:\/\/waway.eu\/lt\/wp-json\/wp\/v2\/comments?post=361"}],"version-history":[{"count":0,"href":"https:\/\/waway.eu\/lt\/wp-json\/wp\/v2\/pages\/361\/revisions"}],"wp:attachment":[{"href":"https:\/\/waway.eu\/lt\/wp-json\/wp\/v2\/media?parent=361"}],"curies":[{"name":"wp","href":"https:\/\/api.w.org\/{rel}","templated":true}]}}