{"id":378,"date":"2024-05-26T13:14:30","date_gmt":"2024-05-26T10:14:30","guid":{"rendered":"https:\/\/waway.eu\/privatuma-politika-2\/"},"modified":"2024-05-26T13:14:41","modified_gmt":"2024-05-26T10:14:41","slug":"privatuma-politika-2","status":"publish","type":"page","link":"https:\/\/waway.eu\/lt\/privatuma-politika-2\/","title":{"rendered":"Privatumo politika"},"content":{"rendered":"<div data-elementor-type=\"wp-page\" data-elementor-id=\"378\" class=\"elementor elementor-378\" data-elementor-post-type=\"page\">\n\t\t\t\t<div class=\"elementor-element elementor-element-6672e92e e-flex e-con-boxed e-con e-parent\" data-id=\"6672e92e\" data-element_type=\"container\">\n\t\t\t\t\t<div class=\"e-con-inner\">\n\t\t\t\t<div class=\"elementor-element elementor-element-f48be75 elementor-widget elementor-widget-heading\" data-id=\"f48be75\" data-element_type=\"widget\" data-widget_type=\"heading.default\">\n\t\t\t\t\t<h1 class=\"elementor-heading-title elementor-size-default\">Privatumo politika<\/h1>\t\t\t\t<\/div>\n\t\t\t\t<div class=\"elementor-element elementor-element-6f2f428d elementor-widget elementor-widget-text-editor\" data-id=\"6f2f428d\" data-element_type=\"widget\" data-widget_type=\"text-editor.default\">\n\t\t\t\t\t\t\t\t\t<p>M\u016bs\u0173 svetain\u0117s adresas yra:\u00a0<a href=\"https:\/\/waway.eu\/lt\/\" target=\"_blank\" rel=\"noreferrer noopener\">https:\/\/www.waway.eu\/<\/a><\/p>\n<p><strong>\u012esipareigojimai<\/strong>\u00a0<br \/>\u0160ioje privatumo politikoje paai\u0161kinama, kaip \u201e<a href=\"https:\/\/waway.eu\/lt\/\">https:\/\/www.waway.eu\/<\/a>\u201c renka asmens duomenis apie jus, kaip jie yra saugomi, naudojami ir kada \u0161ie duomenys atskleid\u017eiami, toliau \u201ewaway.eu\u201c tekste vadinama \u201eSvetain\u0117\u201c.\u00a0<\/p>\n<p>&quot;Svetain\u0117&quot; \u012fsipareigoja saugoti J\u016bs\u0173 asmens duomen\u0173, kurie yra gaunami i\u0161 J\u016bs\u0173, privatum\u0105, \u012fskaitant duomenis, gautus Jums lankantis &quot;Svetain\u0117je&quot;. Mes vertiname j\u016bs\u0173 privatum\u0105, tod\u0117l \u0161i politika yra lengvai prieinama m\u016bs\u0173 svetain\u0117je, kuri pad\u0117s suprasti, kaip naudojama informacija, gauta naudojantis svetaine. Privatumo politikoje apra\u0161omi pagrindiniai asmens informacijos tvarkymo principai.\u00a0<\/p>\n<p><strong>Informacija, kuri\u0105 renkame<\/strong>\u00a0<br \/>Yra dviej\u0173 tip\u0173 informacija, kuri\u0105 \u201eSvetain\u0117\u201c gali rinkti apie jus: \u201eAnoniminiai duomenys\u201c ir \u201eAsmens duomenys\u201c.\u00a0<\/p>\n<p><strong>Anoniminiai duomenys<\/strong>\u00a0<br \/>Anoniminius duomenis sudaro registro failai ir slapukai \u2013 \u0161ie duomenys n\u0117ra asmens identifikuoti, pavyzd\u017eiui, j\u016bs\u0173 interneto protokolo (IP) adresas, domenas arba informacija apie \u201eSvetain\u0117s\u201c pagrindinio puslapio naudojim\u0105, kurie bus naudojami tik administraciniais tikslais. \u0160ioje svetain\u0117je naudojami pramon\u0117s standartiniai analiz\u0117s paketai, kurie automati\u0161kai renka ribot\u0105 informacij\u0105 apie svetain\u0117s lankytojus ir saugo \u0161i\u0105 informacij\u0105 serverio \u017eurnal\u0173 archyve. \u0160i informacija gali apimti IP adres\u0105, nar\u0161ykl\u0117s tip\u0105, pagrindin\u0119 IP informacij\u0105, nukreipimo puslapius, naudojam\u0105 operacin\u0119 sistem\u0105 ir datos \/ laiko kodus. \u0160i informacija neidentifikuoja atskir\u0173 lankytoj\u0173, ji naudojama puslapio administravimui, taip pat puslapio naudojimo ir tendencij\u0173 analizei.\u00a0<\/p>\n<p>Slapukai gali b\u016bti naudojami siekiant palengvinti ir pagreitinti prieig\u0105 prie svetain\u0117s funkcij\u0173, toki\u0173 kaip autorizacija ir (arba) pakartotinis apsilankymas.  Slapukai yra labai ma\u017ei tekstiniai failai, kurie i\u0161saugomi nar\u0161ant asmeniniame kompiuteryje. Mes nesiejame slapukuose saugomos informacijos su jokia asmen\u012f identifikuojan\u010dia informacija, kuri\u0105 pateik\u0117te m\u016bs\u0173 svetain\u0117je.\u00a0<\/p>\n<p><strong>Google Analytics<\/strong>\u00a0<\/p>\n<p>\u0160ioje svetain\u0117je naudojama Google Analytics, kuri padeda analizuoti, kaip lankytojai naudojasi svetaine. \u0160is \u012frankis naudoja \u201eslapukus\u201c \u2013 tekstinius failus, patalpintus j\u016bs\u0173 kompiuteryje, kad anonimi\u0161kai rinkt\u0173 standartin\u0119 interneto registracijos ir lankytoj\u0173 elgsenos informacij\u0105. Slapuko surinkta informacija apie tai, kaip naudojat\u0117s svetaine, \u012fskaitant j\u016bs\u0173 IP adres\u0105, siun\u010diama \u201eGoogle\u201c. \u0160i informacija naudojama norint \u012fvertinti, kaip lankytojai naudojasi svetaine, ir kuriant statistines ataskaitas apie puslapio veikl\u0105 \u201eSvetain\u0117je\u201c.\u00a0<\/p>\n<p>Niekada nenaudosime ir neleisime jokiai tre\u010diajai \u0161aliai naudoti \u0161io statistin\u0117s analiz\u0117s \u012frankio, nor\u0117dami sekti ir gauti priva\u010di\u0105 informacij\u0105 apie m\u016bs\u0173 svetain\u0117s lankytojus. \u201eGoogle\u201c nesusies j\u016bs\u0173 IP adreso su jokiais kitais \u201eGoogle\u201c prieinamais duomenimis. Joki\u0173 \u0161ioje svetain\u0117je gaut\u0173 duomen\u0173 nesusiesime su asmen\u012f identifikuojan\u010dia informacija, i\u0161skyrus atvejus, kai informacij\u0105 pateikiate u\u017epildomoje formoje m\u016bs\u0173 svetain\u0117je.\u00a0<\/p>\n<p><strong>Asmens duomenys<\/strong>\u00a0<\/p>\n<p>Asmens duomenys \u2013 tai bet kokie duomenys, kuriais galima jus identifikuoti, pavyzd\u017eiui, j\u016bs\u0173 vardas, adresas, el. pa\u0161to adresas arba telefono numeris. Toki\u0105 informacij\u0105 renkame, kai naudojat\u0117s \u0161ia funkcija nor\u0117dami susisiekti su mumis u\u017epildydami vien\u0105 i\u0161 kontaktini\u0173 form\u0173.<\/p>\n<p>Jei \u201eSvetain\u0117s\u201c pagrindiniame puslapyje pateik\u0117te asmen\u012f identifikuojan\u010di\u0105 informacij\u0105, turite galimyb\u0119 j\u0105 pataisyti, pakeisti ar i\u0161trinti, jei ji netiesa.\u00a0<\/p>\n<p>Norint pasiekti ar naudotis \u0161ia svetaine, registracija neb\u016btina. Ta\u010diau \u0161ioje svetain\u0117je gali b\u016bti kuriami forumai, tinklara\u0161\u010diai, prane\u0161im\u0173 lentos ir kiti dalykai, kurie bus prieinami svetain\u0117s naudotojams. Gali tekti u\u017esiregistruoti, kad gal\u0117tum\u0117te naudotis \u0161iomis funkcijomis, ypa\u010d jei norite komentuoti ar prid\u0117ti straipsni\u0173.\u00a0<\/p>\n<p>Jei u\u017esiregistruosite ir \u0161io proceso metu pateiksite asmen\u012f identifikuojan\u010di\u0105 informacij\u0105, b\u016bsite u\u017etikrinti, kad \u0161i informacija nebus bendrinama su jokia tre\u010di\u0105ja \u0161alimi be j\u016bs\u0173 leidimo.\u00a0<\/p>\n<p>Jei pateiksite savo el. pa\u0161to adres\u0105 ir (arba) vard\u0105, kad gautum\u0117te naujienas i\u0161 m\u016bs\u0173, \u0161i informacija nebus bendrinama su tre\u010diosiomis \u0161alimis be j\u016bs\u0173 leidimo.\u00a0<\/p>\n<p><strong>Prieiga prie asmen\u012f identifikuojan\u010dios informacijos<\/strong>\u00a0<br \/>Jei pasikei\u010dia j\u016bs\u0173 asmen\u012f identifikuojanti informacija arba jei norite, kad nebetur\u0117tume prieigos prie j\u016bs\u0173 asmen\u012f identifikuojan\u010dios informacijos, galite papra\u0161yti j\u0105 i\u0161taisyti, atnaujinti ar i\u0161trinti atsi\u0173sdami mums el. lai\u0161k\u0105, esant\u012f skiltyje \u201eKontaktai\u201c.\u00a0<\/p>\n<p><strong>Asmens duomen\u0173 tvarkymo tikslai (tikslai)<\/strong>\u00a0<\/p>\n<p>&quot;Svetain\u0117&quot; tvarko asmens duomenis \u0161iais tikslais:\u00a0<\/p>\n<p><strong>Komercin\u0117s veiklos u\u017etikrinimo paslaugos:\u00a0<\/strong><\/p>\n<p>\u2013 klient\u0173 identifikavimui ir aptarnavimui;\u00a0<br \/>\u2013 komerciniais tikslais \u2013 reklama ir paslaug\u0173 platinimas;\u00a0<br \/>\u2013 klient\u0173 skund\u0173 nagrin\u0117jimui ir tvarkymui;\u00a0<br \/>\u2013 klient\u0173 i\u0161laikymui\u00a0<br \/>\u2013 u\u017e svetain\u0117s ir mobili\u0173j\u0173 aplikacij\u0173 palaikym\u0105 ir tobulinim\u0105;\u00a0<br \/>\u2013 verslo analizei ir planavimui;\u00a0<br \/>\u2013 u\u017e statistikos k\u016brim\u0105, svetain\u0117s ir paslaug\u0173 kokyb\u0117s gerinim\u0105;\u00a0<br \/>\u2013 reklamos pagalba kurti klientams pritaikyt\u0105 turin\u012f.\u00a0<\/p>\n<p><strong>U\u017e informacijos teikim\u0105 valstyb\u0117s ar savivaldybi\u0173 institucijoms i\u0161or\u0117s normini\u0173 akt\u0173 nustatytais atvejais ir apimtimi.\u00a0<\/strong><\/p>\n<p><strong>Asmens duomen\u0173 tvarkymo teisinis pagrindas<\/strong>\u00a0<br \/>Kliento asmens duomen\u0173 tvarkymo \u201eSvetain\u0117je\u201c teisiniai (teis\u0117ti) pagrindai yra \u0161ie:\u00a0<\/p>\n<p>- u\u017e normini\u0173 akt\u0173 (\u012fstatym\u0173) \u012fvykdym\u0105 - vykdyti \u201eSvetain\u0117s\u201c privalomuose norminiuose aktuose (\u012fstatymuose) nustatytas pareigas;\u00a0<br \/>\u2013 Kliento sutikimas;\u00a0<br \/>\u2013 teis\u0117ti interesai \u2013 realizuoti teis\u0117tus interesus, kylan\u010dius i\u0161 normini\u0173 akt\u0173 (\u012fstatym\u0173) arba i\u0161 egzistuojan\u010di\u0173 \u012fsipareigojim\u0173 tarp \u201eSvetain\u0117s\u201c ir Kliento.\u00a0<\/p>\n<p>Teis\u0117ti \u201eSvetain\u0117s\u201c interesai yra \u0161ie:\u00a0<\/p>\n<p>\u2013 vykdyti komercin\u0119 veikl\u0105;\u00a0<br \/>\u2013 u\u017etikrinti sutartini\u0173 \u012fsipareigojim\u0173 vykdym\u0105;\u00a0\u00a0<br \/>\u2013 analizuoti pagrindinio puslapio ir interneto svetaini\u0173 veikim\u0105, kurti ir \u012fgyvendinti j\u0173 patobulinimus;\u00a0<br \/>\u2013 atlikti veiksmus siekiant i\u0161laikyti klientus;\u00a0<br \/>\u2013 si\u0173sti kitus prane\u0161imus apie u\u017esakymo ar \u012fsipareigojimo vykdymo eig\u0105 ir \u012fvykdymui b\u016btinas s\u0105lygas;\u00a0<br \/>\u2013 kreiptis \u012f valstyb\u0117s ar savivaldybi\u0173 institucijas ir teismus d\u0117l savo teis\u0117t\u0173 interes\u0173 gynimo, taip pat teisin\u0117s pagalbos;\u00a0<\/p>\n<p><strong>Tre\u010diosios \u0161alys ir tre\u010di\u0173j\u0173 \u0161ali\u0173 svetain\u0117s<\/strong>\u00a0<\/p>\n<p>Mes gerbiame j\u016bs\u0173 privatum\u0105, tod\u0117l bet kokia \u0161ioje svetain\u0117je surinkta informacija bus laikoma konfidencialia. Jis nebus parduodamas ar naudojamas jokiu b\u016bdu, kuris gal\u0117t\u0173 jums pakenkti.\u00a0<\/p>\n<p>\u0160ioje svetain\u0117je gali b\u016bti nuorod\u0173 \u012f kitas svetaines, kuri\u0173 mes visi\u0161kai nekontroliuojame. Tur\u0117kite tai omenyje, kai spustel\u0117site nuorodas; nesame atsakingi u\u017e kit\u0173 svetaini\u0173 privatumo praktik\u0105 ir politik\u0105. Tod\u0117l rekomenduojame per\u017ei\u016br\u0117ti kiekvienos svetain\u0117s privatumo politik\u0105, neatsi\u017evelgiant \u012f tai, ar m\u016bs\u0173 svetain\u0117je yra nuorod\u0173 \u012f jas, ar ne.\u00a0<\/p>\n<p><strong>Sutikimas ir pataisymai<\/strong>\u00a0<\/p>\n<p>Naudodamiesi \u201eSvetaine\u201c ir\/ar dalyvaudami \u201eSvetain\u0117s\u201c veikloje, patvirtinate, kad sutinkate su Privatumo politikos s\u0105lygomis. Jei nesutinkate su \u0161ia privatumo politika, \u0161ioje svetain\u0117je neteikite asmenin\u0117s informacijos.\u00a0<\/p>\n<p>Mes laikom\u0117s pramon\u0117s standart\u0173, kad apsaugotume bet koki\u0105 informacij\u0105, kuri\u0105 mums pateik\u0117te. Ta\u010diau reikia pa\u017eym\u0117ti, kad joks elektroninis saugojimo b\u016bdas niekada nebus saugus 100%. Tod\u0117l, kaip ir bet kuri kita organizacija, negalime garantuoti absoliutaus j\u016bs\u0173 informacijos saugumo.\u00a0<\/p>\n<p>\u201eSvetain\u0117\u201c gali bet kada ir savo nuo\u017ei\u016bra keisti Privatumo politik\u0105. Pakeitimai \u012fsigalioja juos paskelbus pagrindiniame puslapyje. J\u016bs privalote periodi\u0161kai per\u017ei\u016br\u0117ti \u0161i\u0105 privatumo politik\u0105, kad \u012fsitikintum\u0117te, jog esate susipa\u017ein\u0119 su bet kokiais pakeitimais.\u00a0<\/p>\n<p><strong>Jurisdikcija<\/strong>\u00a0<\/p>\n<p>Mes pasiliekame teis\u0119 atskleisti j\u016bs\u0173 asmen\u012f identifikuojan\u010di\u0105 informacij\u0105, kaip reikalaujama pagal \u012fstatymus ir kai manome, kad atskleidimas yra b\u016btinas siekiant apsaugoti m\u016bs\u0173 teises ir (arba) laikytis teisini\u0173 veiksm\u0173, \u0161aukim\u0173 ar teisinio proceso.\u00a0<\/p>\n<p><strong>Kontaktai<\/strong>\u00a0<\/p>\n<p>SIA &quot;Timesaving&quot;<br \/>\u017demitana gatv\u0117 9 k-1, Ryga, LV-1012<br \/>Reg. nr.: 40003948967<br \/>info@waway.eu<\/p>\n<p><strong>\u0160i privatumo politika paskutin\u012f kart\u0105 buvo atnaujinta 24 d<\/strong><strong>.05.2024.<\/strong>\u00a0<\/p>\t\t\t\t\t\t\t\t<\/div>\n\t\t\t\t\t<\/div>\n\t\t\t\t<\/div>\n\t\t\t\t<\/div>","protected":false},"excerpt":{"rendered":"<p>Priv\u0101tuma politika M\u016bsu vietnes adrese ir:\u00a0https:\/\/www.waway.eu\/ Saist\u012bbas\u00a0\u0160\u012b Priv\u0101tuma politika paskaidro to, k\u0101 \u201chttps:\/\/www.waway.eu\/\u201d iev\u0101c par Jums person\u012bgos datus, k\u0101 tos glab\u0101, izmanto un kad izpau\u017e \u0161os datus, turpm\u0101k \u201cwaway.eu\u201d tekst\u0101 apz\u012bm\u0113ta ar \u201cVietne\u201d.\u00a0 \u201cVietne\u201d ap\u0146emas aizsarg\u0101t J\u016bsu person\u012bgo datu priv\u0101tumu, kuri tiek ieg\u016bti no Jums, taj\u0101 skait\u0101 datus, kas tiek ieg\u016bti, kad J\u016bs apmekl\u0113jat \u201cVietne\u201d. [&hellip;]<\/p>","protected":false},"author":1,"featured_media":0,"parent":0,"menu_order":0,"comment_status":"closed","ping_status":"closed","template":"","meta":{"_acf_changed":false,"footnotes":""},"class_list":["post-378","page","type-page","status-publish","hentry"],"acf":[],"_links":{"self":[{"href":"https:\/\/waway.eu\/lt\/wp-json\/wp\/v2\/pages\/378","targetHints":{"allow":["GET"]}}],"collection":[{"href":"https:\/\/waway.eu\/lt\/wp-json\/wp\/v2\/pages"}],"about":[{"href":"https:\/\/waway.eu\/lt\/wp-json\/wp\/v2\/types\/page"}],"author":[{"embeddable":true,"href":"https:\/\/waway.eu\/lt\/wp-json\/wp\/v2\/users\/1"}],"replies":[{"embeddable":true,"href":"https:\/\/waway.eu\/lt\/wp-json\/wp\/v2\/comments?post=378"}],"version-history":[{"count":0,"href":"https:\/\/waway.eu\/lt\/wp-json\/wp\/v2\/pages\/378\/revisions"}],"wp:attachment":[{"href":"https:\/\/waway.eu\/lt\/wp-json\/wp\/v2\/media?parent=378"}],"curies":[{"name":"wp","href":"https:\/\/api.w.org\/{rel}","templated":true}]}}