{"id":1039,"date":"2024-09-11T16:34:22","date_gmt":"2024-09-11T13:34:22","guid":{"rendered":"https:\/\/waway.eu\/?post_type=product&#038;p=1039"},"modified":"2025-09-15T10:03:23","modified_gmt":"2025-09-15T07:03:23","slug":"beeline-velo-2-adapteris","status":"publish","type":"product","link":"https:\/\/waway.eu\/lt\/produkti\/beeline-velo-2-adapteris\/","title":{"rendered":"Beeline Velo 2 adapteris"},"content":{"rendered":"","protected":false},"excerpt":{"rendered":"<p>Adapterio \u012fd\u0117klas, skirtas Velo 2 naudoti su daugeliu kit\u0173 dvira\u010di\u0173 navigacijos laikikli\u0173*<br \/>\n<strong><br \/>\nKas \u012ftraukta:<\/strong><br \/>\nVelo 2 adapterio \u012fd\u0117klas<br \/>\nadapterio var\u017etai x 2<\/p>\n<p>*Velo 2 tvirtinimo adapterio \u012fd\u0117klas yra skirtas naudoti su tre\u010di\u0173j\u0173 \u0161ali\u0173 dvira\u010dio kompiuterio laikikliais su 32 mm skersmens tvirtinimo \u012fd\u0117klo ertme su sriegiais, integruotais \u012f laikikl\u012f. Adapteris nesuderinamas su tvirtinimo detal\u0117mis, kurios turi sriegius pa\u010diame \u012fd\u0117kle. Nor\u0117dami su\u017einoti daugiau, \u017er <a href=\"https:\/\/youtu.be\/18sHHv7kVjU?list=TLGGfoIDby7qt40xMTA5MjAyNA\" target=\"_blank\" rel=\"noopener\">montavimo vaizdo \u012fra\u0161as.<\/a><\/p>","protected":false},"featured_media":1265,"template":"","meta":{"_acf_changed":false},"product_brand":[40],"product_cat":[34],"product_tag":[],"class_list":{"0":"post-1039","1":"product","2":"type-product","3":"status-publish","4":"has-post-thumbnail","6":"product_brand-beeline","7":"product_cat-navigacija-ritenbrauksanai","9":"first","10":"instock","11":"taxable","12":"shipping-taxable","13":"purchasable","14":"product-type-simple"},"acf":[],"_links":{"self":[{"href":"https:\/\/waway.eu\/lt\/wp-json\/wp\/v2\/product\/1039","targetHints":{"allow":["GET"]}}],"collection":[{"href":"https:\/\/waway.eu\/lt\/wp-json\/wp\/v2\/product"}],"about":[{"href":"https:\/\/waway.eu\/lt\/wp-json\/wp\/v2\/types\/product"}],"wp:featuredmedia":[{"embeddable":true,"href":"https:\/\/waway.eu\/lt\/wp-json\/wp\/v2\/media\/1265"}],"wp:attachment":[{"href":"https:\/\/waway.eu\/lt\/wp-json\/wp\/v2\/media?parent=1039"}],"wp:term":[{"taxonomy":"product_brand","embeddable":true,"href":"https:\/\/waway.eu\/lt\/wp-json\/wp\/v2\/product_brand?post=1039"},{"taxonomy":"product_cat","embeddable":true,"href":"https:\/\/waway.eu\/lt\/wp-json\/wp\/v2\/product_cat?post=1039"},{"taxonomy":"product_tag","embeddable":true,"href":"https:\/\/waway.eu\/lt\/wp-json\/wp\/v2\/product_tag?post=1039"}],"curies":[{"name":"wp","href":"https:\/\/api.w.org\/{rel}","templated":true}]}}