{"id":1045,"date":"2024-09-11T16:44:11","date_gmt":"2024-09-11T13:44:11","guid":{"rendered":"https:\/\/waway.eu\/?post_type=product&#038;p=1045"},"modified":"2026-05-11T16:20:49","modified_gmt":"2026-05-11T13:20:49","slug":"beeline-moto-2-macins","status":"publish","type":"product","link":"https:\/\/waway.eu\/lt\/produkti\/beeline-moto-2-macins\/","title":{"rendered":"Beeline Moto 2 pinigin\u0117"},"content":{"rendered":"","protected":false},"excerpt":{"rendered":"<p>\u0160is kietas EVA d\u0117klas su u\u017etrauktuku turi mink\u0161t\u0105, pamink\u0161tint\u0105 vid\u0173, kurioje telpa j\u016bs\u0173 Beeline Moto II ir \u012fkrovimo laidas.<\/p>\n<p>Komplekte yra patogus karabino segtukas, kad Beeline b\u016bt\u0173 patogiai pritvirtintas prie krep\u0161io ar dir\u017eo.<\/p>\n<p><strong>Savyb\u0117s:<\/strong><br \/>\nSmail\u0117 mai\u0161elis atsidaro iki pus\u0117s vienoje k\u016bno pus\u0117je, kad priedai likt\u0173 vietoje<br \/>\nElastinis dir\u017eelis kitoje korpuso pus\u0117je, kad prietaisas likt\u0173 vietoje<\/p>","protected":false},"featured_media":397,"template":"","meta":{"_acf_changed":false},"product_brand":[40],"product_cat":[33],"product_tag":[37],"class_list":{"0":"post-1045","1":"product","2":"type-product","3":"status-publish","4":"has-post-thumbnail","6":"product_brand-beeline","7":"product_cat-motociklu-navigacija","8":"product_tag-moto-2","10":"first","11":"instock","12":"taxable","13":"shipping-taxable","14":"purchasable","15":"product-type-simple"},"acf":[],"_links":{"self":[{"href":"https:\/\/waway.eu\/lt\/wp-json\/wp\/v2\/product\/1045","targetHints":{"allow":["GET"]}}],"collection":[{"href":"https:\/\/waway.eu\/lt\/wp-json\/wp\/v2\/product"}],"about":[{"href":"https:\/\/waway.eu\/lt\/wp-json\/wp\/v2\/types\/product"}],"wp:featuredmedia":[{"embeddable":true,"href":"https:\/\/waway.eu\/lt\/wp-json\/wp\/v2\/media\/397"}],"wp:attachment":[{"href":"https:\/\/waway.eu\/lt\/wp-json\/wp\/v2\/media?parent=1045"}],"wp:term":[{"taxonomy":"product_brand","embeddable":true,"href":"https:\/\/waway.eu\/lt\/wp-json\/wp\/v2\/product_brand?post=1045"},{"taxonomy":"product_cat","embeddable":true,"href":"https:\/\/waway.eu\/lt\/wp-json\/wp\/v2\/product_cat?post=1045"},{"taxonomy":"product_tag","embeddable":true,"href":"https:\/\/waway.eu\/lt\/wp-json\/wp\/v2\/product_tag?post=1045"}],"curies":[{"name":"wp","href":"https:\/\/api.w.org\/{rel}","templated":true}]}}