{"id":1051,"date":"2024-09-11T16:47:15","date_gmt":"2024-09-11T13:47:15","guid":{"rendered":"https:\/\/waway.eu\/?post_type=product&#038;p=1051"},"modified":"2026-05-11T16:18:21","modified_gmt":"2026-05-11T13:18:21","slug":"beeline-moto-2-universalais-stiprinajums","status":"publish","type":"product","link":"https:\/\/waway.eu\/lt\/produkti\/beeline-moto-2-universalais-stiprinajums\/","title":{"rendered":"Beeline Moto 2 universalus laikiklis"},"content":{"rendered":"","protected":false},"excerpt":{"rendered":"<p>\u0160\u012f paprast\u0105, \u017eemo profilio ir lengv\u0105 laikikl\u012f galima pritvirtinti prie beveik bet kokio strypo, neatsi\u017evelgiant \u012f form\u0105 ar dyd\u012f, kad gal\u0117tum\u0117te saugiai laikyti Moto II.<\/p>\n<p>Komplekte esan\u010dios elastin\u0117s juostos tinka daugumai stryp\u0173, ta\u010diau jei turite ypa\u010d dideli\u0173 ar ma\u017e\u0173 stryp\u0173, galite naudoti kit\u0173 dyd\u017ei\u0173 juostas, kurios yra pla\u010diai prieinamos.<\/p>\n<p>Komplekte yra pilkos spalvos silikonin\u0117s gumos apsauginis pagrindas, kuris padeda tvirtai suimti strypus ir i\u0161laikyti juos puikios b\u016bkl\u0117s.<\/p>","protected":false},"featured_media":1052,"template":"","meta":{"_acf_changed":false},"product_brand":[40],"product_cat":[33],"product_tag":[37],"class_list":{"0":"post-1051","1":"product","2":"type-product","3":"status-publish","4":"has-post-thumbnail","6":"product_brand-beeline","7":"product_cat-motociklu-navigacija","8":"product_tag-moto-2","10":"first","11":"instock","12":"taxable","13":"shipping-taxable","14":"purchasable","15":"product-type-simple"},"acf":[],"_links":{"self":[{"href":"https:\/\/waway.eu\/lt\/wp-json\/wp\/v2\/product\/1051","targetHints":{"allow":["GET"]}}],"collection":[{"href":"https:\/\/waway.eu\/lt\/wp-json\/wp\/v2\/product"}],"about":[{"href":"https:\/\/waway.eu\/lt\/wp-json\/wp\/v2\/types\/product"}],"wp:featuredmedia":[{"embeddable":true,"href":"https:\/\/waway.eu\/lt\/wp-json\/wp\/v2\/media\/1052"}],"wp:attachment":[{"href":"https:\/\/waway.eu\/lt\/wp-json\/wp\/v2\/media?parent=1051"}],"wp:term":[{"taxonomy":"product_brand","embeddable":true,"href":"https:\/\/waway.eu\/lt\/wp-json\/wp\/v2\/product_brand?post=1051"},{"taxonomy":"product_cat","embeddable":true,"href":"https:\/\/waway.eu\/lt\/wp-json\/wp\/v2\/product_cat?post=1051"},{"taxonomy":"product_tag","embeddable":true,"href":"https:\/\/waway.eu\/lt\/wp-json\/wp\/v2\/product_tag?post=1051"}],"curies":[{"name":"wp","href":"https:\/\/api.w.org\/{rel}","templated":true}]}}