{"id":1136,"date":"2025-06-04T11:47:15","date_gmt":"2025-06-04T08:47:15","guid":{"rendered":"https:\/\/waway.eu\/?post_type=product&#038;p=1136"},"modified":"2026-05-11T16:16:02","modified_gmt":"2026-05-11T13:16:02","slug":"beeline-velo-2-protection-pack","status":"publish","type":"product","link":"https:\/\/waway.eu\/lt\/produkti\/beeline-velo-2-protection-pack\/","title":{"rendered":"\u201eBeeline Velo 2\u201c apsaugos komplektas"},"content":{"rendered":"","protected":false},"excerpt":{"rendered":"<p data-start=\"26\" data-end=\"111\"><strong data-start=\"26\" data-end=\"111\">Apsaugokite savo \u201eVelo 2\u201c ir pasiruo\u0161kite nuotykiams su \u0161iuo d\u0117klu ir ekrano apsauga.<\/strong><\/p>\n<p data-start=\"113\" data-end=\"136\"><strong data-start=\"113\" data-end=\"136\">\u012e paket\u0105 \u012feina:<\/strong><\/p>\n<ul data-start=\"138\" data-end=\"204\">\n<li data-start=\"138\" data-end=\"165\">\n<p data-start=\"140\" data-end=\"165\">Silikoninis \u012frenginio d\u0117klas<\/p>\n<\/li>\n<li data-start=\"166\" data-end=\"204\">\n<p data-start=\"168\" data-end=\"204\">Apsauginis stiklo ekrano apsauginis elementas nuo akinimo<\/p>\n<\/li>\n<\/ul>","protected":false},"featured_media":1140,"template":"","meta":{"_acf_changed":false},"product_brand":[40],"product_cat":[34],"product_tag":[42],"class_list":{"0":"post-1136","1":"product","2":"type-product","3":"status-publish","4":"has-post-thumbnail","6":"product_brand-beeline","7":"product_cat-navigacija-ritenbrauksanai","8":"product_tag-velo-2","10":"first","11":"instock","12":"taxable","13":"shipping-taxable","14":"purchasable","15":"product-type-variable"},"acf":[],"_links":{"self":[{"href":"https:\/\/waway.eu\/lt\/wp-json\/wp\/v2\/product\/1136","targetHints":{"allow":["GET"]}}],"collection":[{"href":"https:\/\/waway.eu\/lt\/wp-json\/wp\/v2\/product"}],"about":[{"href":"https:\/\/waway.eu\/lt\/wp-json\/wp\/v2\/types\/product"}],"wp:featuredmedia":[{"embeddable":true,"href":"https:\/\/waway.eu\/lt\/wp-json\/wp\/v2\/media\/1140"}],"wp:attachment":[{"href":"https:\/\/waway.eu\/lt\/wp-json\/wp\/v2\/media?parent=1136"}],"wp:term":[{"taxonomy":"product_brand","embeddable":true,"href":"https:\/\/waway.eu\/lt\/wp-json\/wp\/v2\/product_brand?post=1136"},{"taxonomy":"product_cat","embeddable":true,"href":"https:\/\/waway.eu\/lt\/wp-json\/wp\/v2\/product_cat?post=1136"},{"taxonomy":"product_tag","embeddable":true,"href":"https:\/\/waway.eu\/lt\/wp-json\/wp\/v2\/product_tag?post=1136"}],"curies":[{"name":"wp","href":"https:\/\/api.w.org\/{rel}","templated":true}]}}