{"id":1169,"date":"2025-06-18T10:00:33","date_gmt":"2025-06-18T07:00:33","guid":{"rendered":"https:\/\/waway.eu\/?post_type=product&#038;p=1169"},"modified":"2026-05-11T16:12:09","modified_gmt":"2026-05-11T13:12:09","slug":"moto-ii-daksas-stumbra-stiprinajums","status":"publish","type":"product","link":"https:\/\/waway.eu\/lt\/produkti\/moto-ii-daksas-stumbra-stiprinajums\/","title":{"rendered":"Moto II \u0161ak\u0117s vairo laikiklis"},"content":{"rendered":"","protected":false},"excerpt":{"rendered":"<p data-start=\"58\" data-end=\"337\">\u0160is laikiklis idealiai tinka motociklams su u\u017esegamu vairu. Pagrindas \u012fstatomas \u012f centrin\u0119 \u0161ak\u0117s i\u0161ky\u0161os ang\u0105. Pritvirtinkite \u201eMoto II\u201c prie vairo arba naudokite pridedamas modulines dalis, kad sureguliuotum\u0117te \u012frenginio kamp\u0105 ir pad\u0117t\u012f.<\/p>\n<p data-start=\"339\" data-end=\"362\"><strong data-start=\"339\" data-end=\"362\">\u012e paket\u0105 \u012feina:<\/strong><\/p>\n<ul data-start=\"364\" data-end=\"605\">\n<li data-start=\"364\" data-end=\"395\">\n<p data-start=\"366\" data-end=\"395\">\u0160ak\u0117s koto laikiklis<\/p>\n<\/li>\n<li data-start=\"396\" data-end=\"460\">\n<p data-start=\"398\" data-end=\"460\">Ma\u017eas tarpinis \u017eiedas (12\u201318,5 mm skersmens)<\/p>\n<\/li>\n<li data-start=\"461\" data-end=\"528\">\n<p data-start=\"463\" data-end=\"528\">Didelis tarpinis \u017eiedas (nuo 18,5 mm iki 25,4 mm skersmens)<\/p>\n<\/li>\n<li data-start=\"529\" data-end=\"577\">\n<p data-start=\"531\" data-end=\"577\">Modulinis montavimo prailginimo rinkinys<\/p>\n<\/li>\n<li data-start=\"578\" data-end=\"605\">\n<p data-start=\"580\" data-end=\"605\">Greito paleidimo vadovas<strong data-start=\"57\" data-end=\"146\">Montavimui reikalingi 2,5 mm ir 4 mm \u0161e\u0161iakampiai raktai (nepridedami).<\/strong><br data-start=\"146\" data-end=\"149\" \/>Suderinamas su \u201eMoto II\u201c \u012frenginiais, taip pat su originaliais \u201eMoto\u201c \u012frenginiais, naudojant original\u0173 \u201eMoto\u201c \u012f \u201eMoto II\u201c laikiklio adapter\u012f.<\/p>\n<\/li>\n<\/ul>","protected":false},"featured_media":1176,"template":"","meta":{"_acf_changed":false},"product_brand":[40],"product_cat":[33],"product_tag":[36,37],"class_list":{"0":"post-1169","1":"product","2":"type-product","3":"status-publish","4":"has-post-thumbnail","6":"product_brand-beeline","7":"product_cat-motociklu-navigacija","8":"product_tag-moto","9":"product_tag-moto-2","11":"first","12":"instock","13":"taxable","14":"shipping-taxable","15":"purchasable","16":"product-type-simple"},"acf":[],"_links":{"self":[{"href":"https:\/\/waway.eu\/lt\/wp-json\/wp\/v2\/product\/1169","targetHints":{"allow":["GET"]}}],"collection":[{"href":"https:\/\/waway.eu\/lt\/wp-json\/wp\/v2\/product"}],"about":[{"href":"https:\/\/waway.eu\/lt\/wp-json\/wp\/v2\/types\/product"}],"wp:featuredmedia":[{"embeddable":true,"href":"https:\/\/waway.eu\/lt\/wp-json\/wp\/v2\/media\/1176"}],"wp:attachment":[{"href":"https:\/\/waway.eu\/lt\/wp-json\/wp\/v2\/media?parent=1169"}],"wp:term":[{"taxonomy":"product_brand","embeddable":true,"href":"https:\/\/waway.eu\/lt\/wp-json\/wp\/v2\/product_brand?post=1169"},{"taxonomy":"product_cat","embeddable":true,"href":"https:\/\/waway.eu\/lt\/wp-json\/wp\/v2\/product_cat?post=1169"},{"taxonomy":"product_tag","embeddable":true,"href":"https:\/\/waway.eu\/lt\/wp-json\/wp\/v2\/product_tag?post=1169"}],"curies":[{"name":"wp","href":"https:\/\/api.w.org\/{rel}","templated":true}]}}