{"id":1177,"date":"2025-06-18T10:06:24","date_gmt":"2025-06-18T07:06:24","guid":{"rendered":"https:\/\/waway.eu\/?post_type=product&#038;p=1177"},"modified":"2026-05-11T16:11:18","modified_gmt":"2026-05-11T13:11:18","slug":"moto-ii-1-collas-lodveida-stiprinajuma-adapteris","status":"publish","type":"product","link":"https:\/\/waway.eu\/lt\/produkti\/moto-ii-1-collas-lodveida-stiprinajuma-adapteris\/","title":{"rendered":"\u201eMoto II\u201c 1 colio rutulinio tvirtinimo adapteris"},"content":{"rendered":"","protected":false},"excerpt":{"rendered":"<p data-start=\"50\" data-end=\"188\">\u0160is adapteris, suderinamas su \u012fvairiais 1 colio rutuliniais laikikliais ir spaustukais, leid\u017eia lengvai pritvirtinti \u201eMoto II\u201c neprilygstamu lankstumu.<\/p>\n<p data-start=\"190\" data-end=\"213\"><strong data-start=\"190\" data-end=\"213\">\u012e paket\u0105 \u012feina:<\/strong><\/p>\n<ul data-start=\"215\" data-end=\"285\">\n<li data-start=\"215\" data-end=\"259\">\n<p data-start=\"217\" data-end=\"259\">1 colio rutulinio tvirtinimo adapteris<\/p>\n<\/li>\n<li data-start=\"260\" data-end=\"285\">\n<p data-start=\"262\" data-end=\"285\">Greito paleidimo vadovas<\/p>\n<\/li>\n<\/ul>\n<p><strong data-start=\"51\" data-end=\"141\">Montavimui reikalingi 2,5 mm ir 4 mm \u0161e\u0161iakampiai raktai (nepridedami).<\/strong><br data-start=\"141\" data-end=\"144\" \/>Suderinamas su \u201eMoto II\u201c \u012frenginiais, taip pat su originaliais \u201eMoto\u201c \u012frenginiais, naudojant original\u0173 \u201eMoto\u201c \u012f \u201eMoto II\u201c laikiklio adapter\u012f.<\/p>","protected":false},"featured_media":1180,"template":"","meta":{"_acf_changed":false},"product_brand":[40],"product_cat":[33],"product_tag":[36,37],"class_list":{"0":"post-1177","1":"product","2":"type-product","3":"status-publish","4":"has-post-thumbnail","6":"product_brand-beeline","7":"product_cat-motociklu-navigacija","8":"product_tag-moto","9":"product_tag-moto-2","11":"first","12":"instock","13":"taxable","14":"shipping-taxable","15":"purchasable","16":"product-type-simple"},"acf":[],"_links":{"self":[{"href":"https:\/\/waway.eu\/lt\/wp-json\/wp\/v2\/product\/1177","targetHints":{"allow":["GET"]}}],"collection":[{"href":"https:\/\/waway.eu\/lt\/wp-json\/wp\/v2\/product"}],"about":[{"href":"https:\/\/waway.eu\/lt\/wp-json\/wp\/v2\/types\/product"}],"wp:featuredmedia":[{"embeddable":true,"href":"https:\/\/waway.eu\/lt\/wp-json\/wp\/v2\/media\/1180"}],"wp:attachment":[{"href":"https:\/\/waway.eu\/lt\/wp-json\/wp\/v2\/media?parent=1177"}],"wp:term":[{"taxonomy":"product_brand","embeddable":true,"href":"https:\/\/waway.eu\/lt\/wp-json\/wp\/v2\/product_brand?post=1177"},{"taxonomy":"product_cat","embeddable":true,"href":"https:\/\/waway.eu\/lt\/wp-json\/wp\/v2\/product_cat?post=1177"},{"taxonomy":"product_tag","embeddable":true,"href":"https:\/\/waway.eu\/lt\/wp-json\/wp\/v2\/product_tag?post=1177"}],"curies":[{"name":"wp","href":"https:\/\/api.w.org\/{rel}","templated":true}]}}