{"id":1181,"date":"2025-06-18T10:09:35","date_gmt":"2025-06-18T07:09:35","guid":{"rendered":"https:\/\/waway.eu\/?post_type=product&#038;p=1181"},"modified":"2026-05-11T16:09:11","modified_gmt":"2026-05-11T13:09:11","slug":"moto-ii-modularais-stiprinajuma-pagarinajuma-komplekts","status":"publish","type":"product","link":"https:\/\/waway.eu\/lt\/produkti\/moto-ii-modularais-stiprinajuma-pagarinajuma-komplekts\/","title":{"rendered":"Moto II modulinio laikiklio prailginimo rinkinys"},"content":{"rendered":"","protected":false},"excerpt":{"rendered":"<p data-start=\"62\" data-end=\"284\">\u0160is komplektas yra visi\u0161kai reguliuojamas ir su nuimamu prailginimu, tod\u0117l j\u016bs\u0173 \u201eMoto II\u201c laikikliai tampa auk\u0161tesni ir lankstesni. Sukurkite savo pasirinktin\u0119 laikikli\u0173 konfig\u016bracij\u0105, derindami j\u012f su veiksmo kamer\u0173 laikikliais.<\/p>\n<p data-start=\"286\" data-end=\"309\"><strong data-start=\"286\" data-end=\"309\">\u012e paket\u0105 \u012feina:<\/strong><\/p>\n<ul data-start=\"311\" data-end=\"464\">\n<li data-start=\"311\" data-end=\"359\">\n<p data-start=\"313\" data-end=\"359\">Modulinio tvirtinimo \u012fterpimo adapteris<\/p>\n<\/li>\n<li data-start=\"360\" data-end=\"404\">\n<p data-start=\"362\" data-end=\"404\">Modulinio tvirtinimo prailginimo svirtis<\/p>\n<\/li>\n<li data-start=\"405\" data-end=\"438\">\n<p data-start=\"407\" data-end=\"438\">Modulin\u0117 tvirtinimo galvut\u0117<\/p>\n<\/li>\n<li data-start=\"439\" data-end=\"464\">\n<p data-start=\"441\" data-end=\"464\">Greito paleidimo vadovas<\/p>\n<\/li>\n<\/ul>\n<p data-start=\"60\" data-end=\"234\">Modulinis prailgintuvas turi galimyb\u0119 patogiai pritvirtinti plastikin\u012f rai\u0161tel\u012f, kad b\u016bt\u0173 galima sutvarkyti maitinamo laikiklio \u012fd\u0117klo laido i\u0161d\u0117stym\u0105 naudojant \u0161\u012f pried\u0105.<\/p>\n<p data-start=\"236\" data-end=\"390\">Sujungdami \u0161\u012f tvirtinimo rinkin\u012f su 4 skyli\u0173 AMPS laikikliu, galite sukurti konfig\u016bracij\u0105, kuri primena original\u0173 \u201eSticky Pad\u201c laikikl\u012f.<\/p>\n<p data-start=\"392\" data-end=\"702\"><strong data-start=\"392\" data-end=\"482\">Montavimui reikalingi 2,5 mm ir 4 mm \u0161e\u0161iakampiai raktai (nepridedami).<\/strong><br data-start=\"482\" data-end=\"485\" \/>Nesuderinamas su \u201eMoto II Universal\u201c laikikliu arba originaliais \u201eBeeline Moto\u201c laikikliais.<br data-start=\"571\" data-end=\"574\" \/>Suderinamas su \u201eMoto II\u201c \u012frenginiais, taip pat su originaliais \u201eMoto\u201c \u012frenginiais, naudojant original\u0173 \u201eMoto\u201c \u012f \u201eMoto II\u201c laikiklio adapter\u012f.<\/p>","protected":false},"featured_media":1185,"template":"","meta":{"_acf_changed":false},"product_brand":[40],"product_cat":[33],"product_tag":[36,37],"class_list":{"0":"post-1181","1":"product","2":"type-product","3":"status-publish","4":"has-post-thumbnail","6":"product_brand-beeline","7":"product_cat-motociklu-navigacija","8":"product_tag-moto","9":"product_tag-moto-2","11":"first","12":"instock","13":"taxable","14":"shipping-taxable","15":"purchasable","16":"product-type-simple"},"acf":[],"_links":{"self":[{"href":"https:\/\/waway.eu\/lt\/wp-json\/wp\/v2\/product\/1181","targetHints":{"allow":["GET"]}}],"collection":[{"href":"https:\/\/waway.eu\/lt\/wp-json\/wp\/v2\/product"}],"about":[{"href":"https:\/\/waway.eu\/lt\/wp-json\/wp\/v2\/types\/product"}],"wp:featuredmedia":[{"embeddable":true,"href":"https:\/\/waway.eu\/lt\/wp-json\/wp\/v2\/media\/1185"}],"wp:attachment":[{"href":"https:\/\/waway.eu\/lt\/wp-json\/wp\/v2\/media?parent=1181"}],"wp:term":[{"taxonomy":"product_brand","embeddable":true,"href":"https:\/\/waway.eu\/lt\/wp-json\/wp\/v2\/product_brand?post=1181"},{"taxonomy":"product_cat","embeddable":true,"href":"https:\/\/waway.eu\/lt\/wp-json\/wp\/v2\/product_cat?post=1181"},{"taxonomy":"product_tag","embeddable":true,"href":"https:\/\/waway.eu\/lt\/wp-json\/wp\/v2\/product_tag?post=1181"}],"curies":[{"name":"wp","href":"https:\/\/api.w.org\/{rel}","templated":true}]}}