{"id":1404,"date":"2026-03-05T13:41:43","date_gmt":"2026-03-05T11:41:43","guid":{"rendered":"https:\/\/waway.eu\/?post_type=product&#038;p=1404"},"modified":"2026-05-13T19:36:47","modified_gmt":"2026-05-13T16:36:47","slug":"moto-2-classic-stures-stiena-stiprinajums","status":"publish","type":"product","link":"https:\/\/waway.eu\/lt\/produkti\/moto-2-classic-stures-stiena-stiprinajums\/","title":{"rendered":"\u201eMoto 2 Classic\u201c vairo laikiklis"},"content":{"rendered":"","protected":false},"excerpt":{"rendered":"<p data-start=\"0\" data-end=\"218\">Paprastas ir stilingas, \u0161is juodas anoduotas vairo spaustuko laikiklis idealiai tinka dvira\u010diams su standartin\u0117mis vairo svirtimis. Tvirtinimo \u012fd\u0117kl\u0105 galima pasukti \u012f skirtingas pad\u0117tis, kad jis tilpt\u0173 \u012f i\u0161lenktas vairo dalis.<\/p>\n<p data-start=\"220\" data-end=\"243\"><strong data-start=\"220\" data-end=\"243\">\u012e paket\u0105 \u012feina:<\/strong><\/p>\n<ul data-start=\"244\" data-end=\"376\" data-is-last-node=\"\" data-is-only-node=\"\">\n<li data-start=\"244\" data-end=\"281\">\n<p data-start=\"246\" data-end=\"281\">Metalinis vairo spaustuko laikiklis<\/p>\n<\/li>\n<li data-start=\"282\" data-end=\"376\" data-is-last-node=\"\">\n<p data-start=\"284\" data-end=\"322\">Tarpikliai \u0161iems vairo skersmenims:<\/p>\n<ul data-start=\"325\" data-end=\"376\" data-is-last-node=\"\">\n<li data-start=\"325\" data-end=\"336\">\n<p data-start=\"327\" data-end=\"336\">22,2 mm<\/p>\n<\/li>\n<li data-start=\"339\" data-end=\"350\">\n<p data-start=\"341\" data-end=\"350\">25,4 mm<\/p>\n<\/li>\n<li data-start=\"353\" data-end=\"364\">\n<p data-start=\"355\" data-end=\"364\">28,6 mm<\/p>\n<\/li>\n<li data-start=\"367\" data-end=\"376\" data-is-last-node=\"\">\n<p data-start=\"369\" data-end=\"376\" data-is-last-node=\"\">31,8 mm<\/p>\n<\/li>\n<\/ul>\n<\/li>\n<\/ul>\n<p><strong>Pastabos:<\/strong><\/p>\n<p data-start=\"0\" data-end=\"202\">Originalus <strong data-start=\"12\" data-end=\"28\">Beeline \u0161\u016bkis<\/strong> Vairo spaustuko laikiklis yra m\u016bs\u0173 perkamiausias laikiklis. Vartotojams patinka jo i\u0161vaizda ir patvarumas, ta\u010diau \u0161ioje naujoje versijoje patobulinome dizain\u0105 \u0161iais b\u016bdais:<\/p>\n<ul data-start=\"204\" data-end=\"521\">\n<li data-start=\"204\" data-end=\"315\">\n<p data-start=\"206\" data-end=\"315\">Vyrio tipo spaustukas ir vientisa, pa\u017eenklinta tarpin\u0117 palengvina montavim\u0105 ir suma\u017eina dali\u0173 skai\u010di\u0173.<\/p>\n<\/li>\n<li data-start=\"316\" data-end=\"414\">\n<p data-start=\"318\" data-end=\"414\">Pagrindinis spaustuko var\u017etas pasl\u0117ptas po tvirtinimo \u012fd\u0117klu, tod\u0117l atrodo \u0161variau ir eleganti\u0161kiau.<\/p>\n<\/li>\n<li data-start=\"415\" data-end=\"521\">\n<p data-start=\"417\" data-end=\"521\">Didesni ir ilgesni sriegiai padeda i\u0161vengti tvirtinimo detal\u0117s atsipalaidavimo ir var\u017et\u0173 galvu\u010di\u0173 susid\u0117v\u0117jimo.<\/p>\n<\/li>\n<\/ul>\n<p data-start=\"523\" data-end=\"676\" data-is-last-node=\"\" data-is-only-node=\"\">Laikiklis skirtas montuoti ant motociklo vairo, o pridedami tarpikliai leid\u017eia j\u012f pritaikyti prie da\u017eniausiai naudojam\u0173 vairo skersmen\u0173.<\/p>","protected":false},"featured_media":1405,"template":"","meta":{"_acf_changed":false},"product_brand":[40],"product_cat":[33],"product_tag":[37],"class_list":{"0":"post-1404","1":"product","2":"type-product","3":"status-publish","4":"has-post-thumbnail","6":"product_brand-beeline","7":"product_cat-motociklu-navigacija","8":"product_tag-moto-2","10":"first","11":"instock","12":"taxable","13":"shipping-taxable","14":"purchasable","15":"product-type-simple"},"acf":[],"_links":{"self":[{"href":"https:\/\/waway.eu\/lt\/wp-json\/wp\/v2\/product\/1404","targetHints":{"allow":["GET"]}}],"collection":[{"href":"https:\/\/waway.eu\/lt\/wp-json\/wp\/v2\/product"}],"about":[{"href":"https:\/\/waway.eu\/lt\/wp-json\/wp\/v2\/types\/product"}],"wp:featuredmedia":[{"embeddable":true,"href":"https:\/\/waway.eu\/lt\/wp-json\/wp\/v2\/media\/1405"}],"wp:attachment":[{"href":"https:\/\/waway.eu\/lt\/wp-json\/wp\/v2\/media?parent=1404"}],"wp:term":[{"taxonomy":"product_brand","embeddable":true,"href":"https:\/\/waway.eu\/lt\/wp-json\/wp\/v2\/product_brand?post=1404"},{"taxonomy":"product_cat","embeddable":true,"href":"https:\/\/waway.eu\/lt\/wp-json\/wp\/v2\/product_cat?post=1404"},{"taxonomy":"product_tag","embeddable":true,"href":"https:\/\/waway.eu\/lt\/wp-json\/wp\/v2\/product_tag?post=1404"}],"curies":[{"name":"wp","href":"https:\/\/api.w.org\/{rel}","templated":true}]}}