{"id":386,"date":"2024-05-26T13:14:31","date_gmt":"2024-05-26T10:14:31","guid":{"rendered":"http:\/\/beeadmin"},"modified":"2026-05-11T15:53:46","modified_gmt":"2026-05-11T12:53:46","slug":"beeline-velo-2-navigacija","status":"publish","type":"product","link":"https:\/\/waway.eu\/lt\/produkti\/beeline-velo-2-navigacija\/","title":{"rendered":"Beeline Velo 2 navigacija"},"content":{"rendered":"","protected":false},"excerpt":{"rendered":"<p><strong>Naujos kartos navigacijos \u012frenginys dvira\u010diams.<\/strong><\/p>\n<p>Navigacijos \u012frenginys \u201eBeeline Velo 2\u201c yra j\u016bs\u0173 paprastas, eleganti\u0161kas s\u0105jungininkas siekiant geresnio va\u017eiavimo dvira\u010diu. Kompakti\u0161kas dizainas puikiai atrodo ant bet kurio dvira\u010dio, o ai\u0161ki s\u0105saja suteikia vis\u0105 reikiam\u0105 informacij\u0105 i\u0161 pirmo \u017evilgsnio.<\/p>\n<p>Mar\u0161ruto planavimas \u201eBeeline\u201c program\u0117l\u0117je yra lengvas ir paprastas. Be to, naudodamiesi patentuota \u201eBeeline Smart Routing\u201c keli\u0173 \u012fvertinimo sistema, galite pasinaudoti t\u016bkstan\u010diais vairuotoj\u0173, kurie pasirinktu atstumu buvo nuva\u017eiav\u0119 prie\u0161 jus.<\/p>\n<p><strong>Pilna komplektacija:<\/strong><\/p>\n<ul>\n<li>Navigacijos \u012frenginys Velo 2<\/li>\n<li>USB-C \u012fkrovimo laidas<\/li>\n<li>Universalus vairo laikiklis<\/li>\n<li>Naudojimo instrukcijos<\/li>\n<\/ul>\n<p><strong>NB!<\/strong>\u00a0Kad \u201eBeeline Velo 2\u201c veikt\u0173, reikalingas i\u0161manusis telefonas ir \u201eBluetooth\u201c ry\u0161ys. \u201eBeeline Velo 2\u201c yra skirtas va\u017eiuoti dvira\u010diu ir nesuderinamas su motocikl\u0173 mar\u0161rutais.<\/p>","protected":false},"featured_media":1340,"template":"","meta":{"_acf_changed":false},"product_brand":[40],"product_cat":[34],"product_tag":[35],"class_list":{"0":"post-386","1":"product","2":"type-product","3":"status-publish","4":"has-post-thumbnail","6":"product_brand-beeline","7":"product_cat-navigacija-ritenbrauksanai","8":"product_tag-navigacija","10":"first","11":"instock","12":"taxable","13":"shipping-taxable","14":"purchasable","15":"product-type-simple"},"acf":[],"_links":{"self":[{"href":"https:\/\/waway.eu\/lt\/wp-json\/wp\/v2\/product\/386","targetHints":{"allow":["GET"]}}],"collection":[{"href":"https:\/\/waway.eu\/lt\/wp-json\/wp\/v2\/product"}],"about":[{"href":"https:\/\/waway.eu\/lt\/wp-json\/wp\/v2\/types\/product"}],"wp:featuredmedia":[{"embeddable":true,"href":"https:\/\/waway.eu\/lt\/wp-json\/wp\/v2\/media\/1340"}],"wp:attachment":[{"href":"https:\/\/waway.eu\/lt\/wp-json\/wp\/v2\/media?parent=386"}],"wp:term":[{"taxonomy":"product_brand","embeddable":true,"href":"https:\/\/waway.eu\/lt\/wp-json\/wp\/v2\/product_brand?post=386"},{"taxonomy":"product_cat","embeddable":true,"href":"https:\/\/waway.eu\/lt\/wp-json\/wp\/v2\/product_cat?post=386"},{"taxonomy":"product_tag","embeddable":true,"href":"https:\/\/waway.eu\/lt\/wp-json\/wp\/v2\/product_tag?post=386"}],"curies":[{"name":"wp","href":"https:\/\/api.w.org\/{rel}","templated":true}]}}