{"id":390,"date":"2024-05-26T13:14:33","date_gmt":"2024-05-26T10:14:33","guid":{"rendered":"http:\/\/beeadmin"},"modified":"2026-05-11T16:23:57","modified_gmt":"2026-05-11T13:23:57","slug":"beeline-velo-2-universals-stiprinajums","status":"publish","type":"product","link":"https:\/\/waway.eu\/lt\/produkti\/beeline-velo-2-universals-stiprinajums\/","title":{"rendered":"Beeline Velo 2 universalus laikiklis"},"content":{"rendered":"","protected":false},"excerpt":{"rendered":"<p>\u0160\u012f paprast\u0105, \u017eemo profilio ir lengv\u0105 laikikl\u012f galima pritvirtinti prie beveik bet kokios vairo, nepaisant formos ar dyd\u017eio.<\/p>\n<p>Pridedamos elastin\u0117s juostos tinka daugumai, ta\u010diau jei turite ypa\u010d didel\u0119 ar ma\u017e\u0105 vair\u0105, galima naudoti ir kit\u0173 dyd\u017ei\u0173 juostas, kurios yra pla\u010diai prieinamos.<\/p>\n<p>Turi silikonin\u0117s gumos apsaugin\u012f pagrind\u0105, kuris padeda suimti ir i\u0161laikyti puikios b\u016bkl\u0117s strypus.<\/p>","protected":false},"featured_media":391,"template":"","meta":{"_acf_changed":false},"product_brand":[40],"product_cat":[34],"product_tag":[],"class_list":{"0":"post-390","1":"product","2":"type-product","3":"status-publish","4":"has-post-thumbnail","6":"product_brand-beeline","7":"product_cat-navigacija-ritenbrauksanai","9":"first","10":"instock","11":"taxable","12":"shipping-taxable","13":"purchasable","14":"product-type-simple"},"acf":[],"_links":{"self":[{"href":"https:\/\/waway.eu\/lt\/wp-json\/wp\/v2\/product\/390","targetHints":{"allow":["GET"]}}],"collection":[{"href":"https:\/\/waway.eu\/lt\/wp-json\/wp\/v2\/product"}],"about":[{"href":"https:\/\/waway.eu\/lt\/wp-json\/wp\/v2\/types\/product"}],"wp:featuredmedia":[{"embeddable":true,"href":"https:\/\/waway.eu\/lt\/wp-json\/wp\/v2\/media\/391"}],"wp:attachment":[{"href":"https:\/\/waway.eu\/lt\/wp-json\/wp\/v2\/media?parent=390"}],"wp:term":[{"taxonomy":"product_brand","embeddable":true,"href":"https:\/\/waway.eu\/lt\/wp-json\/wp\/v2\/product_brand?post=390"},{"taxonomy":"product_cat","embeddable":true,"href":"https:\/\/waway.eu\/lt\/wp-json\/wp\/v2\/product_cat?post=390"},{"taxonomy":"product_tag","embeddable":true,"href":"https:\/\/waway.eu\/lt\/wp-json\/wp\/v2\/product_tag?post=390"}],"curies":[{"name":"wp","href":"https:\/\/api.w.org\/{rel}","templated":true}]}}