{"id":394,"date":"2024-05-26T13:14:35","date_gmt":"2024-05-26T10:14:35","guid":{"rendered":"http:\/\/beeadmin"},"modified":"2026-05-11T16:23:08","modified_gmt":"2026-05-11T13:23:08","slug":"beeline-velo-2-kata-stiprinajums","status":"publish","type":"product","link":"https:\/\/waway.eu\/lt\/produkti\/beeline-velo-2-kata-stiprinajums\/","title":{"rendered":"Beeline Velo 2 stiebo laikiklis"},"content":{"rendered":"","protected":false},"excerpt":{"rendered":"<p>Skland\u017eiai sujunkite savo Velo 2 su dvira\u010diu. Tiesiog pakeiskite koto dangtel\u012f \u0161iuo adapteriu ir pirmyn.<\/p>\n<p>Suderinamas su visais standartiniais 1 ir 1\/8&quot; ausini\u0173 vir\u0161utiniais dangteliais, skirtais pakeisti \u012fprast\u0173 besriegi\u0173 ausini\u0173 koto dangtel\u012f*<\/p>\n<p>Kas \u012ftraukta:<br \/>\n\u2022 Stiebo dangtelio pagrindas<br \/>\n\u2022 Koto dangtelis var\u017etas<br \/>\n\u2022 Navigacijos laikiklis<\/p>","protected":false},"featured_media":1359,"template":"","meta":{"_acf_changed":false},"product_brand":[40],"product_cat":[34],"product_tag":[],"class_list":{"0":"post-394","1":"product","2":"type-product","3":"status-publish","4":"has-post-thumbnail","6":"product_brand-beeline","7":"product_cat-navigacija-ritenbrauksanai","9":"first","10":"instock","11":"taxable","12":"shipping-taxable","13":"purchasable","14":"product-type-simple"},"acf":[],"_links":{"self":[{"href":"https:\/\/waway.eu\/lt\/wp-json\/wp\/v2\/product\/394","targetHints":{"allow":["GET"]}}],"collection":[{"href":"https:\/\/waway.eu\/lt\/wp-json\/wp\/v2\/product"}],"about":[{"href":"https:\/\/waway.eu\/lt\/wp-json\/wp\/v2\/types\/product"}],"wp:featuredmedia":[{"embeddable":true,"href":"https:\/\/waway.eu\/lt\/wp-json\/wp\/v2\/media\/1359"}],"wp:attachment":[{"href":"https:\/\/waway.eu\/lt\/wp-json\/wp\/v2\/media?parent=394"}],"wp:term":[{"taxonomy":"product_brand","embeddable":true,"href":"https:\/\/waway.eu\/lt\/wp-json\/wp\/v2\/product_brand?post=394"},{"taxonomy":"product_cat","embeddable":true,"href":"https:\/\/waway.eu\/lt\/wp-json\/wp\/v2\/product_cat?post=394"},{"taxonomy":"product_tag","embeddable":true,"href":"https:\/\/waway.eu\/lt\/wp-json\/wp\/v2\/product_tag?post=394"}],"curies":[{"name":"wp","href":"https:\/\/api.w.org\/{rel}","templated":true}]}}