{"id":611,"date":"2024-05-30T09:39:08","date_gmt":"2024-05-30T06:39:08","guid":{"rendered":"https:\/\/waway.eu\/?post_type=product&#038;p=611"},"modified":"2026-05-11T22:20:52","modified_gmt":"2026-05-11T19:20:52","slug":"beeline-moto-2-navigacija","status":"publish","type":"product","link":"https:\/\/waway.eu\/lt\/produkti\/beeline-moto-2-navigacija\/","title":{"rendered":"Beeline Moto 2 navigacija"},"content":{"rendered":"","protected":false},"excerpt":{"rendered":"<p><strong>Naujos kartos navigacijos \u012frenginys motociklams.<\/strong><\/p>\n<p>Patikimas partneris kelyje, siekiantis s\u0117kmingai pasiekti pasirinkt\u0105 tiksl\u0105, rodantis tiksl\u0173 kelion\u0117s greit\u012f kartu su i\u0161samia navigacija ir i\u0161samia kelioni\u0173 statistika.<\/p>\n<p>Atsparus vandeniui ir sm\u016bgiams su 14 valand\u0173 akumuliatoriaus veikimo trukme Moto 2 yra ne tik puikus palydovas bet kokiam va\u017eiavimui d\u0117l savo technini\u0173 savybi\u0173, bet ir esteti\u0161kai lengvai integruojamas \u012f vis\u0173 tip\u0173 motociklus.<\/p>\n<p><strong>Pilna komplektacija:<\/strong><\/p>\n<ul>\n<li>Beeline Moto 2 navigacijos \u012frenginys<\/li>\n<li>USB-C \u012fkrovimo laidas<\/li>\n<li>Universalus, lankstus dir\u017eelio tvirtinimas<\/li>\n<li>Naudojimo instrukcijos<\/li>\n<\/ul>\n<p><strong><br \/>\nPapildomos parinktys:<\/strong><\/p>\n<ul>\n<li>\u012esp\u0117jimai apie grei\u010dio apribojim\u0105 (jei yra)<\/li>\n<li>Kelion\u0117s steb\u0117jimo ir dalijimosi parinktys<\/li>\n<li>GPX mar\u0161ruto importas\/eksportas<\/li>\n<li>Palaiko 8 pasaulio motociklinink\u0173 kalbas<\/li>\n<li>Linksmos ir greitos mar\u0161ruto planavimo galimyb\u0117s<\/li>\n<li>Pos\u016bki\u0173 \u012fsp\u0117jimai \u2013 LED ir \u012frenginio garsiakalbis<\/li>\n<\/ul>\n<p><strong>NB!<\/strong> Norint, kad \u201eBeeline Moto 2\u201c \/ \u201eMoto 2 Metal\u201c veikt\u0173, reikalingas i\u0161manusis telefonas ir \u201eBluetooth\u201c ry\u0161ys.<\/p>","protected":false},"featured_media":615,"template":"","meta":{"_acf_changed":false},"product_brand":[40],"product_cat":[33],"product_tag":[37,43,35],"class_list":{"0":"post-611","1":"product","2":"type-product","3":"status-publish","4":"has-post-thumbnail","6":"product_brand-beeline","7":"product_cat-motociklu-navigacija","8":"product_tag-moto-2","9":"product_tag-nav-new","10":"product_tag-navigacija","12":"first","13":"instock","14":"taxable","15":"shipping-taxable","16":"purchasable","17":"product-type-variable","18":"has-default-attributes"},"acf":[],"_links":{"self":[{"href":"https:\/\/waway.eu\/lt\/wp-json\/wp\/v2\/product\/611","targetHints":{"allow":["GET"]}}],"collection":[{"href":"https:\/\/waway.eu\/lt\/wp-json\/wp\/v2\/product"}],"about":[{"href":"https:\/\/waway.eu\/lt\/wp-json\/wp\/v2\/types\/product"}],"wp:featuredmedia":[{"embeddable":true,"href":"https:\/\/waway.eu\/lt\/wp-json\/wp\/v2\/media\/615"}],"wp:attachment":[{"href":"https:\/\/waway.eu\/lt\/wp-json\/wp\/v2\/media?parent=611"}],"wp:term":[{"taxonomy":"product_brand","embeddable":true,"href":"https:\/\/waway.eu\/lt\/wp-json\/wp\/v2\/product_brand?post=611"},{"taxonomy":"product_cat","embeddable":true,"href":"https:\/\/waway.eu\/lt\/wp-json\/wp\/v2\/product_cat?post=611"},{"taxonomy":"product_tag","embeddable":true,"href":"https:\/\/waway.eu\/lt\/wp-json\/wp\/v2\/product_tag?post=611"}],"curies":[{"name":"wp","href":"https:\/\/api.w.org\/{rel}","templated":true}]}}