{"id":656,"date":"2024-05-30T10:36:03","date_gmt":"2024-05-30T07:36:03","guid":{"rendered":"https:\/\/waway.eu\/?post_type=product&#038;p=656"},"modified":"2026-05-12T13:10:29","modified_gmt":"2026-05-12T10:10:29","slug":"moto-2-spogula-un-skersstiena-stiprinajums","status":"publish","type":"product","link":"https:\/\/waway.eu\/lt\/produkti\/moto-2-spogula-un-skersstiena-stiprinajums\/","title":{"rendered":"Moto 2 veidrod\u017eio ir skersinio laikiklis"},"content":{"rendered":"","protected":false},"excerpt":{"rendered":"<p>\u0160is juodai anoduoto metalo laikiklis puikiai tinka veidrod\u017eio kotams ar skersiniams. Galite pasukti spaustuko, tvirtinimo galvut\u0117s ir tvirtinimo \u012fd\u0117klo pad\u0117tis, kad rastum\u0117te geriausi\u0105 savo Moto 2 pad\u0117t\u012f.<\/p>\n<p><strong>Kas \u012ftraukta:<\/strong><\/p>\n<p>Metalinis veidrod\u017eio ir skersinio tvirtinimas<br \/>\nTarpikliai \u0161iems stryp\u0173 skersmenims:<br \/>\n10 mm<br \/>\n12 mm<br \/>\n14 mm<br \/>\n16 mm<\/p>\n<p><strong>Pastabos:<\/strong><\/p>\n<p>\u0160is naujas veidrodinio laikiklio dizainas yra paprastesnis, lengvesnis m\u016bs\u0173 originalaus dizaino sprendimas, naudojant pasukam\u0173 spaustuk\u0173 dizain\u0105, pana\u0161\u0173 \u012f nauj\u0105 strypo apkabos laikikl\u012f.<\/p>\n<p>Vyri\u0173 spaustukas ir vientisa tarpiklio konstrukcija palengvina montavim\u0105 ir suma\u017eina dali\u0173 skai\u010di\u0173.<br \/>\nPagrindinis spaustuko var\u017etas yra pasl\u0117ptas po tvirtinimo \u012fd\u0117klu, tod\u0117l atrodo \u0161varesnis ir plonesnis.<br \/>\nDidesni ir ilgesni var\u017et\u0173 sriegiai, padedantys i\u0161vengti tvirtinimo detali\u0173 atsipalaidavimo ir var\u017et\u0173 suapvalinimo.<br \/>\nNu\u0117mus spaustuk\u0105 nuo tvirtinimo var\u017eto, naudotojams lengviau i\u0161ardyti ir pakeisti dalis. Yra silikonin\u0117 dalis, kuri i\u0161montavimo metu laiko nauj\u0105 slankiojan\u010di\u0105 fiksavimo ver\u017el\u0119.<br \/>\nLengviau reguliuoti, su keliomis pozicijomis (dabar tinkamai veikia ant kairiojo \u0161oninio veidrod\u0117lio kot\u0173).<br \/>\nLaikiklis skirtas montuoti ant apskrito profilio galinio vaizdo veidrod\u017ei\u0173, o komplekte esantys tarpikliai leid\u017eia j\u012f montuoti ant da\u017eniausiai naudojam\u0173 skersmen\u0173. Jis taip pat gali b\u016bti montuojamas ant plon\u0173 pried\u0173 stryp\u0173 ir skersini\u0173 stryp\u0173, da\u017eniausiai sutinkam\u0173 nuotyki\u0173 ir kroso dvira\u010diuose.<\/p>","protected":false},"featured_media":657,"template":"","meta":{"_acf_changed":false},"product_brand":[40],"product_cat":[33],"product_tag":[37],"class_list":{"0":"post-656","1":"product","2":"type-product","3":"status-publish","4":"has-post-thumbnail","6":"product_brand-beeline","7":"product_cat-motociklu-navigacija","8":"product_tag-moto-2","10":"first","11":"instock","12":"taxable","13":"shipping-taxable","14":"purchasable","15":"product-type-simple"},"acf":[],"_links":{"self":[{"href":"https:\/\/waway.eu\/lt\/wp-json\/wp\/v2\/product\/656","targetHints":{"allow":["GET"]}}],"collection":[{"href":"https:\/\/waway.eu\/lt\/wp-json\/wp\/v2\/product"}],"about":[{"href":"https:\/\/waway.eu\/lt\/wp-json\/wp\/v2\/types\/product"}],"wp:featuredmedia":[{"embeddable":true,"href":"https:\/\/waway.eu\/lt\/wp-json\/wp\/v2\/media\/657"}],"wp:attachment":[{"href":"https:\/\/waway.eu\/lt\/wp-json\/wp\/v2\/media?parent=656"}],"wp:term":[{"taxonomy":"product_brand","embeddable":true,"href":"https:\/\/waway.eu\/lt\/wp-json\/wp\/v2\/product_brand?post=656"},{"taxonomy":"product_cat","embeddable":true,"href":"https:\/\/waway.eu\/lt\/wp-json\/wp\/v2\/product_cat?post=656"},{"taxonomy":"product_tag","embeddable":true,"href":"https:\/\/waway.eu\/lt\/wp-json\/wp\/v2\/product_tag?post=656"}],"curies":[{"name":"wp","href":"https:\/\/api.w.org\/{rel}","templated":true}]}}