{"id":666,"date":"2024-05-30T10:46:48","date_gmt":"2024-05-30T07:46:48","guid":{"rendered":"https:\/\/waway.eu\/?post_type=product&#038;p=666"},"modified":"2026-05-11T15:52:13","modified_gmt":"2026-05-11T12:52:13","slug":"moto-2-stures-stiena-stiprinajums","status":"publish","type":"product","link":"https:\/\/waway.eu\/lt\/produkti\/moto-2-stures-stiena-stiprinajums\/","title":{"rendered":"Moto 2 vairo laikiklis"},"content":{"rendered":"","protected":false},"excerpt":{"rendered":"<p>Paprastas ir stilingas \u0161is juodai anoduotas vairo laikiklis puikiai tinka motociklams, kuri\u0173 vairo skersmuo yra standartinis. Montavimo \u012fd\u0117kl\u0105 galima pasukti \u012f skirtingas pad\u0117tis.<\/p>\n<p><strong>Kas \u012ftraukta:<\/strong><\/p>\n<ul>\n<li>Metalinio strypo spaustuko tvirtinimas<\/li>\n<li>Tarpikliai \u0161iems stryp\u0173 skersmenims:\n<ul>\n<li>22,2 mm<\/li>\n<li>25,4 mm<\/li>\n<li>28,6 mm<\/li>\n<li>31,8 mm<\/li>\n<\/ul>\n<\/li>\n<\/ul>\n<p><strong>Pastabos:<\/strong><\/p>\n<p>Originalus Beeline Moto vairo laikiklis yra m\u016bs\u0173 geriausiai parduodamas laikiklis. Vartotojams patinka jo i\u0161vaizda ir ilgaam\u017ei\u0161kumas, ta\u010diau \u0161ios naujos versijos dizain\u0105 patobulinome \u0161iais b\u016bdais:<\/p>\n<ul>\n<li>Atlenkiamas spaustukas ir vientisa, firmin\u0117 tarpiklio konstrukcija palengvina montavim\u0105 ir suma\u017eina dali\u0173 skai\u010di\u0173.<\/li>\n<li>Pagrindinis spaustuko var\u017etas yra pasl\u0117ptas po tvirtinimo \u012fd\u0117klu, tod\u0117l atrodo \u0161varesnis ir plonesnis.<\/li>\n<li>Didesni ir ilgesni var\u017et\u0173 sriegiai, padedantys i\u0161vengti tvirtinimo detali\u0173 atsipalaidavimo ir var\u017et\u0173 suapvalinimo.<\/li>\n<li>Laikiklis skirtas montuoti ant motociklo vairo, o komplekte esantys tarpikliai leid\u017eia j\u012f montuoti ant da\u017eniausiai naudojam\u0173 skersmen\u0173.<\/li>\n<\/ul>","protected":false},"featured_media":676,"template":"","meta":{"_acf_changed":false},"product_brand":[40],"product_cat":[33],"product_tag":[37],"class_list":{"0":"post-666","1":"product","2":"type-product","3":"status-publish","4":"has-post-thumbnail","6":"product_brand-beeline","7":"product_cat-motociklu-navigacija","8":"product_tag-moto-2","10":"first","11":"outofstock","12":"taxable","13":"shipping-taxable","14":"purchasable","15":"product-type-simple"},"acf":[],"_links":{"self":[{"href":"https:\/\/waway.eu\/lt\/wp-json\/wp\/v2\/product\/666","targetHints":{"allow":["GET"]}}],"collection":[{"href":"https:\/\/waway.eu\/lt\/wp-json\/wp\/v2\/product"}],"about":[{"href":"https:\/\/waway.eu\/lt\/wp-json\/wp\/v2\/types\/product"}],"wp:featuredmedia":[{"embeddable":true,"href":"https:\/\/waway.eu\/lt\/wp-json\/wp\/v2\/media\/676"}],"wp:attachment":[{"href":"https:\/\/waway.eu\/lt\/wp-json\/wp\/v2\/media?parent=666"}],"wp:term":[{"taxonomy":"product_brand","embeddable":true,"href":"https:\/\/waway.eu\/lt\/wp-json\/wp\/v2\/product_brand?post=666"},{"taxonomy":"product_cat","embeddable":true,"href":"https:\/\/waway.eu\/lt\/wp-json\/wp\/v2\/product_cat?post=666"},{"taxonomy":"product_tag","embeddable":true,"href":"https:\/\/waway.eu\/lt\/wp-json\/wp\/v2\/product_tag?post=666"}],"curies":[{"name":"wp","href":"https:\/\/api.w.org\/{rel}","templated":true}]}}