{"id":685,"date":"2024-05-30T10:58:55","date_gmt":"2024-05-30T07:58:55","guid":{"rendered":"https:\/\/waway.eu\/?post_type=product&#038;p=685"},"modified":"2026-05-11T16:19:11","modified_gmt":"2026-05-11T13:19:11","slug":"moto-2-ladetaja-stiprinajuma-ieliktnis","status":"publish","type":"product","link":"https:\/\/waway.eu\/lt\/produkti\/moto-2-ladetaja-stiprinajuma-ieliktnis\/","title":{"rendered":"Moto 2 \u012fkroviklio tvirtinimo \u012fd\u0117klas"},"content":{"rendered":"","protected":false},"excerpt":{"rendered":"<p>Niekada nesijaudinkite, kad j\u016bs\u0173 \u201eMoto 2\u201c galios i\u0161seka. \u0160is \u012fkroviklio laikiklio \u012fd\u0117klas leid\u017eia konvertuoti bet kur\u012f suderinam\u0105 laikikl\u012f*, kad b\u016bt\u0173 be vargo \u012fkrauti savo Moto II va\u017eiuojant.<\/p>\n<ul>\n<li>Lengvas montavimas<\/li>\n<li>Jungiamas tiesiai prie 12V dvira\u010dio akumuliatoriaus gnybt\u0173<\/li>\n<li>Reguliuojama orientacija su vir\u0161utiniu arba apatiniu kabelio i\u0161\u0117jimu<\/li>\n<li>Atsparus oro s\u0105lygoms, sandarus dizainas su kei\u010diamu kai\u0161\u010diu<\/li>\n<li>Automatinis maitinimo perjungimas, kad b\u016bt\u0173 i\u0161vengta akumuliatoriaus i\u0161sikrovimo<\/li>\n<\/ul>\n<p><strong>NB! <\/strong>Nesuderinamas su <strong>universalus laikiklis.<\/strong><\/p>\n<p><strong>Kas \u012ftraukta:<\/strong><\/p>\n<ul>\n<li>\u012ekroviklio tvirtinimo \u012fd\u0117klas<\/li>\n<li>Prailginti montavimo \u012fd\u0117klo var\u017etai<\/li>\n<li>2 metr\u0173 12V akumuliatoriaus laidas su gnybtais<\/li>\n<li>2 x plastikiniai atsuktuvai<\/li>\n<\/ul>\n<p>&nbsp;<\/p>\n<p><strong>Pastabos:<\/strong><\/p>\n<p>\u0160is \u012fkroviklio tvirtinimo \u012fd\u0117klas skirtas \u012fkrauti j\u016bs\u0173 Moto 2 va\u017eiuojant. Jis skirtas prijungti prie motociklo akumuliatoriaus per \u017eiedinius gnybtus, kaip \u012fprasta kitiems priedams, pvz., \u0161ildomoms rankenoms, tvirtinamoms prie motocikl\u0173.<\/p>\n<p>Konstrukcija leid\u017eia visus laikiklius (i\u0161skyrus universal\u0173 laikikl\u012f) reguliuoti prie \u012frenginio. Norint sumontuoti, originalus tvirtinimo \u012fd\u0117klas turi b\u016bti nuimtas nuo laikiklio, o tada \u012fki\u0161amas maitinimo \u012fd\u0117klas. \u012ekroviklio tvirtinimo \u012fd\u0117klas tur\u0117s tris skirtingus var\u017etus, tod\u0117l j\u012f bus galima pritvirtinti prie vis\u0173 skirting\u0173 tvirtinimo variant\u0173.<\/p>\n<p>Jis naudoja \u201ePogo\u201c kai\u0161\u010dius, kad \u012fkraut\u0173 \u012frengin\u012f, naudojant kontaktus, esan\u010dius \u012frenginio apa\u010dioje. Yra keletas dizaino ypatybi\u0173, padedan\u010di\u0173 i\u0161vengti korozijos problem\u0173, kurios paprastai gali tur\u0117ti \u012ftakos \u0161io tipo kit\u0173 navigacijos produkt\u0173 \u012fkrovimo laikikliui. Gali atsirasti korozija, nes esant blogam orui tvirtinimo detal\u0117 gali b\u016bti palikta lauke ilg\u0105 laik\u0105.<\/p>\n<p>Maitinimo tvirtinimo \u012fd\u0117kl\u0105 galima montuoti su kabelio i\u0161\u0117jimu vir\u0161uje arba apa\u010dioje. Tai u\u017etikrina \u012frenginyje esantis lygintuvo lustas, leid\u017eiantis kontaktui gauti teigiam\u0105 arba neigiam\u0105 kr\u016bv\u012f.<\/p>","protected":false},"featured_media":686,"template":"","meta":{"_acf_changed":false},"product_brand":[40],"product_cat":[33],"product_tag":[37],"class_list":{"0":"post-685","1":"product","2":"type-product","3":"status-publish","4":"has-post-thumbnail","6":"product_brand-beeline","7":"product_cat-motociklu-navigacija","8":"product_tag-moto-2","10":"first","11":"instock","12":"taxable","13":"shipping-taxable","14":"purchasable","15":"product-type-simple"},"acf":[],"_links":{"self":[{"href":"https:\/\/waway.eu\/lt\/wp-json\/wp\/v2\/product\/685","targetHints":{"allow":["GET"]}}],"collection":[{"href":"https:\/\/waway.eu\/lt\/wp-json\/wp\/v2\/product"}],"about":[{"href":"https:\/\/waway.eu\/lt\/wp-json\/wp\/v2\/types\/product"}],"wp:featuredmedia":[{"embeddable":true,"href":"https:\/\/waway.eu\/lt\/wp-json\/wp\/v2\/media\/686"}],"wp:attachment":[{"href":"https:\/\/waway.eu\/lt\/wp-json\/wp\/v2\/media?parent=685"}],"wp:term":[{"taxonomy":"product_brand","embeddable":true,"href":"https:\/\/waway.eu\/lt\/wp-json\/wp\/v2\/product_brand?post=685"},{"taxonomy":"product_cat","embeddable":true,"href":"https:\/\/waway.eu\/lt\/wp-json\/wp\/v2\/product_cat?post=685"},{"taxonomy":"product_tag","embeddable":true,"href":"https:\/\/waway.eu\/lt\/wp-json\/wp\/v2\/product_tag?post=685"}],"curies":[{"name":"wp","href":"https:\/\/api.w.org\/{rel}","templated":true}]}}