{"id":694,"date":"2024-05-30T11:05:18","date_gmt":"2024-05-30T08:05:18","guid":{"rendered":"https:\/\/waway.eu\/?post_type=product&#038;p=694"},"modified":"2026-05-11T16:19:47","modified_gmt":"2026-05-11T13:19:47","slug":"moto-2-amps-stiprinajums-4-skruvju","status":"publish","type":"product","link":"https:\/\/waway.eu\/lt\/produkti\/moto-2-amps-stiprinajums-4-skruvju\/","title":{"rendered":"Moto 2 AMPS laikiklis \u2013 4 var\u017etai"},"content":{"rendered":"","protected":false},"excerpt":{"rendered":"<p>Pritvirtinkite savo Moto II tiesiai ant standartini\u0173 AMPS navigacijos tvirtinimo plok\u0161\u010di\u0173 arba naudokite j\u012f kurdami savo pasirinktin\u012f laikikl\u012f. Laikikl\u012f galima naudoti su 3M VHB lipnia pad\u0117klu arba var\u017etais, kad b\u016bt\u0173 galima pritvirtinti ant lygaus pavir\u0161iaus (pvz., automobilio prietais\u0173 skydelio).<\/p>\n<p><strong>Kas \u012ftraukta:<\/strong><\/p>\n<p>4 skyli\u0173 AMPS laikiklis<br \/>\n3M VHB lipni juosta (neprivaloma montuoti)<\/p>\n<p><strong>Pastabos:<\/strong><\/p>\n<p>Laikiklis su didelio pavir\u0161iaus pagrindu su integruota tvirtinimo \u012fd\u0117klo ertme. Var\u017etams naudojamas \u201eAMPS\u201c standartinis 4 skyli\u0173 ra\u0161tas arba gali b\u016bti naudojamas su 3M VHB lipniu padu. Ypa\u010d naudinga naudotojams, turintiems nuotyki\u0173 dvira\u010dius su AMPS tvirtinimo kron\u0161teinais, \u017emon\u0117ms, montuojantiems automobilius ar kuriantiems individualius tvirtinimo sprendimus.<\/p>","protected":false},"featured_media":695,"template":"","meta":{"_acf_changed":false},"product_brand":[40],"product_cat":[33],"product_tag":[37],"class_list":{"0":"post-694","1":"product","2":"type-product","3":"status-publish","4":"has-post-thumbnail","6":"product_brand-beeline","7":"product_cat-motociklu-navigacija","8":"product_tag-moto-2","10":"first","11":"instock","12":"taxable","13":"shipping-taxable","14":"purchasable","15":"product-type-simple"},"acf":[],"_links":{"self":[{"href":"https:\/\/waway.eu\/lt\/wp-json\/wp\/v2\/product\/694","targetHints":{"allow":["GET"]}}],"collection":[{"href":"https:\/\/waway.eu\/lt\/wp-json\/wp\/v2\/product"}],"about":[{"href":"https:\/\/waway.eu\/lt\/wp-json\/wp\/v2\/types\/product"}],"wp:featuredmedia":[{"embeddable":true,"href":"https:\/\/waway.eu\/lt\/wp-json\/wp\/v2\/media\/695"}],"wp:attachment":[{"href":"https:\/\/waway.eu\/lt\/wp-json\/wp\/v2\/media?parent=694"}],"wp:term":[{"taxonomy":"product_brand","embeddable":true,"href":"https:\/\/waway.eu\/lt\/wp-json\/wp\/v2\/product_brand?post=694"},{"taxonomy":"product_cat","embeddable":true,"href":"https:\/\/waway.eu\/lt\/wp-json\/wp\/v2\/product_cat?post=694"},{"taxonomy":"product_tag","embeddable":true,"href":"https:\/\/waway.eu\/lt\/wp-json\/wp\/v2\/product_tag?post=694"}],"curies":[{"name":"wp","href":"https:\/\/api.w.org\/{rel}","templated":true}]}}