{"id":700,"date":"2024-05-30T11:09:12","date_gmt":"2024-05-30T08:09:12","guid":{"rendered":"https:\/\/waway.eu\/?post_type=product&#038;p=700"},"modified":"2026-04-13T13:36:01","modified_gmt":"2026-04-13T10:36:01","slug":"moto-2-ieliktnis-moto-stiprinajumiem","status":"publish","type":"product","link":"https:\/\/waway.eu\/lt\/produkti\/moto-2-ieliktnis-moto-stiprinajumiem\/","title":{"rendered":"Moto 2 \u012fd\u0117klas Moto laikikliams"},"content":{"rendered":"","protected":false},"excerpt":{"rendered":"<p>Paverskite auk\u0161\u010diausios kokyb\u0117s laikiklius, skirtus originaliems \u201eBeeline Moto\u201c \u012frenginiams, kad jie veikt\u0173 su \u201eMoto II\u201c \u012frenginiais. Atkreipkite d\u0117mes\u012f, kad jame yra keturios tvirtinimo \u201esparno\u201c \u012f\u0117jimo ertm\u0117s, o ne dvi senesnio laikiklio konstrukcijose.<\/p>\n<p><strong>Kas \u012ftraukta:<\/strong><\/p>\n<p>Moto II prie originalaus Beeline Moto Mount adapterio \u012fd\u0117klo<\/p>\n<p><strong>Pastabos:<\/strong><\/p>\n<p>\u0160is tvirtinimo \u012fd\u0117klas leid\u017eia \u201eMoto II\u201c (ir \u201eVelo 2\u201c) naudoti su originaliais \u201eBeeline Moto\u201c laikikliais (atkreipkite d\u0117mes\u012f \u012f \u012fd\u0117klo \u0161one esant\u012f ma\u017e\u0105 apskrit\u0105 lokatoriaus \u201ed\u0117mel\u0119\u201c, kurios Moto II stiliaus tvirtinimo \u012fd\u0117klai neturi). Su nauju \u012fd\u0117klu reikia naudoti t\u0105 pat\u012f var\u017et\u0105, kuris buvo su laikikliu.<\/p>","protected":false},"featured_media":701,"template":"","meta":{"_acf_changed":false},"product_brand":[40],"product_cat":[33],"product_tag":[37],"class_list":{"0":"post-700","1":"product","2":"type-product","3":"status-publish","4":"has-post-thumbnail","6":"product_brand-beeline","7":"product_cat-motociklu-navigacija","8":"product_tag-moto-2","10":"first","11":"instock","12":"taxable","13":"shipping-taxable","14":"purchasable","15":"product-type-simple"},"acf":[],"_links":{"self":[{"href":"https:\/\/waway.eu\/lt\/wp-json\/wp\/v2\/product\/700","targetHints":{"allow":["GET"]}}],"collection":[{"href":"https:\/\/waway.eu\/lt\/wp-json\/wp\/v2\/product"}],"about":[{"href":"https:\/\/waway.eu\/lt\/wp-json\/wp\/v2\/types\/product"}],"wp:featuredmedia":[{"embeddable":true,"href":"https:\/\/waway.eu\/lt\/wp-json\/wp\/v2\/media\/701"}],"wp:attachment":[{"href":"https:\/\/waway.eu\/lt\/wp-json\/wp\/v2\/media?parent=700"}],"wp:term":[{"taxonomy":"product_brand","embeddable":true,"href":"https:\/\/waway.eu\/lt\/wp-json\/wp\/v2\/product_brand?post=700"},{"taxonomy":"product_cat","embeddable":true,"href":"https:\/\/waway.eu\/lt\/wp-json\/wp\/v2\/product_cat?post=700"},{"taxonomy":"product_tag","embeddable":true,"href":"https:\/\/waway.eu\/lt\/wp-json\/wp\/v2\/product_tag?post=700"}],"curies":[{"name":"wp","href":"https:\/\/api.w.org\/{rel}","templated":true}]}}